{"id":18610,"date":"2017-02-11T10:33:44","date_gmt":"2017-02-11T10:33:44","guid":{"rendered":"https:\/\/tacse.es\/tunnels\/"},"modified":"2024-04-23T09:20:23","modified_gmt":"2024-04-23T09:20:23","slug":"tunnels","status":"publish","type":"page","link":"https:\/\/tacse.es\/en\/sectors\/tunnels\/","title":{"rendered":"Tunnels"},"content":{"rendered":"\t\t<div data-elementor-type=\"wp-page\" data-elementor-id=\"18610\" class=\"elementor elementor-18610 elementor-12148\">\n\t\t\t\t<div class=\"elementor-element elementor-element-49729430 e-con-full e-flex e-con e-parent\" data-id=\"49729430\" data-element_type=\"container\" data-e-type=\"container\" data-settings=\"{&quot;background_background&quot;:&quot;classic&quot;}\">\n\t\t<div class=\"elementor-element elementor-element-5b05febb e-con-full e-flex e-con e-child\" data-id=\"5b05febb\" data-element_type=\"container\" data-e-type=\"container\">\n\t\t\t\t<div class=\"elementor-element elementor-element-51c1afdc elementor-widget elementor-widget-heading\" data-id=\"51c1afdc\" data-element_type=\"widget\" data-e-type=\"widget\" data-widget_type=\"heading.default\">\n\t\t\t\t<div class=\"elementor-widget-container\">\n\t\t\t\t\t<h1 class=\"elementor-heading-title elementor-size-default\">TUNNELS<\/h1>\t\t\t\t<\/div>\n\t\t\t\t<\/div>\n\t\t\t\t<div class=\"elementor-element elementor-element-1e2eb7c elementor-widget elementor-widget-text-editor\" data-id=\"1e2eb7c\" data-element_type=\"widget\" data-e-type=\"widget\" data-widget_type=\"text-editor.default\">\n\t\t\t\t<div class=\"elementor-widget-container\">\n\t\t\t\t\t\t\t\t\t<p>Tunnels are sections of roadways that, due to their particular construction conditions, require special safety measures.<\/p>\n\t\t\t\t\t\t\t\t<\/div>\n\t\t\t\t<\/div>\n\t\t\t\t<div class=\"elementor-element elementor-element-8dd3938 elementor-mobile-align-center elementor-widget elementor-widget-button\" data-id=\"8dd3938\" data-element_type=\"widget\" data-e-type=\"widget\" data-widget_type=\"button.default\">\n\t\t\t\t<div class=\"elementor-widget-container\">\n\t\t\t\t\t\t\t\t\t<div class=\"elementor-button-wrapper\">\n\t\t\t\t\t<a class=\"elementor-button elementor-button-link elementor-size-sm\" href=\"#\">\n\t\t\t\t\t\t<span class=\"elementor-button-content-wrapper\">\n\t\t\t\t\t\t\t\t\t<span class=\"elementor-button-text\">PRODUCTS<\/span>\n\t\t\t\t\t<\/span>\n\t\t\t\t\t<\/a>\n\t\t\t\t<\/div>\n\t\t\t\t\t\t\t\t<\/div>\n\t\t\t\t<\/div>\n\t\t\t\t<\/div>\n\t\t<div class=\"elementor-element elementor-element-12568cf4 e-con-full e-flex e-con e-child\" data-id=\"12568cf4\" data-element_type=\"container\" data-e-type=\"container\">\n\t\t\t\t<div class=\"elementor-element elementor-element-4104c390 elementor-widget elementor-widget-image\" data-id=\"4104c390\" data-element_type=\"widget\" data-e-type=\"widget\" data-widget_type=\"image.default\">\n\t\t\t\t<div class=\"elementor-widget-container\">\n\t\t\t\t\t\t\t\t\t\t\t\t\t\t\t<img fetchpriority=\"high\" decoding=\"async\" width=\"1024\" height=\"683\" src=\"https:\/\/tacse.es\/wp-content\/uploads\/2023\/02\/Tunel-1-1024x683.jpg\" class=\"attachment-large size-large wp-image-17962\" alt=\"\" srcset=\"https:\/\/tacse.es\/wp-content\/uploads\/2023\/02\/Tunel-1-1024x683.jpg 1024w, https:\/\/tacse.es\/wp-content\/uploads\/2023\/02\/Tunel-1-scaled-800x533.jpg 800w, https:\/\/tacse.es\/wp-content\/uploads\/2023\/02\/Tunel-1-300x200.jpg 300w, https:\/\/tacse.es\/wp-content\/uploads\/2023\/02\/Tunel-1-768x512.jpg 768w, https:\/\/tacse.es\/wp-content\/uploads\/2023\/02\/Tunel-1-1536x1024.jpg 1536w, https:\/\/tacse.es\/wp-content\/uploads\/2023\/02\/Tunel-1-2048x1365.jpg 2048w, https:\/\/tacse.es\/wp-content\/uploads\/2023\/02\/Tunel-1-120x80.jpg 120w, https:\/\/tacse.es\/wp-content\/uploads\/2023\/02\/Tunel-1-500x333.jpg 500w, https:\/\/tacse.es\/wp-content\/uploads\/2023\/02\/Tunel-1-700x467.jpg 700w\" sizes=\"(max-width:767px) 480px, (max-width:1024px) 100vw, 1024px\" \/>\t\t\t\t\t\t\t\t\t\t\t\t\t\t\t<\/div>\n\t\t\t\t<\/div>\n\t\t\t\t<\/div>\n\t\t\t\t<\/div>\n\t\t<div class=\"elementor-element elementor-element-2f972438 e-flex e-con-boxed e-con e-parent\" data-id=\"2f972438\" data-element_type=\"container\" data-e-type=\"container\" data-settings=\"{&quot;background_background&quot;:&quot;classic&quot;}\">\n\t\t\t\t\t<div class=\"e-con-inner\">\n\t\t<div class=\"elementor-element elementor-element-126202f9 e-con-full e-flex e-con e-child\" data-id=\"126202f9\" data-element_type=\"container\" data-e-type=\"container\">\n\t\t<div class=\"elementor-element elementor-element-307ce7ec e-con-full e-flex e-con e-child\" data-id=\"307ce7ec\" data-element_type=\"container\" data-e-type=\"container\">\n\t\t\t\t<div class=\"elementor-element elementor-element-570708d9 elementor-widget elementor-widget-image\" data-id=\"570708d9\" data-element_type=\"widget\" data-e-type=\"widget\" data-widget_type=\"image.default\">\n\t\t\t\t<div class=\"elementor-widget-container\">\n\t\t\t\t\t\t\t\t\t\t\t\t\t\t\t<img decoding=\"async\" width=\"683\" height=\"600\" src=\"https:\/\/tacse.es\/wp-content\/uploads\/2024\/02\/tunel-c.jpg\" class=\"attachment-large size-large wp-image-18431\" alt=\"\" srcset=\"https:\/\/tacse.es\/wp-content\/uploads\/2024\/02\/tunel-c.jpg 683w, https:\/\/tacse.es\/wp-content\/uploads\/2024\/02\/tunel-c-300x264.jpg 300w, https:\/\/tacse.es\/wp-content\/uploads\/2024\/02\/tunel-c-85x75.jpg 85w, https:\/\/tacse.es\/wp-content\/uploads\/2024\/02\/tunel-c-480x422.jpg 480w\" sizes=\"(max-width:767px) 480px, 683px\" \/>\t\t\t\t\t\t\t\t\t\t\t\t\t\t\t<\/div>\n\t\t\t\t<\/div>\n\t\t\t\t<div class=\"elementor-element elementor-element-77d9606b elementor-widget elementor-widget-image\" data-id=\"77d9606b\" data-element_type=\"widget\" data-e-type=\"widget\" data-widget_type=\"image.default\">\n\t\t\t\t<div class=\"elementor-widget-container\">\n\t\t\t\t\t\t\t\t\t\t\t\t\t\t\t<img decoding=\"async\" width=\"683\" height=\"600\" src=\"https:\/\/tacse.es\/wp-content\/uploads\/2024\/02\/tunes-b.jpg\" class=\"attachment-large size-large wp-image-18430\" alt=\"\" srcset=\"https:\/\/tacse.es\/wp-content\/uploads\/2024\/02\/tunes-b.jpg 683w, https:\/\/tacse.es\/wp-content\/uploads\/2024\/02\/tunes-b-300x264.jpg 300w, https:\/\/tacse.es\/wp-content\/uploads\/2024\/02\/tunes-b-85x75.jpg 85w, https:\/\/tacse.es\/wp-content\/uploads\/2024\/02\/tunes-b-480x422.jpg 480w\" sizes=\"(max-width:767px) 480px, 683px\" \/>\t\t\t\t\t\t\t\t\t\t\t\t\t\t\t<\/div>\n\t\t\t\t<\/div>\n\t\t\t\t<\/div>\n\t\t<div class=\"elementor-element elementor-element-1062dfc9 e-con-full e-flex e-con e-child\" data-id=\"1062dfc9\" data-element_type=\"container\" data-e-type=\"container\">\n\t\t\t\t<div class=\"elementor-element elementor-element-2c208570 elementor-widget elementor-widget-image\" data-id=\"2c208570\" data-element_type=\"widget\" data-e-type=\"widget\" data-widget_type=\"image.default\">\n\t\t\t\t<div class=\"elementor-widget-container\">\n\t\t\t\t\t\t\t\t\t\t\t\t\t\t\t<img loading=\"lazy\" decoding=\"async\" width=\"683\" height=\"600\" src=\"https:\/\/tacse.es\/wp-content\/uploads\/2024\/02\/tunel-a.jpg\" class=\"attachment-large size-large wp-image-18429\" alt=\"\" srcset=\"https:\/\/tacse.es\/wp-content\/uploads\/2024\/02\/tunel-a.jpg 683w, https:\/\/tacse.es\/wp-content\/uploads\/2024\/02\/tunel-a-300x264.jpg 300w, https:\/\/tacse.es\/wp-content\/uploads\/2024\/02\/tunel-a-85x75.jpg 85w, https:\/\/tacse.es\/wp-content\/uploads\/2024\/02\/tunel-a-480x422.jpg 480w\" sizes=\"(max-width:767px) 480px, 683px\" \/>\t\t\t\t\t\t\t\t\t\t\t\t\t\t\t<\/div>\n\t\t\t\t<\/div>\n\t\t\t\t<div class=\"elementor-element elementor-element-4193e0f elementor-widget elementor-widget-image\" data-id=\"4193e0f\" data-element_type=\"widget\" data-e-type=\"widget\" data-widget_type=\"image.default\">\n\t\t\t\t<div class=\"elementor-widget-container\">\n\t\t\t\t\t\t\t\t\t\t\t\t\t\t\t<img loading=\"lazy\" decoding=\"async\" width=\"683\" height=\"600\" src=\"https:\/\/tacse.es\/wp-content\/uploads\/2024\/02\/tunel-d.jpg\" class=\"attachment-large size-large wp-image-18432\" alt=\"\" srcset=\"https:\/\/tacse.es\/wp-content\/uploads\/2024\/02\/tunel-d.jpg 683w, https:\/\/tacse.es\/wp-content\/uploads\/2024\/02\/tunel-d-300x264.jpg 300w, https:\/\/tacse.es\/wp-content\/uploads\/2024\/02\/tunel-d-85x75.jpg 85w, https:\/\/tacse.es\/wp-content\/uploads\/2024\/02\/tunel-d-480x422.jpg 480w\" sizes=\"(max-width:767px) 480px, 683px\" \/>\t\t\t\t\t\t\t\t\t\t\t\t\t\t\t<\/div>\n\t\t\t\t<\/div>\n\t\t\t\t<\/div>\n\t\t\t\t<\/div>\n\t\t<div class=\"elementor-element elementor-element-6ab6f199 e-con-full e-flex e-con e-child\" data-id=\"6ab6f199\" data-element_type=\"container\" data-e-type=\"container\">\n\t\t\t\t<div class=\"elementor-element elementor-element-63dfc230 elementor-widget elementor-widget-text-editor\" data-id=\"63dfc230\" data-element_type=\"widget\" data-e-type=\"widget\" data-widget_type=\"text-editor.default\">\n\t\t\t\t<div class=\"elementor-widget-container\">\n\t\t\t\t\t\t\t\t\t<p>This is where illuminated signs (traffic lights and variable message signs) are essential, as they inform drivers of road conditions, signal the direction of reversible lanes and indicate variable speed limits within the tunnel.<\/p>\n\t\t\t\t\t\t\t\t<\/div>\n\t\t\t\t<\/div>\n\t\t\t\t<\/div>\n\t\t\t\t\t<\/div>\n\t\t\t\t<\/div>\n\t\t<div class=\"elementor-element elementor-element-17b3def e-flex e-con-boxed e-con e-parent\" data-id=\"17b3def\" data-element_type=\"container\" data-e-type=\"container\">\n\t\t\t\t\t<div class=\"e-con-inner\">\n\t\t\t\t<div class=\"elementor-element elementor-element-5b24531 elementor-widget elementor-widget-slider_revolution\" data-id=\"5b24531\" data-element_type=\"widget\" data-e-type=\"widget\" data-widget_type=\"slider_revolution.default\">\n\t\t\t\t<div class=\"elementor-widget-container\">\n\t\t\t\t\t\n\t\t<div class=\"wp-block-themepunch-revslider\">\n\t\t\t<!-- START DIVISIONS REVOLUTION SLIDER 6.7.31 --><p class=\"rs-p-wp-fix\"><\/p>\n\t\t\t<rs-module-wrap id=\"rev_slider_39_1_wrapper\" data-source=\"gallery\" style=\"visibility:hidden;background:transparent;padding:0;margin:0px auto;margin-top:0;margin-bottom:0;\">\n\t\t\t\t<rs-module id=\"rev_slider_39_1\" style=\"\" data-version=\"6.7.31\">\n\t\t\t\t\t<rs-slides style=\"overflow: hidden; position: absolute;\">\n\t\t\t\t\t\t<rs-slide style=\"position: absolute;\" data-key=\"rs-71\" data-title=\"Slide\" data-in=\"o:0;\" data-out=\"a:false;\">\n\t\t\t\t\t\t\t<img decoding=\"async\" src=\"\/\/tacse.es\/wp-content\/plugins\/revslider\/sr6\/assets\/assets\/dummy.png\" alt=\"Slide\" title=\"Tunnels\" class=\"rev-slidebg tp-rs-img rs-lazyload\" data-lazyload=\"\/\/tacse.es\/wp-content\/plugins\/revslider\/sr6\/assets\/assets\/transparent.png\" data-no-retina>\n<!--\n\t\t\t\t\t\t\t--><a\n\t\t\t\t\t\t\t\tid=\"slider-39-slide-71-layer-0\" \n\t\t\t\t\t\t\t\tclass=\"rs-layer rev-btn\"\n\t\t\t\t\t\t\t\thref=\"https:\/\/tacse.es\/en\/sectors\/urban-traffic\/\" target=\"_self\"\n\t\t\t\t\t\t\t\tdata-type=\"button\"\n\t\t\t\t\t\t\t\tdata-color=\"#008c5f\"\n\t\t\t\t\t\t\t\tdata-rsp_ch=\"on\"\n\t\t\t\t\t\t\t\tdata-xy=\"xo:190px,190px,190px,100px;yo:36px,36px,36px,31px;\"\n\t\t\t\t\t\t\t\tdata-text=\"w:normal;s:11;l:30;ls:3px,3px,3px,0px;fw:700;\"\n\t\t\t\t\t\t\t\tdata-dim=\"minh:0px,0px,0px,none;\"\n\t\t\t\t\t\t\t\tdata-padding=\"r:25,25,25,10;l:25,25,25,10;\"\n\t\t\t\t\t\t\t\tdata-border=\"bos:solid;boc:#008c5f;bow:1px,1px,1px,1px;\"\n\t\t\t\t\t\t\t\tdata-frame_999=\"o:0;st:w;\"\n\t\t\t\t\t\t\t\tdata-frame_hover=\"c:#0c0c0c;bgc:rgba(0,0,0,0);boc:#000;bor:0px,0px,0px,0px;bos:solid;bow:1px,1px,1px,1px;e:power1.inOut;\"\n\t\t\t\t\t\t\t\tstyle=\"z-index:13;font-family:'Roboto';\"\n\t\t\t\t\t\t\t>URBAN TRAFFIC \n\t\t\t\t\t\t\t<\/a><!--\n\n\t\t\t\t\t\t\t--><a\n\t\t\t\t\t\t\t\tid=\"slider-39-slide-71-layer-1\" \n\t\t\t\t\t\t\t\tclass=\"rs-layer rev-btn\"\n\t\t\t\t\t\t\t\thref=\"https:\/\/tacse.es\/en\/sectors\/interurban-traffic\/\" target=\"_self\"\n\t\t\t\t\t\t\t\tdata-type=\"button\"\n\t\t\t\t\t\t\t\tdata-color=\"#008c5f\"\n\t\t\t\t\t\t\t\tdata-rsp_ch=\"on\"\n\t\t\t\t\t\t\t\tdata-xy=\"xo:385px,385px,385px,243px;yo:36px,36px,36px,31px;\"\n\t\t\t\t\t\t\t\tdata-text=\"w:normal;s:11;l:30;ls:3px,3px,3px,0px;fw:700;\"\n\t\t\t\t\t\t\t\tdata-dim=\"minh:0px,0px,0px,none;\"\n\t\t\t\t\t\t\t\tdata-padding=\"r:25,25,25,10;l:25,25,25,10;\"\n\t\t\t\t\t\t\t\tdata-border=\"bos:solid;boc:#008c5f;bow:1px,1px,1px,1px;\"\n\t\t\t\t\t\t\t\tdata-frame_999=\"o:0;st:w;\"\n\t\t\t\t\t\t\t\tdata-frame_hover=\"c:#0c0c0c;bgc:rgba(0,0,0,0);boc:#000;bor:0px,0px,0px,0px;bos:solid;bow:1px,1px,1px,1px;e:power1.inOut;\"\n\t\t\t\t\t\t\t\tstyle=\"z-index:12;font-family:'Roboto';\"\n\t\t\t\t\t\t\t>INTERURBAN TRAFFIC \n\t\t\t\t\t\t\t<\/a><!--\n\n\t\t\t\t\t\t\t--><a\n\t\t\t\t\t\t\t\tid=\"slider-39-slide-71-layer-2\" \n\t\t\t\t\t\t\t\tclass=\"rs-layer rev-btn\"\n\t\t\t\t\t\t\t\thref=\"https:\/\/tacse.es\/en\/sectors\/tunnels\/\" target=\"_self\"\n\t\t\t\t\t\t\t\tdata-type=\"button\"\n\t\t\t\t\t\t\t\tdata-color=\"#008c5f\"\n\t\t\t\t\t\t\t\tdata-rsp_ch=\"on\"\n\t\t\t\t\t\t\t\tdata-xy=\"xo:631px,631px,631px,119px;yo:37px,37px,37px,79px;\"\n\t\t\t\t\t\t\t\tdata-text=\"w:normal;s:11;l:30;ls:3px,3px,3px,0px;fw:700;\"\n\t\t\t\t\t\t\t\tdata-dim=\"minh:0px,0px,0px,none;\"\n\t\t\t\t\t\t\t\tdata-padding=\"r:25,25,25,10;l:25,25,25,10;\"\n\t\t\t\t\t\t\t\tdata-border=\"bos:solid;boc:#008c5f;bow:1px,1px,1px,1px;\"\n\t\t\t\t\t\t\t\tdata-frame_999=\"o:0;st:w;\"\n\t\t\t\t\t\t\t\tdata-frame_hover=\"c:#0c0c0c;bgc:rgba(0,0,0,0);boc:#000;bor:0px,0px,0px,0px;bos:solid;bow:1px,1px,1px,1px;e:power1.inOut;\"\n\t\t\t\t\t\t\t\tstyle=\"z-index:11;font-family:'Roboto';\"\n\t\t\t\t\t\t\t>TUNNELS \n\t\t\t\t\t\t\t<\/a><!--\n\n\t\t\t\t\t\t\t--><a\n\t\t\t\t\t\t\t\tid=\"slider-39-slide-71-layer-3\" \n\t\t\t\t\t\t\t\tclass=\"rs-layer rev-btn\"\n\t\t\t\t\t\t\t\thref=\"https:\/\/tacse.es\/en\/sectors\/railroad-tramway-and-subway\/\" target=\"_self\"\n\t\t\t\t\t\t\t\tdata-type=\"button\"\n\t\t\t\t\t\t\t\tdata-color=\"#008c5f\"\n\t\t\t\t\t\t\t\tdata-rsp_ch=\"on\"\n\t\t\t\t\t\t\t\tdata-xy=\"xo:773px,773px,773px,243px;yo:36px,36px,36px,79px;\"\n\t\t\t\t\t\t\t\tdata-text=\"w:normal;s:11;l:30;ls:3px,3px,3px,0px;fw:700;\"\n\t\t\t\t\t\t\t\tdata-dim=\"minh:0px,0px,0px,none;\"\n\t\t\t\t\t\t\t\tdata-padding=\"r:25,25,25,10;l:25,25,25,10;\"\n\t\t\t\t\t\t\t\tdata-border=\"bos:solid;boc:#008c5f;bow:1px,1px,1px,1px;\"\n\t\t\t\t\t\t\t\tdata-frame_999=\"o:0;st:w;\"\n\t\t\t\t\t\t\t\tdata-frame_hover=\"c:#0c0c0c;bgc:rgba(0,0,0,0);boc:#000;bor:0px,0px,0px,0px;bos:solid;bow:1px,1px,1px,1px;e:power1.inOut;\"\n\t\t\t\t\t\t\t\tstyle=\"z-index:10;font-family:'Roboto';\"\n\t\t\t\t\t\t\t>RAIL, STREETCAR AND SUBWAY \n\t\t\t\t\t\t\t<\/a><!--\n\n\t\t\t\t\t\t\t--><a\n\t\t\t\t\t\t\t\tid=\"slider-39-slide-71-layer-4\" \n\t\t\t\t\t\t\t\tclass=\"rs-layer rev-btn\"\n\t\t\t\t\t\t\t\thref=\"https:\/\/tacse.es\/en\/sectors\/parking\/\" target=\"_self\"\n\t\t\t\t\t\t\t\tdata-type=\"button\"\n\t\t\t\t\t\t\t\tdata-color=\"#008c5f\"\n\t\t\t\t\t\t\t\tdata-rsp_ch=\"on\"\n\t\t\t\t\t\t\t\tdata-xy=\"xo:151px,151px,151px,137px;yo:82px,82px,82px,128px;\"\n\t\t\t\t\t\t\t\tdata-text=\"w:normal;s:11;l:30;ls:3px,3px,3px,0px;fw:700;\"\n\t\t\t\t\t\t\t\tdata-dim=\"minh:0px,0px,0px,none;\"\n\t\t\t\t\t\t\t\tdata-padding=\"r:25,25,25,10;l:25,25,25,10;\"\n\t\t\t\t\t\t\t\tdata-border=\"bos:solid;boc:#008c5f;bow:1px,1px,1px,1px;\"\n\t\t\t\t\t\t\t\tdata-frame_999=\"o:0;st:w;\"\n\t\t\t\t\t\t\t\tdata-frame_hover=\"c:#0c0c0c;bgc:rgba(0,0,0,0);boc:#000;bor:0px,0px,0px,0px;bos:solid;bow:1px,1px,1px,1px;e:power1.inOut;\"\n\t\t\t\t\t\t\t\tstyle=\"z-index:9;font-family:'Roboto';\"\n\t\t\t\t\t\t\t>PARKINGS \n\t\t\t\t\t\t\t<\/a><!--\n\n\t\t\t\t\t\t\t--><a\n\t\t\t\t\t\t\t\tid=\"slider-39-slide-71-layer-5\" \n\t\t\t\t\t\t\t\tclass=\"rs-layer rev-btn\"\n\t\t\t\t\t\t\t\thref=\"https:\/\/tacse.es\/en\/sectors\/tolls\/\" target=\"_self\"\n\t\t\t\t\t\t\t\tdata-type=\"button\"\n\t\t\t\t\t\t\t\tdata-color=\"#008c5f\"\n\t\t\t\t\t\t\t\tdata-rsp_ch=\"on\"\n\t\t\t\t\t\t\t\tdata-xy=\"xo:306px,306px,306px,243px;yo:81px,81px,81px,128px;\"\n\t\t\t\t\t\t\t\tdata-text=\"w:normal;s:11;l:30;ls:3px,3px,3px,0px;fw:700;\"\n\t\t\t\t\t\t\t\tdata-dim=\"minh:0px,0px,0px,none;\"\n\t\t\t\t\t\t\t\tdata-padding=\"r:25,25,25,10;l:25,25,25,10;\"\n\t\t\t\t\t\t\t\tdata-border=\"bos:solid;boc:#008c5f;bow:1px,1px,1px,1px;\"\n\t\t\t\t\t\t\t\tdata-frame_999=\"o:0;st:w;\"\n\t\t\t\t\t\t\t\tdata-frame_hover=\"c:#0c0c0c;bgc:rgba(0,0,0,0);boc:#000;bor:0px,0px,0px,0px;bos:solid;bow:1px,1px,1px,1px;e:power1.inOut;\"\n\t\t\t\t\t\t\t\tstyle=\"z-index:8;font-family:'Roboto';\"\n\t\t\t\t\t\t\t>TOLLS \n\t\t\t\t\t\t\t<\/a><!--\n\n\t\t\t\t\t\t\t--><a\n\t\t\t\t\t\t\t\tid=\"slider-39-slide-71-layer-6\" \n\t\t\t\t\t\t\t\tclass=\"rs-layer rev-btn\"\n\t\t\t\t\t\t\t\thref=\"https:\/\/tacse.es\/en\/sectors\/ports-and-waterways\/\" target=\"_self\"\n\t\t\t\t\t\t\t\tdata-type=\"button\"\n\t\t\t\t\t\t\t\tdata-color=\"#008c5f\"\n\t\t\t\t\t\t\t\tdata-rsp_ch=\"on\"\n\t\t\t\t\t\t\t\tdata-xy=\"xo:436px,436px,436px,34px;yo:80px,80px,80px,176px;\"\n\t\t\t\t\t\t\t\tdata-text=\"w:normal;s:11;l:30;ls:3px,3px,3px,0px;fw:700;\"\n\t\t\t\t\t\t\t\tdata-dim=\"minh:0px,0px,0px,none;\"\n\t\t\t\t\t\t\t\tdata-padding=\"r:25,25,25,10;l:25,25,25,10;\"\n\t\t\t\t\t\t\t\tdata-border=\"bos:solid;boc:#008c5f;bow:1px,1px,1px,1px;\"\n\t\t\t\t\t\t\t\tdata-frame_999=\"o:0;st:w;\"\n\t\t\t\t\t\t\t\tdata-frame_hover=\"c:#0c0c0c;bgc:rgba(0,0,0,0);boc:#000;bor:0px,0px,0px,0px;bos:solid;bow:1px,1px,1px,1px;e:power1.inOut;\"\n\t\t\t\t\t\t\t\tstyle=\"z-index:7;font-family:'Roboto';\"\n\t\t\t\t\t\t\t>PORTS AND WATERWAYS \n\t\t\t\t\t\t\t<\/a><!--\n\n\t\t\t\t\t\t\t--><a\n\t\t\t\t\t\t\t\tid=\"slider-39-slide-71-layer-7\" \n\t\t\t\t\t\t\t\tclass=\"rs-layer rev-btn\"\n\t\t\t\t\t\t\t\thref=\"https:\/\/tacse.es\/en\/sectors\/loading-docks-and-industrial-facilities\/\" target=\"_self\"\n\t\t\t\t\t\t\t\tdata-type=\"button\"\n\t\t\t\t\t\t\t\tdata-color=\"#008c5f\"\n\t\t\t\t\t\t\t\tdata-rsp_ch=\"on\"\n\t\t\t\t\t\t\t\tdata-xy=\"xo:707px,707px,707px,243px;yo:79px,79px,79px,178px;\"\n\t\t\t\t\t\t\t\tdata-text=\"w:normal;s:11;l:30;ls:3px,3px,3px,0px;fw:700;\"\n\t\t\t\t\t\t\t\tdata-dim=\"minh:0px,0px,0px,none;\"\n\t\t\t\t\t\t\t\tdata-padding=\"r:25,25,25,10;l:25,25,25,10;\"\n\t\t\t\t\t\t\t\tdata-border=\"bos:solid;boc:#008c5f;bow:1px,1px,1px,1px;\"\n\t\t\t\t\t\t\t\tdata-frame_999=\"o:0;st:w;\"\n\t\t\t\t\t\t\t\tdata-frame_hover=\"c:#0c0c0c;bgc:rgba(0,0,0,0);boc:#000;bor:0px,0px,0px,0px;bos:solid;bow:1px,1px,1px,1px;e:power1.inOut;\"\n\t\t\t\t\t\t\t\tstyle=\"z-index:6;font-family:'Roboto';\"\n\t\t\t\t\t\t\t>LOADING DOCKS AND INDUSTRIAL FACILITIES \n\t\t\t\t\t\t\t<\/a><!--\n-->\t\t\t\t\t<\/rs-slide>\n\t\t\t\t\t<\/rs-slides>\n\t\t\t\t<\/rs-module>\n\t\t\t\t<script>\n\t\t\t\t\tsetREVStartSize({c: 'rev_slider_39_1',rl:[1240,1240,1240,480],el:[140,140,140,240],gw:[1240,1240,1240,480],gh:[140,140,140,240],type:'standard',justify:'',layout:'fullwidth',mh:\"0\"});if (window.RS_MODULES!==undefined && window.RS_MODULES.modules!==undefined && window.RS_MODULES.modules[\"revslider391\"]!==undefined) {window.RS_MODULES.modules[\"revslider391\"].once = false;window.revapi39 = undefined;if (window.RS_MODULES.checkMinimal!==undefined) window.RS_MODULES.checkMinimal()}\n\t\t\t\t<\/script>\n\t\t\t<\/rs-module-wrap>\n\t\t\t<!-- END REVOLUTION SLIDER -->\n<\/div>\n\n\t\t\t\t\t\t<\/div>\n\t\t\t\t<\/div>\n\t\t\t\t\t<\/div>\n\t\t\t\t<\/div>\n\t\t\t\t<\/div>\n\t\t","protected":false},"excerpt":{"rendered":"<p>Tunnels are sections of roadways that, due to their construction conditions, require special safety measures.<\/p>\n","protected":false},"author":4,"featured_media":0,"parent":18617,"menu_order":0,"comment_status":"closed","ping_status":"closed","template":"","meta":{"content-type":"","_monsterinsights_skip_tracking":false,"_monsterinsights_sitenote_active":false,"_monsterinsights_sitenote_note":"","_monsterinsights_sitenote_category":0,"footnotes":""},"class_list":["post-18610","page","type-page","status-publish","hentry"],"yoast_head":"<!-- This site is optimized with the Yoast SEO plugin v27.2 - https:\/\/yoast.com\/product\/yoast-seo-wordpress\/ -->\n<title>Tunnels - TACSE - Road &amp; Railway Traffic Signal Solutions<\/title>\n<meta name=\"description\" content=\"Tunnels are sections of roadways that, due to their construction conditions, require special safety measures.\" \/>\n<meta name=\"robots\" content=\"index, follow, max-snippet:-1, max-image-preview:large, max-video-preview:-1\" \/>\n<link rel=\"canonical\" href=\"https:\/\/tacse.es\/en\/sectors\/tunnels\/\" \/>\n<meta property=\"og:locale\" content=\"en_US\" \/>\n<meta property=\"og:type\" content=\"article\" \/>\n<meta property=\"og:title\" content=\"Tunnels - TACSE - Road &amp; Railway Traffic Signal Solutions\" \/>\n<meta property=\"og:description\" content=\"Tunnels are sections of roadways that, due to their construction conditions, require special safety measures.\" \/>\n<meta property=\"og:url\" content=\"https:\/\/tacse.es\/en\/sectors\/tunnels\/\" \/>\n<meta property=\"og:site_name\" content=\"TACSE - Road &amp; Railway Traffic Signal Solutions\" \/>\n<meta property=\"article:modified_time\" content=\"2024-04-23T09:20:23+00:00\" \/>\n<meta property=\"og:image\" content=\"https:\/\/tacse.es\/wp-content\/uploads\/2023\/02\/Tunel-1-1024x683.jpg\" \/>\n<meta name=\"twitter:card\" content=\"summary_large_image\" \/>\n<script type=\"application\/ld+json\" class=\"yoast-schema-graph\">{\"@context\":\"https:\/\/schema.org\",\"@graph\":[{\"@type\":\"WebPage\",\"@id\":\"https:\/\/tacse.es\/en\/sectors\/tunnels\/\",\"url\":\"https:\/\/tacse.es\/en\/sectors\/tunnels\/\",\"name\":\"Tunnels - TACSE - Road &amp; Railway Traffic Signal Solutions\",\"isPartOf\":{\"@id\":\"https:\/\/tacse.es\/en\/#website\"},\"primaryImageOfPage\":{\"@id\":\"https:\/\/tacse.es\/en\/sectors\/tunnels\/#primaryimage\"},\"image\":{\"@id\":\"https:\/\/tacse.es\/en\/sectors\/tunnels\/#primaryimage\"},\"thumbnailUrl\":\"https:\/\/tacse.es\/wp-content\/uploads\/2023\/02\/Tunel-1-1024x683.jpg\",\"datePublished\":\"2017-02-11T10:33:44+00:00\",\"dateModified\":\"2024-04-23T09:20:23+00:00\",\"description\":\"Tunnels are sections of roadways that, due to their construction conditions, require special safety measures.\",\"breadcrumb\":{\"@id\":\"https:\/\/tacse.es\/en\/sectors\/tunnels\/#breadcrumb\"},\"inLanguage\":\"en-US\",\"potentialAction\":[{\"@type\":\"ReadAction\",\"target\":[\"https:\/\/tacse.es\/en\/sectors\/tunnels\/\"]}]},{\"@type\":\"ImageObject\",\"inLanguage\":\"en-US\",\"@id\":\"https:\/\/tacse.es\/en\/sectors\/tunnels\/#primaryimage\",\"url\":\"https:\/\/tacse.es\/wp-content\/uploads\/2023\/02\/Tunel-1-1024x683.jpg\",\"contentUrl\":\"https:\/\/tacse.es\/wp-content\/uploads\/2023\/02\/Tunel-1-1024x683.jpg\"},{\"@type\":\"BreadcrumbList\",\"@id\":\"https:\/\/tacse.es\/en\/sectors\/tunnels\/#breadcrumb\",\"itemListElement\":[{\"@type\":\"ListItem\",\"position\":1,\"name\":\"Sectors\",\"item\":\"https:\/\/tacse.es\/en\/sectors\/\"},{\"@type\":\"ListItem\",\"position\":2,\"name\":\"Tunnels\"}]},{\"@type\":\"WebSite\",\"@id\":\"https:\/\/tacse.es\/en\/#website\",\"url\":\"https:\/\/tacse.es\/en\/\",\"name\":\"TACSE - Road &amp; Railway Traffic Signal Solutions\",\"description\":\"Desarrollar soluciones eficientes para el mundo de la se\u00f1alizaci\u00f3n, optimizando el proceso de fabricaci\u00f3n para tener un menor impacto en el medio ambiente.\",\"potentialAction\":[{\"@type\":\"SearchAction\",\"target\":{\"@type\":\"EntryPoint\",\"urlTemplate\":\"https:\/\/tacse.es\/en\/?s={search_term_string}\"},\"query-input\":{\"@type\":\"PropertyValueSpecification\",\"valueRequired\":true,\"valueName\":\"search_term_string\"}}],\"inLanguage\":\"en-US\"}]}<\/script>\n<!-- \/ Yoast SEO plugin. -->","yoast_head_json":{"title":"Tunnels - TACSE - Road &amp; Railway Traffic Signal Solutions","description":"Tunnels are sections of roadways that, due to their construction conditions, require special safety measures.","robots":{"index":"index","follow":"follow","max-snippet":"max-snippet:-1","max-image-preview":"max-image-preview:large","max-video-preview":"max-video-preview:-1"},"canonical":"https:\/\/tacse.es\/en\/sectors\/tunnels\/","og_locale":"en_US","og_type":"article","og_title":"Tunnels - TACSE - Road &amp; Railway Traffic Signal Solutions","og_description":"Tunnels are sections of roadways that, due to their construction conditions, require special safety measures.","og_url":"https:\/\/tacse.es\/en\/sectors\/tunnels\/","og_site_name":"TACSE - Road &amp; Railway Traffic Signal Solutions","article_modified_time":"2024-04-23T09:20:23+00:00","og_image":[{"url":"https:\/\/tacse.es\/wp-content\/uploads\/2023\/02\/Tunel-1-1024x683.jpg","type":"","width":"","height":""}],"twitter_card":"summary_large_image","schema":{"@context":"https:\/\/schema.org","@graph":[{"@type":"WebPage","@id":"https:\/\/tacse.es\/en\/sectors\/tunnels\/","url":"https:\/\/tacse.es\/en\/sectors\/tunnels\/","name":"Tunnels - TACSE - Road &amp; Railway Traffic Signal Solutions","isPartOf":{"@id":"https:\/\/tacse.es\/en\/#website"},"primaryImageOfPage":{"@id":"https:\/\/tacse.es\/en\/sectors\/tunnels\/#primaryimage"},"image":{"@id":"https:\/\/tacse.es\/en\/sectors\/tunnels\/#primaryimage"},"thumbnailUrl":"https:\/\/tacse.es\/wp-content\/uploads\/2023\/02\/Tunel-1-1024x683.jpg","datePublished":"2017-02-11T10:33:44+00:00","dateModified":"2024-04-23T09:20:23+00:00","description":"Tunnels are sections of roadways that, due to their construction conditions, require special safety measures.","breadcrumb":{"@id":"https:\/\/tacse.es\/en\/sectors\/tunnels\/#breadcrumb"},"inLanguage":"en-US","potentialAction":[{"@type":"ReadAction","target":["https:\/\/tacse.es\/en\/sectors\/tunnels\/"]}]},{"@type":"ImageObject","inLanguage":"en-US","@id":"https:\/\/tacse.es\/en\/sectors\/tunnels\/#primaryimage","url":"https:\/\/tacse.es\/wp-content\/uploads\/2023\/02\/Tunel-1-1024x683.jpg","contentUrl":"https:\/\/tacse.es\/wp-content\/uploads\/2023\/02\/Tunel-1-1024x683.jpg"},{"@type":"BreadcrumbList","@id":"https:\/\/tacse.es\/en\/sectors\/tunnels\/#breadcrumb","itemListElement":[{"@type":"ListItem","position":1,"name":"Sectors","item":"https:\/\/tacse.es\/en\/sectors\/"},{"@type":"ListItem","position":2,"name":"Tunnels"}]},{"@type":"WebSite","@id":"https:\/\/tacse.es\/en\/#website","url":"https:\/\/tacse.es\/en\/","name":"TACSE - Road &amp; Railway Traffic Signal Solutions","description":"Desarrollar soluciones eficientes para el mundo de la se\u00f1alizaci\u00f3n, optimizando el proceso de fabricaci\u00f3n para tener un menor impacto en el medio ambiente.","potentialAction":[{"@type":"SearchAction","target":{"@type":"EntryPoint","urlTemplate":"https:\/\/tacse.es\/en\/?s={search_term_string}"},"query-input":{"@type":"PropertyValueSpecification","valueRequired":true,"valueName":"search_term_string"}}],"inLanguage":"en-US"}]}},"_links":{"self":[{"href":"https:\/\/tacse.es\/en\/wp-json\/wp\/v2\/pages\/18610","targetHints":{"allow":["GET"]}}],"collection":[{"href":"https:\/\/tacse.es\/en\/wp-json\/wp\/v2\/pages"}],"about":[{"href":"https:\/\/tacse.es\/en\/wp-json\/wp\/v2\/types\/page"}],"author":[{"embeddable":true,"href":"https:\/\/tacse.es\/en\/wp-json\/wp\/v2\/users\/4"}],"replies":[{"embeddable":true,"href":"https:\/\/tacse.es\/en\/wp-json\/wp\/v2\/comments?post=18610"}],"version-history":[{"count":3,"href":"https:\/\/tacse.es\/en\/wp-json\/wp\/v2\/pages\/18610\/revisions"}],"predecessor-version":[{"id":19157,"href":"https:\/\/tacse.es\/en\/wp-json\/wp\/v2\/pages\/18610\/revisions\/19157"}],"up":[{"embeddable":true,"href":"https:\/\/tacse.es\/en\/wp-json\/wp\/v2\/pages\/18617"}],"wp:attachment":[{"href":"https:\/\/tacse.es\/en\/wp-json\/wp\/v2\/media?parent=18610"}],"curies":[{"name":"wp","href":"https:\/\/api.w.org\/{rel}","templated":true}]}}