{"id":18628,"date":"2017-02-17T10:59:00","date_gmt":"2017-02-17T10:59:00","guid":{"rendered":"https:\/\/tacse.es\/esqualityenquality\/"},"modified":"2024-10-03T15:43:17","modified_gmt":"2024-10-03T15:43:17","slug":"esqualityenquality","status":"publish","type":"page","link":"https:\/\/tacse.es\/en\/esqualityenquality\/","title":{"rendered":"[:es]Quality[:en]Quality[:]"},"content":{"rendered":"<p>[:en][vc_row][vc_column][vc_column_text]<\/p>\n<h2><span style=\"color: #277c5a;\"><strong>Quality<\/strong><\/span><\/h2>\n<p>[\/vc_column_text][vc_separator][\/vc_column][\/vc_row][vc_row][vc_column width=&#8221;1\/2&#8243;][vc_column_text]<\/p>\n<p style=\"text-align: justify;\">From its beginnings as a company,<strong><br \/>\n  <span style=\"color: #277c5a;\"> TACSE<\/span><br \/>\n<\/strong> has always had an unquestionable commitment to quality, which is recognized by its customers, and which over time has become a hallmark of its identity.<\/p>\n<p style=\"text-align: justify;\">This quality is based on three basic pillars: a strict selection of the materials and electronic components required for the production of its equipment, a careful manufacturing process and the demanding testing protocol that all its products have to pass before being put on the market.<\/p>\n<p style=\"text-align: justify;\">As a result of all this work, we can assure that our products are highly reliable and have failure rates well below the industry average. But in addition, from <strong><br \/>\n  <span style=\"color: #277c5a;\">TACSE<\/span><br \/>\n<\/strong> we are proud to be able to offer an impeccable after-sales service in which we put at the disposal of the customer all our technical team to solve those incidences that may arise.<\/p>\n<p style=\"text-align: justify;\">But our commitment does not end here. That is why the company is regularly audited by independent certification bodies and our products are subjected to the most stringent tests in approved laboratories. We currently have the ISO 9001:2015 Quality Certification; as well as certificates for the different products that are part of our catalog.<\/p>\n<p style=\"text-align: justify;\">Finally, we also provide our customers with a 2-year Warranty Certificate for all our products.<\/p>\n<p>[\/vc_column_text][\/vc_column][vc_column width=&#8221;1\/2&#8243;][vc_single_image image=&#8221;12469&#8243; img_size=&#8221;full&#8221; alignment=&#8221;center&#8221;][\/vc_column][\/vc_row][vc_row][vc_column][vc_separator][\/vc_column][\/vc_row][vc_row][vc_column][vc_empty_space height=&#8221;10px&#8221;][\/vc_column][\/vc_row][vc_row][vc_column width=&#8221;1\/3&#8243;][vc_column_text]<\/p>\n<p style=\"text-align: center;\"><strong><span style=\"color: #277c5a;\">Download ISO 9001:2015 Quality Certificate<\/span><\/strong><\/p>\n<p>[\/vc_column_text][vc_single_image image=&#8221;13217&#8243; alignment=&#8221;center&#8221; onclick=&#8221;custom_link&#8221; link=&#8221;https:\/\/tacse.es\/wp-content\/uploads\/2021\/05\/CERTIFICADOS-TACSE-1-scaled.jpg&#8221;][vc_separator][vc_single_image source=&#8221;external_link&#8221; onclick=&#8221;img_link_large&#8221; custom_src=&#8221;https:\/\/tacse.es\/wp-content\/uploads\/2021\/05\/CERTIFICADOS-TACSE-1-scaled.jpg&#8221;][\/vc_column][vc_column width=&#8221;1\/3&#8243;][vc_column_text]<\/p>\n<p style=\"text-align: center;\"><strong><span style=\"color: #277c5a;\">Download General Warranty Certificate<\/span><\/strong><\/p>\n<p>[\/vc_column_text][vc_single_image image=&#8221;12100&#8243; alignment=&#8221;center&#8221; onclick=&#8221;custom_link&#8221; link=&#8221;https:\/\/tacse.es\/wp-content\/uploads\/2020\/03\/CG-0110-ES-Rev2-Certificado-General-de-Garantia-TACSE-2.pdf&#8221;][vc_separator][vc_single_image image=&#8221;13321&#8243; img_size=&#8221;206&#215;291&#8243; alignment=&#8221;center&#8221; onclick=&#8221;custom_link&#8221; link=&#8221;https:\/\/tacse.es\/wp-content\/uploads\/2020\/03\/CG-0110-ES-Rev2-Certificado-General-de-Garantia-TACSE-2.pdf&#8221;][vc_separator][\/vc_column][vc_column width=&#8221;1\/3&#8243;][vc_column_text]<\/p>\n<p style=\"text-align: center;\"><strong><span style=\"color: #277c5a;\">Request Product Certificate<\/span><\/strong><\/p>\n<p>[\/vc_column_text][vc_single_image image=&#8221;12630&#8243; alignment=&#8221;center&#8221; onclick=&#8221;custom_link&#8221; link=&#8221;https:\/\/tacse.es\/solicitar-certificado\/&#8221;][vc_separator][vc_single_image image=&#8221;12493&#8243; img_size=&#8221;206&#215;291&#8243; alignment=&#8221;center&#8221; onclick=&#8221;custom_link&#8221; link=&#8221;https:\/\/tacse.es\/solicitar-certificado\/&#8221;][vc_separator][\/vc_column][\/vc_row][:en][vc_row][vc_column][vc_column_text]<\/p>\n<h2><span style=\"color: #277c5a;\"><strong>Quality<\/strong><\/span><\/h2>\n<p>[\/vc_column_text][vc_separator][\/vc_column][\/vc_row][vc_row][vc_column width=&#8221;1\/2&#8243;][vc_column_text]<\/p>\n<p style=\"text-align: justify;\">Since its <span id=\"result_box\" class=\"short_text\" lang=\"en\" tabindex=\"-1\"><br \/>\n  <span class=\"alt-edited\">beginnings<\/span><br \/>\n<\/span> as a company, <strong><br \/>\n  <span style=\"color: #277c5a;\">TACSE<\/span><br \/>\n<\/strong> has always had an unquestionable commitment to quality, which is recognized by its customers, and which over time has become a sign of identity.<\/p>\n<p style=\"text-align: justify;\">This quality is based on three basic pillars: a strict selection of the materials and the electronic components necessary for the production of its equipment, a careful manufacturing process and the demanding test protocol that all these products must pass before they are sent to the customers.<\/p>\n<p style=\"text-align: justify;\">As a result of all this work, we can ensure that our products are highly reliable and have failure rates well below the industry average. In addition, from <strong><br \/>\n  <span style=\"color: #277c5a;\">TACSE<\/span><br \/>\n<\/strong> we are also proud to offer an impeccable after-sales service to our customers in order to solve any incidents that may arise.<\/p>\n<p style=\"text-align: justify;\">But our commitment does not end here. That is why the company is regularly audited by independent certification bodies and our products are subjected to the most demanding tests in approved laboratories. We currently have the ISO 9001: 2008 Quality Certification, as well as certificates for most of our products.<\/p>\n<p style=\"text-align: justify;\">Finally, we also provide with a 2-Year Warranty Certificate for all our products.<\/p>\n<p>[\/vc_column_text][\/vc_column][vc_column width=&#8221;1\/2&#8243;][vc_single_image image=&#8221;12469&#8243; img_size=&#8221;full&#8221;][\/vc_column][\/vc_row][vc_row][vc_column][vc_separator][\/vc_column][\/vc_row][vc_row][vc_column][vc_empty_space height=&#8221;10px&#8221;][\/vc_column][\/vc_row][vc_row][vc_column width=&#8221;1\/3&#8243;][vc_column_text]<\/p>\n<p style=\"text-align: center;\"><span style=\"color: #277c5a;\"><strong>Download ISO 9001:2008 Quality Certificate<br \/>\n<\/strong><\/span><\/p>\n<p>[\/vc_column_text][vc_single_image image=&#8221;12100&#8243; alignment=&#8221;center&#8221; onclick=&#8221;custom_link&#8221; link=&#8221;https:\/\/tacse.es\/wp-content\/uploads\/2017\/10\/Certificate-ISO-9001.pdf&#8221;][vc_separator][vc_single_image image=&#8221;13206&#8243; img_size=&#8221;large&#8221; alignment=&#8221;center&#8221; onclick=&#8221;custom_link&#8221; link=&#8221;https:\/\/tacse.es\/wp-content\/uploads\/2017\/10\/Certificate-ISO-9001.pdf&#8221;][vc_separator][\/vc_column][vc_column width=&#8221;1\/3&#8243;][vc_column_text]<\/p>\n<p style=\"text-align: center;\"><span style=\"color: #277c5a;\"><strong>Download General Warranty Certificate<br \/>\n<\/strong><\/span><\/p>\n<p>[\/vc_column_text][vc_single_image image=&#8221;12100&#8243; img_size=&#8221;full&#8221; alignment=&#8221;center&#8221; onclick=&#8221;custom_link&#8221; link=&#8221;https:\/\/tacse.es\/wp-content\/uploads\/2017\/05\/General-Certificate-of-Warranty-TACSE.pdf&#8221;][vc_separator][vc_single_image image=&#8221;12498&#8243; img_size=&#8221;206&#215;291&#8243; alignment=&#8221;center&#8221; onclick=&#8221;custom_link&#8221; link=&#8221;https:\/\/tacse.es\/wp-content\/uploads\/2017\/05\/General-Certificate-of-Warranty-TACSE.pdf&#8221;][vc_separator][\/vc_column][vc_column width=&#8221;1\/3&#8243;][vc_column_text]<\/p>\n<p style=\"text-align: center;\"><span style=\"color: #277c5a;\"><strong>Product Certificate Request<br \/>\n<\/strong><\/span><\/p>\n<p>[\/vc_column_text][vc_single_image image=&#8221;12630&#8243; img_size=&#8221;full&#8221; alignment=&#8221;center&#8221; onclick=&#8221;custom_link&#8221; link=&#8221;https:\/\/tacse.es\/en\/product-certificate-request\/&#8221;][vc_separator][vc_single_image image=&#8221;12493&#8243; img_size=&#8221;206&#215;291&#8243; alignment=&#8221;center&#8221; onclick=&#8221;custom_link&#8221; link=&#8221;https:\/\/tacse.es\/en\/product-certificate-request\/&#8221;][vc_separator][\/vc_column][\/vc_row][:]<\/p>\n","protected":false},"excerpt":{"rendered":"<p>[:en][vc_row][vc_column][vc_column_text] Quality [\/vc_column_text][vc_separator][\/vc_column][\/vc_row][vc_row][vc_column width=&#8221;1\/2&#8243;][vc_column_text] From its beginnings as a company, TACSE has always had an unquestionable commitment to quality, which is recognized by its customers, and<span class=\"excerpt-hellip\"> [\u2026]<\/span><\/p>\n","protected":false},"author":4,"featured_media":0,"parent":0,"menu_order":0,"comment_status":"closed","ping_status":"closed","template":"","meta":{"content-type":"","_monsterinsights_skip_tracking":false,"_monsterinsights_sitenote_active":false,"_monsterinsights_sitenote_note":"","_monsterinsights_sitenote_category":0,"footnotes":""},"class_list":["post-18628","page","type-page","status-publish","hentry"],"yoast_head":"<!-- This site is optimized with the Yoast SEO plugin v27.2 - https:\/\/yoast.com\/product\/yoast-seo-wordpress\/ -->\n<title>[:es]Quality[:en]Quality[:] - TACSE - Road &amp; Railway Traffic Signal Solutions<\/title>\n<meta name=\"robots\" content=\"index, follow, max-snippet:-1, max-image-preview:large, max-video-preview:-1\" \/>\n<link rel=\"canonical\" href=\"https:\/\/tacse.es\/en\/esqualityenquality\/\" \/>\n<meta property=\"og:locale\" content=\"en_US\" \/>\n<meta property=\"og:type\" content=\"article\" \/>\n<meta property=\"og:title\" content=\"[:es]Quality[:en]Quality[:] - TACSE - Road &amp; Railway Traffic Signal Solutions\" \/>\n<meta property=\"og:description\" content=\"[:en][vc_row][vc_column][vc_column_text] Quality [\/vc_column_text][vc_separator][\/vc_column][\/vc_row][vc_row][vc_column width=&#8221;1\/2&#8243;][vc_column_text] From its beginnings as a company, TACSE has always had an unquestionable commitment to quality, which is recognized by its customers, and [\u2026]\" \/>\n<meta property=\"og:url\" content=\"https:\/\/tacse.es\/en\/esqualityenquality\/\" \/>\n<meta property=\"og:site_name\" content=\"TACSE - Road &amp; Railway Traffic Signal Solutions\" \/>\n<meta property=\"article:modified_time\" content=\"2024-10-03T15:43:17+00:00\" \/>\n<meta name=\"twitter:card\" content=\"summary_large_image\" \/>\n<meta name=\"twitter:label1\" content=\"Est. reading time\" \/>\n\t<meta name=\"twitter:data1\" content=\"3 minutes\" \/>\n<script type=\"application\/ld+json\" class=\"yoast-schema-graph\">{\"@context\":\"https:\/\/schema.org\",\"@graph\":[{\"@type\":\"WebPage\",\"@id\":\"https:\/\/tacse.es\/en\/esqualityenquality\/\",\"url\":\"https:\/\/tacse.es\/en\/esqualityenquality\/\",\"name\":\"[:es]Quality[:en]Quality[:] - TACSE - Road &amp; Railway Traffic Signal Solutions\",\"isPartOf\":{\"@id\":\"https:\/\/tacse.es\/en\/#website\"},\"datePublished\":\"2017-02-17T10:59:00+00:00\",\"dateModified\":\"2024-10-03T15:43:17+00:00\",\"inLanguage\":\"en-US\",\"potentialAction\":[{\"@type\":\"ReadAction\",\"target\":[\"https:\/\/tacse.es\/en\/esqualityenquality\/\"]}]},{\"@type\":\"WebSite\",\"@id\":\"https:\/\/tacse.es\/en\/#website\",\"url\":\"https:\/\/tacse.es\/en\/\",\"name\":\"TACSE - Road &amp; Railway Traffic Signal Solutions\",\"description\":\"Desarrollar soluciones eficientes para el mundo de la se\u00f1alizaci\u00f3n, optimizando el proceso de fabricaci\u00f3n para tener un menor impacto en el medio ambiente.\",\"potentialAction\":[{\"@type\":\"SearchAction\",\"target\":{\"@type\":\"EntryPoint\",\"urlTemplate\":\"https:\/\/tacse.es\/en\/?s={search_term_string}\"},\"query-input\":{\"@type\":\"PropertyValueSpecification\",\"valueRequired\":true,\"valueName\":\"search_term_string\"}}],\"inLanguage\":\"en-US\"}]}<\/script>\n<!-- \/ Yoast SEO plugin. -->","yoast_head_json":{"title":"[:es]Quality[:en]Quality[:] - TACSE - Road &amp; Railway Traffic Signal Solutions","robots":{"index":"index","follow":"follow","max-snippet":"max-snippet:-1","max-image-preview":"max-image-preview:large","max-video-preview":"max-video-preview:-1"},"canonical":"https:\/\/tacse.es\/en\/esqualityenquality\/","og_locale":"en_US","og_type":"article","og_title":"[:es]Quality[:en]Quality[:] - TACSE - Road &amp; Railway Traffic Signal Solutions","og_description":"[:en][vc_row][vc_column][vc_column_text] Quality [\/vc_column_text][vc_separator][\/vc_column][\/vc_row][vc_row][vc_column width=&#8221;1\/2&#8243;][vc_column_text] From its beginnings as a company, TACSE has always had an unquestionable commitment to quality, which is recognized by its customers, and [\u2026]","og_url":"https:\/\/tacse.es\/en\/esqualityenquality\/","og_site_name":"TACSE - Road &amp; Railway Traffic Signal Solutions","article_modified_time":"2024-10-03T15:43:17+00:00","twitter_card":"summary_large_image","twitter_misc":{"Est. reading time":"3 minutes"},"schema":{"@context":"https:\/\/schema.org","@graph":[{"@type":"WebPage","@id":"https:\/\/tacse.es\/en\/esqualityenquality\/","url":"https:\/\/tacse.es\/en\/esqualityenquality\/","name":"[:es]Quality[:en]Quality[:] - TACSE - Road &amp; Railway Traffic Signal Solutions","isPartOf":{"@id":"https:\/\/tacse.es\/en\/#website"},"datePublished":"2017-02-17T10:59:00+00:00","dateModified":"2024-10-03T15:43:17+00:00","inLanguage":"en-US","potentialAction":[{"@type":"ReadAction","target":["https:\/\/tacse.es\/en\/esqualityenquality\/"]}]},{"@type":"WebSite","@id":"https:\/\/tacse.es\/en\/#website","url":"https:\/\/tacse.es\/en\/","name":"TACSE - Road &amp; Railway Traffic Signal Solutions","description":"Desarrollar soluciones eficientes para el mundo de la se\u00f1alizaci\u00f3n, optimizando el proceso de fabricaci\u00f3n para tener un menor impacto en el medio ambiente.","potentialAction":[{"@type":"SearchAction","target":{"@type":"EntryPoint","urlTemplate":"https:\/\/tacse.es\/en\/?s={search_term_string}"},"query-input":{"@type":"PropertyValueSpecification","valueRequired":true,"valueName":"search_term_string"}}],"inLanguage":"en-US"}]}},"_links":{"self":[{"href":"https:\/\/tacse.es\/en\/wp-json\/wp\/v2\/pages\/18628","targetHints":{"allow":["GET"]}}],"collection":[{"href":"https:\/\/tacse.es\/en\/wp-json\/wp\/v2\/pages"}],"about":[{"href":"https:\/\/tacse.es\/en\/wp-json\/wp\/v2\/types\/page"}],"author":[{"embeddable":true,"href":"https:\/\/tacse.es\/en\/wp-json\/wp\/v2\/users\/4"}],"replies":[{"embeddable":true,"href":"https:\/\/tacse.es\/en\/wp-json\/wp\/v2\/comments?post=18628"}],"version-history":[{"count":1,"href":"https:\/\/tacse.es\/en\/wp-json\/wp\/v2\/pages\/18628\/revisions"}],"predecessor-version":[{"id":19435,"href":"https:\/\/tacse.es\/en\/wp-json\/wp\/v2\/pages\/18628\/revisions\/19435"}],"wp:attachment":[{"href":"https:\/\/tacse.es\/en\/wp-json\/wp\/v2\/media?parent=18628"}],"curies":[{"name":"wp","href":"https:\/\/api.w.org\/{rel}","templated":true}]}}