{"id":18633,"date":"2017-03-10T12:04:44","date_gmt":"2017-03-10T12:04:44","guid":{"rendered":"https:\/\/tacse.es\/essolutionsensolutions\/"},"modified":"2024-07-22T07:34:58","modified_gmt":"2024-07-22T07:34:58","slug":"essolutionsensolutions","status":"publish","type":"page","link":"https:\/\/tacse.es\/en\/essolutionsensolutions\/","title":{"rendered":"[:es]Solutions[:en]Solutions[:]"},"content":{"rendered":"<p>[:en][vc_row][vc_column][vc_column_text]<\/p>\n<h2><span style=\"color: #277c5a;\"><strong>Solutions<\/strong><\/span><\/h2>\n<p>[\/vc_column_text][vc_separator][\/vc_column][\/vc_row][vc_row][vc_column width=&#8221;1\/3&#8243;][vc_single_image image=&#8221;13097&#8243; img_size=&#8221;400&#215;266&#8243; onclick=&#8221;custom_link&#8221; img_link_target=&#8221;_blank&#8221; link=&#8221;https:\/\/tacse.es\/soluciones\/safepass-paso-peatones-seguro\/&#8221;][vc_column_text]<\/p>\n<h3><span style=\"color: #277c5a;\"><strong>SAFEPASS: Safe crosswalks<\/strong><\/span><\/h3>\n<p>[\/vc_column_text][vc_column_text]<\/p>\n<p style=\"text-align: justify;\">Intelligent solution based on an autonomous control that allows to regulate the phases of the traffic lights according to pedestrian demand, giving them enough time to do so in complete safety.<\/p>\n<p style=\"text-align: justify;\"><a href=\"https:\/\/tacse.es\/soluciones\/safepass-paso-peatones-seguro\/\"><img decoding=\"async\" class=\"wp-image-13127 aligncenter\" src=\"https:\/\/tacse.es\/wp-content\/uploads\/2017\/03\/Info-2.png\" width=\"100\" height=\"30\" srcset=\"https:\/\/tacse.es\/wp-content\/uploads\/2017\/03\/Info-2.png 720w, https:\/\/tacse.es\/wp-content\/uploads\/2017\/03\/Info-2-500x152.png 500w, https:\/\/tacse.es\/wp-content\/uploads\/2017\/03\/Info-2-700x219.png 700w, https:\/\/tacse.es\/wp-content\/uploads\/2017\/03\/Info-2-300x91.png 300w, https:\/\/tacse.es\/wp-content\/uploads\/2017\/03\/Info-2-120x37.png 120w\" sizes=\"(max-width:767px) 100px, 100px\" \/><\/a><\/p>\n<p>[\/vc_column_text][\/vc_column][vc_column width=&#8221;1\/3&#8243;][\/vc_column][vc_column width=&#8221;1\/3&#8243;][\/vc_column][\/vc_row][:en][vc_row][vc_column][vc_column_text]<\/p>\n<h2><span style=\"color: #277c5a;\"><strong>Solutions<\/strong><\/span><\/h2>\n<p>[\/vc_column_text][vc_separator][\/vc_column][\/vc_row][vc_row][vc_column width=&#8221;1\/3&#8243;][vc_single_image image=&#8221;13097&#8243; img_size=&#8221;400&#215;266&#8243; onclick=&#8221;custom_link&#8221; img_link_target=&#8221;_blank&#8221; link=&#8221;https:\/\/tacse.es\/en\/solutions\/safepass-safe-pedestrian-crossing\/&#8221;][vc_column_text]<\/p>\n<h3><span style=\"color: #277c5a;\"><strong>SAFEPASS: Safe pedestrian crossings<\/strong><\/span><\/h3>\n<p>[\/vc_column_text][vc_column_text]<\/p>\n<p style=\"text-align: justify;\">Smart solution based on an autonomous control that regulates the phases of different traffic lights, depending on the demand from pedestrians, giving them enough time to cross safely.<\/p>\n<p style=\"text-align: justify;\"><a href=\"https:\/\/tacse.es\/en\/solutions\/safepass-safe-pedestrian-crossing\/\"><img decoding=\"async\" class=\"aligncenter wp-image-13127\" src=\"https:\/\/tacse.es\/wp-content\/uploads\/2017\/03\/Info-2.png\" width=\"100\" height=\"30\" srcset=\"https:\/\/tacse.es\/wp-content\/uploads\/2017\/03\/Info-2.png 720w, https:\/\/tacse.es\/wp-content\/uploads\/2017\/03\/Info-2-500x152.png 500w, https:\/\/tacse.es\/wp-content\/uploads\/2017\/03\/Info-2-700x219.png 700w, https:\/\/tacse.es\/wp-content\/uploads\/2017\/03\/Info-2-300x91.png 300w, https:\/\/tacse.es\/wp-content\/uploads\/2017\/03\/Info-2-120x37.png 120w\" sizes=\"(max-width:767px) 100px, 100px\" \/><\/a><\/p>\n<p>[\/vc_column_text][\/vc_column][vc_column width=&#8221;1\/3&#8243;][\/vc_column][vc_column width=&#8221;1\/3&#8243;][\/vc_column][\/vc_row][:]<\/p>\n","protected":false},"excerpt":{"rendered":"<p>[:en][vc_row][vc_column][vc_column_text] Solutions [\/vc_column_text][vc_separator][\/vc_column][\/vc_row][vc_row][vc_column width=&#8221;1\/3&#8243;][vc_single_image image=&#8221;13097&#8243; img_size=&#8221;400&#215;266&#8243; onclick=&#8221;custom_link&#8221; img_link_target=&#8221;_blank&#8221; link=&#8221;https:\/\/tacse.es\/soluciones\/safepass-paso-peatones-seguro\/&#8221;][vc_column_text] SAFEPASS: Safe crosswalks [\/vc_column_text][vc_column_text] Intelligent solution based on an autonomous control that allows to regulate the phases<span class=\"excerpt-hellip\"> [\u2026]<\/span><\/p>\n","protected":false},"author":4,"featured_media":0,"parent":0,"menu_order":0,"comment_status":"closed","ping_status":"closed","template":"","meta":{"content-type":"","_monsterinsights_skip_tracking":false,"_monsterinsights_sitenote_active":false,"_monsterinsights_sitenote_note":"","_monsterinsights_sitenote_category":0,"footnotes":""},"class_list":["post-18633","page","type-page","status-publish","hentry"],"yoast_head":"<!-- This site is optimized with the Yoast SEO plugin v27.4 - https:\/\/yoast.com\/product\/yoast-seo-wordpress\/ -->\n<title>[:es]Solutions[:en]Solutions[:] - TACSE - Road &amp; Railway Traffic Signal Solutions<\/title>\n<meta name=\"robots\" content=\"index, follow, max-snippet:-1, max-image-preview:large, max-video-preview:-1\" \/>\n<link rel=\"canonical\" href=\"https:\/\/tacse.es\/en\/essolutionsensolutions\/\" \/>\n<meta property=\"og:locale\" content=\"en_US\" \/>\n<meta property=\"og:type\" content=\"article\" \/>\n<meta property=\"og:title\" content=\"[:es]Solutions[:en]Solutions[:] - TACSE - Road &amp; Railway Traffic Signal Solutions\" \/>\n<meta property=\"og:description\" content=\"[:en][vc_row][vc_column][vc_column_text] Solutions [\/vc_column_text][vc_separator][\/vc_column][\/vc_row][vc_row][vc_column width=&#8221;1\/3&#8243;][vc_single_image image=&#8221;13097&#8243; img_size=&#8221;400&#215;266&#8243; onclick=&#8221;custom_link&#8221; img_link_target=&#8221;_blank&#8221; link=&#8221;https:\/\/tacse.es\/soluciones\/safepass-paso-peatones-seguro\/&#8221;][vc_column_text] SAFEPASS: Safe crosswalks [\/vc_column_text][vc_column_text] Intelligent solution based on an autonomous control that allows to regulate the phases [\u2026]\" \/>\n<meta property=\"og:url\" content=\"https:\/\/tacse.es\/en\/essolutionsensolutions\/\" \/>\n<meta property=\"og:site_name\" content=\"TACSE - Road &amp; Railway Traffic Signal Solutions\" \/>\n<meta property=\"article:modified_time\" content=\"2024-07-22T07:34:58+00:00\" \/>\n<meta property=\"og:image\" content=\"https:\/\/tacse.es\/wp-content\/uploads\/2017\/03\/Info-2.png\" \/>\n<meta name=\"twitter:card\" content=\"summary_large_image\" \/>\n<meta name=\"twitter:label1\" content=\"Est. reading time\" \/>\n\t<meta name=\"twitter:data1\" content=\"1 minute\" \/>\n<script type=\"application\/ld+json\" class=\"yoast-schema-graph\">{\"@context\":\"https:\\\/\\\/schema.org\",\"@graph\":[{\"@type\":\"WebPage\",\"@id\":\"https:\\\/\\\/tacse.es\\\/en\\\/essolutionsensolutions\\\/\",\"url\":\"https:\\\/\\\/tacse.es\\\/en\\\/essolutionsensolutions\\\/\",\"name\":\"[:es]Solutions[:en]Solutions[:] - TACSE - Road &amp; Railway Traffic Signal Solutions\",\"isPartOf\":{\"@id\":\"https:\\\/\\\/tacse.es\\\/en\\\/#website\"},\"primaryImageOfPage\":{\"@id\":\"https:\\\/\\\/tacse.es\\\/en\\\/essolutionsensolutions\\\/#primaryimage\"},\"image\":{\"@id\":\"https:\\\/\\\/tacse.es\\\/en\\\/essolutionsensolutions\\\/#primaryimage\"},\"thumbnailUrl\":\"https:\\\/\\\/tacse.es\\\/wp-content\\\/uploads\\\/2017\\\/03\\\/Info-2.png\",\"datePublished\":\"2017-03-10T12:04:44+00:00\",\"dateModified\":\"2024-07-22T07:34:58+00:00\",\"inLanguage\":\"en-US\",\"potentialAction\":[{\"@type\":\"ReadAction\",\"target\":[\"https:\\\/\\\/tacse.es\\\/en\\\/essolutionsensolutions\\\/\"]}]},{\"@type\":\"ImageObject\",\"inLanguage\":\"en-US\",\"@id\":\"https:\\\/\\\/tacse.es\\\/en\\\/essolutionsensolutions\\\/#primaryimage\",\"url\":\"https:\\\/\\\/tacse.es\\\/wp-content\\\/uploads\\\/2017\\\/03\\\/Info-2.png\",\"contentUrl\":\"https:\\\/\\\/tacse.es\\\/wp-content\\\/uploads\\\/2017\\\/03\\\/Info-2.png\"},{\"@type\":\"WebSite\",\"@id\":\"https:\\\/\\\/tacse.es\\\/en\\\/#website\",\"url\":\"https:\\\/\\\/tacse.es\\\/en\\\/\",\"name\":\"TACSE - Road &amp; Railway Traffic Signal Solutions\",\"description\":\"Desarrollar soluciones eficientes para el mundo de la se\u00f1alizaci\u00f3n, optimizando el proceso de fabricaci\u00f3n para tener un menor impacto en el medio ambiente.\",\"potentialAction\":[{\"@type\":\"SearchAction\",\"target\":{\"@type\":\"EntryPoint\",\"urlTemplate\":\"https:\\\/\\\/tacse.es\\\/en\\\/?s={search_term_string}\"},\"query-input\":{\"@type\":\"PropertyValueSpecification\",\"valueRequired\":true,\"valueName\":\"search_term_string\"}}],\"inLanguage\":\"en-US\"}]}<\/script>\n<!-- \/ Yoast SEO plugin. -->","yoast_head_json":{"title":"[:es]Solutions[:en]Solutions[:] - TACSE - Road &amp; Railway Traffic Signal Solutions","robots":{"index":"index","follow":"follow","max-snippet":"max-snippet:-1","max-image-preview":"max-image-preview:large","max-video-preview":"max-video-preview:-1"},"canonical":"https:\/\/tacse.es\/en\/essolutionsensolutions\/","og_locale":"en_US","og_type":"article","og_title":"[:es]Solutions[:en]Solutions[:] - TACSE - Road &amp; Railway Traffic Signal Solutions","og_description":"[:en][vc_row][vc_column][vc_column_text] Solutions [\/vc_column_text][vc_separator][\/vc_column][\/vc_row][vc_row][vc_column width=&#8221;1\/3&#8243;][vc_single_image image=&#8221;13097&#8243; img_size=&#8221;400&#215;266&#8243; onclick=&#8221;custom_link&#8221; img_link_target=&#8221;_blank&#8221; link=&#8221;https:\/\/tacse.es\/soluciones\/safepass-paso-peatones-seguro\/&#8221;][vc_column_text] SAFEPASS: Safe crosswalks [\/vc_column_text][vc_column_text] Intelligent solution based on an autonomous control that allows to regulate the phases [\u2026]","og_url":"https:\/\/tacse.es\/en\/essolutionsensolutions\/","og_site_name":"TACSE - Road &amp; Railway Traffic Signal Solutions","article_modified_time":"2024-07-22T07:34:58+00:00","og_image":[{"url":"https:\/\/tacse.es\/wp-content\/uploads\/2017\/03\/Info-2.png","type":"","width":"","height":""}],"twitter_card":"summary_large_image","twitter_misc":{"Est. reading time":"1 minute"},"schema":{"@context":"https:\/\/schema.org","@graph":[{"@type":"WebPage","@id":"https:\/\/tacse.es\/en\/essolutionsensolutions\/","url":"https:\/\/tacse.es\/en\/essolutionsensolutions\/","name":"[:es]Solutions[:en]Solutions[:] - TACSE - Road &amp; Railway Traffic Signal Solutions","isPartOf":{"@id":"https:\/\/tacse.es\/en\/#website"},"primaryImageOfPage":{"@id":"https:\/\/tacse.es\/en\/essolutionsensolutions\/#primaryimage"},"image":{"@id":"https:\/\/tacse.es\/en\/essolutionsensolutions\/#primaryimage"},"thumbnailUrl":"https:\/\/tacse.es\/wp-content\/uploads\/2017\/03\/Info-2.png","datePublished":"2017-03-10T12:04:44+00:00","dateModified":"2024-07-22T07:34:58+00:00","inLanguage":"en-US","potentialAction":[{"@type":"ReadAction","target":["https:\/\/tacse.es\/en\/essolutionsensolutions\/"]}]},{"@type":"ImageObject","inLanguage":"en-US","@id":"https:\/\/tacse.es\/en\/essolutionsensolutions\/#primaryimage","url":"https:\/\/tacse.es\/wp-content\/uploads\/2017\/03\/Info-2.png","contentUrl":"https:\/\/tacse.es\/wp-content\/uploads\/2017\/03\/Info-2.png"},{"@type":"WebSite","@id":"https:\/\/tacse.es\/en\/#website","url":"https:\/\/tacse.es\/en\/","name":"TACSE - Road &amp; Railway Traffic Signal Solutions","description":"Desarrollar soluciones eficientes para el mundo de la se\u00f1alizaci\u00f3n, optimizando el proceso de fabricaci\u00f3n para tener un menor impacto en el medio ambiente.","potentialAction":[{"@type":"SearchAction","target":{"@type":"EntryPoint","urlTemplate":"https:\/\/tacse.es\/en\/?s={search_term_string}"},"query-input":{"@type":"PropertyValueSpecification","valueRequired":true,"valueName":"search_term_string"}}],"inLanguage":"en-US"}]}},"_links":{"self":[{"href":"https:\/\/tacse.es\/en\/wp-json\/wp\/v2\/pages\/18633","targetHints":{"allow":["GET"]}}],"collection":[{"href":"https:\/\/tacse.es\/en\/wp-json\/wp\/v2\/pages"}],"about":[{"href":"https:\/\/tacse.es\/en\/wp-json\/wp\/v2\/types\/page"}],"author":[{"embeddable":true,"href":"https:\/\/tacse.es\/en\/wp-json\/wp\/v2\/users\/4"}],"replies":[{"embeddable":true,"href":"https:\/\/tacse.es\/en\/wp-json\/wp\/v2\/comments?post=18633"}],"version-history":[{"count":1,"href":"https:\/\/tacse.es\/en\/wp-json\/wp\/v2\/pages\/18633\/revisions"}],"predecessor-version":[{"id":19424,"href":"https:\/\/tacse.es\/en\/wp-json\/wp\/v2\/pages\/18633\/revisions\/19424"}],"wp:attachment":[{"href":"https:\/\/tacse.es\/en\/wp-json\/wp\/v2\/media?parent=18633"}],"curies":[{"name":"wp","href":"https:\/\/api.w.org\/{rel}","templated":true}]}}