{"id":18644,"date":"2023-02-08T11:36:02","date_gmt":"2023-02-08T11:36:02","guid":{"rendered":"https:\/\/tacse.es\/traffic-light-model-s9\/"},"modified":"2024-04-10T10:46:32","modified_gmt":"2024-04-10T10:46:32","slug":"traffic-light-model-s9","status":"publish","type":"page","link":"https:\/\/tacse.es\/en\/traffic-light-model-s9\/","title":{"rendered":"Traffic light model S9"},"content":{"rendered":"\n<p><\/p>\n\n<section id=\"section-878642fa-c7c9-481b-b916-ecb1f83f7d58\" class=\"wp-block-gutentor-advanced-columns gutentor-section gutentor-advanced-columns has-color-bg has-custom-bg\"><div class=\"grid-container\"><div class=\"grid-row\">\n<div id=\"section-c5812e8c-4cc7-4672-8446-58f6b06cdd1b\" class=\"wp-block-gutentor-single-column gutentor-single-column  grid-lg-4 grid-md-12 grid-12\">\n<figure class=\"wp-block-image size-large\"><img fetchpriority=\"high\" decoding=\"async\" width=\"667\" height=\"1024\" src=\"https:\/\/tacse.es\/wp-content\/uploads\/2023\/02\/iStock_000027005269Large-667x1024.jpg\" alt=\"\" class=\"wp-image-13685\" srcset=\"https:\/\/tacse.es\/wp-content\/uploads\/2023\/02\/iStock_000027005269Large-667x1024.jpg 667w, https:\/\/tacse.es\/wp-content\/uploads\/2023\/02\/iStock_000027005269Large-scaled-800x1228.jpg 800w, https:\/\/tacse.es\/wp-content\/uploads\/2023\/02\/iStock_000027005269Large-195x300.jpg 195w, https:\/\/tacse.es\/wp-content\/uploads\/2023\/02\/iStock_000027005269Large-768x1179.jpg 768w, https:\/\/tacse.es\/wp-content\/uploads\/2023\/02\/iStock_000027005269Large-1001x1536.jpg 1001w, https:\/\/tacse.es\/wp-content\/uploads\/2023\/02\/iStock_000027005269Large-1334x2048.jpg 1334w, https:\/\/tacse.es\/wp-content\/uploads\/2023\/02\/iStock_000027005269Large-120x184.jpg 120w, https:\/\/tacse.es\/wp-content\/uploads\/2023\/02\/iStock_000027005269Large-500x767.jpg 500w, https:\/\/tacse.es\/wp-content\/uploads\/2023\/02\/iStock_000027005269Large-700x1074.jpg 700w, https:\/\/tacse.es\/wp-content\/uploads\/2023\/02\/iStock_000027005269Large-scaled.jpg 1668w\" sizes=\"(max-width:767px) 480px, 667px\" \/><\/figure>\n<\/div>\n\n\n\n<div id=\"section-c286780a-1f70-4bd8-90d9-c0e486bea3db\" class=\"wp-block-gutentor-single-column gutentor-single-column  grid-lg-8 grid-md-12 grid-12\">\n<div id=\"section-17fdfc79-eaaa-4a9c-940a-518c9769ae0c\" class=\"wp-block-gutentor-content-box gutentor-section gutentor-content-box-wrapper content-template1 text-left\"><div class=\"grid-container\"><div class=\"grid-row gutentor-grid-item-wrap\"><div class=\"gutentor-grid-column grid-lg-12 grid-md-12 grid-12\"><div class=\"gutentor-single-item gutentor-single-item-0\"><div class=\"gutentor-single-item-wrap\"><div class=\"gutentor-single-item-content\"><h1 class=\"gutentor-single-item-title\">S9 D-200 Traffic Light<\/h1><p class=\"gutentor-single-item-desc\">The <strong>S9<\/strong> model is an innovative and attractively designed traffic light. It is characterized by its flat front, without visor and its elegant, rounded lines.  <\/p><\/div><\/div><\/div><\/div><\/div><\/div><\/div>\n\n\n\n<div id=\"section-e2e8434d-f042-4422-a944-7201dbeef60e\" class=\"wp-block-gutentor-list gutentor-section gutentor-list-wrapper list-template1 text-left\"><div class=\"grid-container\"><ul class=\"grid-row gutentor-grid-item-wrap list-indicator-icon text-left\"><li class=\"gutentor-list-item grid-lg-6 grid-12 grid-12\"><span class=\"gutentor-single-item gutentor-single-item-0\"><span class=\"gutentor-list-item-wrap\"><span class=\"gutentor-single-list-item-icon\"><i class=\"list-item-icon far fa-check-circle\"><\/i><\/span><span class=\"gutentor-list-item\"><p class=\"gutentor-single-item-title\">Manufactured in U.V. stabilized polycarbonate (PC).  <\/p><\/span><\/span><\/span><\/li><li class=\"gutentor-list-item grid-lg-6 grid-12 grid-12\"><span class=\"gutentor-single-item gutentor-single-item-1\"><span class=\"gutentor-list-item-wrap\"><span class=\"gutentor-single-list-item-icon\"><i class=\"list-item-icon far fa-check-circle\"><\/i><\/span><span class=\"gutentor-list-item\"><p class=\"gutentor-single-item-title\">  Modular system. The modules can be rotated independently of each other.<\/p><\/span><\/span><\/span><\/li><li class=\"gutentor-list-item grid-lg-6 grid-12 grid-12\"><span class=\"gutentor-single-item gutentor-single-item-2\"><span class=\"gutentor-list-item-wrap\"><span class=\"gutentor-single-list-item-icon\"><i class=\"list-item-icon far fa-check-circle\"><\/i><\/span><span class=\"gutentor-list-item\"><p class=\"gutentor-single-item-title\">  Internal structure made up of an aluminum core (new <strong>SPINE<\/strong> system patented by <strong>TACSE<\/strong>) that provides the assembly with great rigidity, giving it high resistance to impact and wind.<\/p><\/span><\/span><\/span><\/li><li class=\"gutentor-list-item grid-lg-6 grid-12 grid-12\"><span class=\"gutentor-single-item gutentor-single-item-3\"><span class=\"gutentor-list-item-wrap\"><span class=\"gutentor-single-list-item-icon\"><i class=\"list-item-icon far fa-check-circle\"><\/i><\/span><span class=\"gutentor-list-item\"><p class=\"gutentor-single-item-title\">Due to its high rigidity, it allows the installation of vertical signage on its upper part, being fully integrated into the whole and thus reducing the visual impact.<\/p><\/span><\/span><\/span><\/li><li class=\"gutentor-list-item grid-lg-6 grid-12 grid-12\"><span class=\"gutentor-single-item gutentor-single-item-4\"><span class=\"gutentor-list-item-wrap\"><span class=\"gutentor-single-list-item-icon\"><i class=\"list-item-icon far fa-check-circle\"><\/i><\/span><span class=\"gutentor-list-item\"><p class=\"gutentor-single-item-title\">Available optics: pixel LED<strong>(PIL<\/strong>) or high-power LED<strong>(SPLENDOR<\/strong>)<\/p><\/span><\/span><\/span><\/li><li class=\"gutentor-list-item grid-lg-6 grid-12 grid-12\"><span class=\"gutentor-single-item gutentor-single-item-5\"><span class=\"gutentor-list-item-wrap\"><span class=\"gutentor-single-list-item-icon\"><i class=\"list-item-icon far fa-check-circle\"><\/i><\/span><span class=\"gutentor-list-item\"><p class=\"gutentor-single-item-title\">Easy and fast LED optics replacement system<strong>(PIL<\/strong>). Reduces installation and maintenance costs.<\/p><\/span><\/span><\/span><\/li><li class=\"gutentor-list-item grid-lg-6 grid-12 grid-12\"><span class=\"gutentor-single-item gutentor-single-item-6\"><span class=\"gutentor-list-item-wrap\"><span class=\"gutentor-single-list-item-icon\"><i class=\"list-item-icon far fa-check-circle\"><\/i><\/span><span class=\"gutentor-list-item\"><p class=\"gutentor-single-item-title\">Supply voltages: 230Vac, 110Vac, 42Vac, 24Vac, 24Vdc. Others on request.<\/p><\/span><\/span><\/span><\/li><li class=\"gutentor-list-item grid-lg-6 grid-12 grid-12\"><span class=\"gutentor-single-item gutentor-single-item-7\"><span class=\"gutentor-list-item-wrap\"><span class=\"gutentor-single-list-item-icon\"><i class=\"list-item-icon far fa-check-circle\"><\/i><\/span><span class=\"gutentor-list-item\"><p class=\"gutentor-single-item-title\">Standard colors: yellow and black. Other colors on request<\/p><\/span><\/span><\/span><\/li><li class=\"gutentor-list-item grid-lg-6 grid-12 grid-12\"><span class=\"gutentor-single-item gutentor-single-item-8\"><span class=\"gutentor-list-item-wrap\"><span class=\"gutentor-single-list-item-icon\"><i class=\"list-item-icon far fa-check-circle\"><\/i><\/span><span class=\"gutentor-list-item\"><p class=\"gutentor-single-item-title\">Certified according to EN 12368.<\/p><\/span><\/span><\/span><\/li><\/ul><\/div><\/div>\n\n\n\n<div id=\"section-g5defd5\" class=\"wp-block-gutentor-e2 section-g5defd5 gutentor-element gutentor-element-button button-align-center-desktop\"><span class=\"gutentor-button-wrap\"><a class=\"gutentor-button gutentor-block-button gutentor-icon-after\" href=\"https:\/\/tacse.es\/en\/contact\/\"><i class=\"gutentor-button-icon fas fa-file-pdf\"><\/i><span>Request for information<\/span><\/a><\/span><\/div>\n\n\n\n<div id=\"section-g1a2ecb\" class=\"wp-block-gutentor-e2 section-g1a2ecb gutentor-element gutentor-element-button button-align-center-desktop\"><span class=\"gutentor-button-wrap\"><a class=\"gutentor-button gutentor-block-button gutentor-icon-before\" href=\"https:\/\/tacse.es\/wp-content\/uploads\/2023\/10\/INSTRUCCIONS-S9-01.jpg\"><i class=\"gutentor-button-icon far fa-sun\"><\/i><span>Mounting recommendations<\/span><\/a><\/span><\/div>\n<\/div>\n<\/div><\/div><\/section>\n\n<p><\/p>\n","protected":false},"excerpt":{"rendered":"","protected":false},"author":4,"featured_media":0,"parent":0,"menu_order":0,"comment_status":"closed","ping_status":"closed","template":"","meta":{"content-type":"","_monsterinsights_skip_tracking":false,"_monsterinsights_sitenote_active":false,"_monsterinsights_sitenote_note":"","_monsterinsights_sitenote_category":0,"footnotes":""},"class_list":["post-18644","page","type-page","status-publish","hentry"],"yoast_head":"<!-- This site is optimized with the Yoast SEO plugin v27.2 - https:\/\/yoast.com\/product\/yoast-seo-wordpress\/ -->\n<title>Traffic light model S9 - TACSE - Road &amp; Railway Traffic Signal Solutions<\/title>\n<meta name=\"robots\" content=\"index, follow, max-snippet:-1, max-image-preview:large, max-video-preview:-1\" \/>\n<link rel=\"canonical\" href=\"https:\/\/tacse.es\/en\/traffic-light-model-s9\/\" \/>\n<meta property=\"og:locale\" content=\"en_US\" \/>\n<meta property=\"og:type\" content=\"article\" \/>\n<meta property=\"og:title\" content=\"Traffic light model S9 - TACSE - Road &amp; Railway Traffic Signal Solutions\" \/>\n<meta property=\"og:url\" content=\"https:\/\/tacse.es\/en\/traffic-light-model-s9\/\" \/>\n<meta property=\"og:site_name\" content=\"TACSE - Road &amp; Railway Traffic Signal Solutions\" \/>\n<meta property=\"article:modified_time\" content=\"2024-04-10T10:46:32+00:00\" \/>\n<meta property=\"og:image\" content=\"https:\/\/tacse.es\/wp-content\/uploads\/2023\/02\/iStock_000027005269Large-667x1024.jpg\" \/>\n<meta name=\"twitter:card\" content=\"summary_large_image\" \/>\n<meta name=\"twitter:label1\" content=\"Est. reading time\" \/>\n\t<meta name=\"twitter:data1\" content=\"1 minute\" \/>\n<script type=\"application\/ld+json\" class=\"yoast-schema-graph\">{\"@context\":\"https:\/\/schema.org\",\"@graph\":[{\"@type\":\"WebPage\",\"@id\":\"https:\/\/tacse.es\/en\/traffic-light-model-s9\/\",\"url\":\"https:\/\/tacse.es\/en\/traffic-light-model-s9\/\",\"name\":\"Traffic light model S9 - TACSE - Road &amp; Railway Traffic Signal Solutions\",\"isPartOf\":{\"@id\":\"https:\/\/tacse.es\/en\/#website\"},\"primaryImageOfPage\":{\"@id\":\"https:\/\/tacse.es\/en\/traffic-light-model-s9\/#primaryimage\"},\"image\":{\"@id\":\"https:\/\/tacse.es\/en\/traffic-light-model-s9\/#primaryimage\"},\"thumbnailUrl\":\"https:\/\/tacse.es\/wp-content\/uploads\/2023\/02\/iStock_000027005269Large-667x1024.jpg\",\"datePublished\":\"2023-02-08T11:36:02+00:00\",\"dateModified\":\"2024-04-10T10:46:32+00:00\",\"inLanguage\":\"en-US\",\"potentialAction\":[{\"@type\":\"ReadAction\",\"target\":[\"https:\/\/tacse.es\/en\/traffic-light-model-s9\/\"]}]},{\"@type\":\"ImageObject\",\"inLanguage\":\"en-US\",\"@id\":\"https:\/\/tacse.es\/en\/traffic-light-model-s9\/#primaryimage\",\"url\":\"https:\/\/tacse.es\/wp-content\/uploads\/2023\/02\/iStock_000027005269Large-667x1024.jpg\",\"contentUrl\":\"https:\/\/tacse.es\/wp-content\/uploads\/2023\/02\/iStock_000027005269Large-667x1024.jpg\"},{\"@type\":\"WebSite\",\"@id\":\"https:\/\/tacse.es\/en\/#website\",\"url\":\"https:\/\/tacse.es\/en\/\",\"name\":\"TACSE - Road &amp; Railway Traffic Signal Solutions\",\"description\":\"Desarrollar soluciones eficientes para el mundo de la se\u00f1alizaci\u00f3n, optimizando el proceso de fabricaci\u00f3n para tener un menor impacto en el medio ambiente.\",\"potentialAction\":[{\"@type\":\"SearchAction\",\"target\":{\"@type\":\"EntryPoint\",\"urlTemplate\":\"https:\/\/tacse.es\/en\/?s={search_term_string}\"},\"query-input\":{\"@type\":\"PropertyValueSpecification\",\"valueRequired\":true,\"valueName\":\"search_term_string\"}}],\"inLanguage\":\"en-US\"}]}<\/script>\n<!-- \/ Yoast SEO plugin. -->","yoast_head_json":{"title":"Traffic light model S9 - TACSE - Road &amp; Railway Traffic Signal Solutions","robots":{"index":"index","follow":"follow","max-snippet":"max-snippet:-1","max-image-preview":"max-image-preview:large","max-video-preview":"max-video-preview:-1"},"canonical":"https:\/\/tacse.es\/en\/traffic-light-model-s9\/","og_locale":"en_US","og_type":"article","og_title":"Traffic light model S9 - TACSE - Road &amp; Railway Traffic Signal Solutions","og_url":"https:\/\/tacse.es\/en\/traffic-light-model-s9\/","og_site_name":"TACSE - Road &amp; Railway Traffic Signal Solutions","article_modified_time":"2024-04-10T10:46:32+00:00","og_image":[{"url":"https:\/\/tacse.es\/wp-content\/uploads\/2023\/02\/iStock_000027005269Large-667x1024.jpg","type":"","width":"","height":""}],"twitter_card":"summary_large_image","twitter_misc":{"Est. reading time":"1 minute"},"schema":{"@context":"https:\/\/schema.org","@graph":[{"@type":"WebPage","@id":"https:\/\/tacse.es\/en\/traffic-light-model-s9\/","url":"https:\/\/tacse.es\/en\/traffic-light-model-s9\/","name":"Traffic light model S9 - TACSE - Road &amp; Railway Traffic Signal Solutions","isPartOf":{"@id":"https:\/\/tacse.es\/en\/#website"},"primaryImageOfPage":{"@id":"https:\/\/tacse.es\/en\/traffic-light-model-s9\/#primaryimage"},"image":{"@id":"https:\/\/tacse.es\/en\/traffic-light-model-s9\/#primaryimage"},"thumbnailUrl":"https:\/\/tacse.es\/wp-content\/uploads\/2023\/02\/iStock_000027005269Large-667x1024.jpg","datePublished":"2023-02-08T11:36:02+00:00","dateModified":"2024-04-10T10:46:32+00:00","inLanguage":"en-US","potentialAction":[{"@type":"ReadAction","target":["https:\/\/tacse.es\/en\/traffic-light-model-s9\/"]}]},{"@type":"ImageObject","inLanguage":"en-US","@id":"https:\/\/tacse.es\/en\/traffic-light-model-s9\/#primaryimage","url":"https:\/\/tacse.es\/wp-content\/uploads\/2023\/02\/iStock_000027005269Large-667x1024.jpg","contentUrl":"https:\/\/tacse.es\/wp-content\/uploads\/2023\/02\/iStock_000027005269Large-667x1024.jpg"},{"@type":"WebSite","@id":"https:\/\/tacse.es\/en\/#website","url":"https:\/\/tacse.es\/en\/","name":"TACSE - Road &amp; Railway Traffic Signal Solutions","description":"Desarrollar soluciones eficientes para el mundo de la se\u00f1alizaci\u00f3n, optimizando el proceso de fabricaci\u00f3n para tener un menor impacto en el medio ambiente.","potentialAction":[{"@type":"SearchAction","target":{"@type":"EntryPoint","urlTemplate":"https:\/\/tacse.es\/en\/?s={search_term_string}"},"query-input":{"@type":"PropertyValueSpecification","valueRequired":true,"valueName":"search_term_string"}}],"inLanguage":"en-US"}]}},"_links":{"self":[{"href":"https:\/\/tacse.es\/en\/wp-json\/wp\/v2\/pages\/18644","targetHints":{"allow":["GET"]}}],"collection":[{"href":"https:\/\/tacse.es\/en\/wp-json\/wp\/v2\/pages"}],"about":[{"href":"https:\/\/tacse.es\/en\/wp-json\/wp\/v2\/types\/page"}],"author":[{"embeddable":true,"href":"https:\/\/tacse.es\/en\/wp-json\/wp\/v2\/users\/4"}],"replies":[{"embeddable":true,"href":"https:\/\/tacse.es\/en\/wp-json\/wp\/v2\/comments?post=18644"}],"version-history":[{"count":1,"href":"https:\/\/tacse.es\/en\/wp-json\/wp\/v2\/pages\/18644\/revisions"}],"predecessor-version":[{"id":18651,"href":"https:\/\/tacse.es\/en\/wp-json\/wp\/v2\/pages\/18644\/revisions\/18651"}],"wp:attachment":[{"href":"https:\/\/tacse.es\/en\/wp-json\/wp\/v2\/media?parent=18644"}],"curies":[{"name":"wp","href":"https:\/\/api.w.org\/{rel}","templated":true}]}}