{"id":18660,"date":"2023-02-10T11:32:21","date_gmt":"2023-02-10T11:32:21","guid":{"rendered":"https:\/\/tacse.es\/kronos-duo-led-pedestrian-optics-switch-disconnector\/"},"modified":"2024-04-10T10:46:39","modified_gmt":"2024-04-10T10:46:39","slug":"kronos-duo-led-pedestrian-optics-switch-disconnector","status":"publish","type":"page","link":"https:\/\/tacse.es\/en\/kronos-duo-led-pedestrian-optics-switch-disconnector\/","title":{"rendered":"Kronos DUO: LED Pedestrian Optics + Switch Disconnector"},"content":{"rendered":"\n<section id=\"section-fd3d42d8-ae19-4fda-995a-82f7591684ff\" class=\"wp-block-gutentor-advanced-columns gutentor-section gutentor-advanced-columns has-color-bg has-custom-bg\"><div class=\"grid-container\"><div class=\"grid-row\">\n<div id=\"section-f4427eca-2e79-4674-9509-2018ccaca59e\" class=\"wp-block-gutentor-single-column gutentor-single-column  grid-lg-4 grid-md-12 grid-12\">\n<div class=\"wp-block-image\"><figure class=\"aligncenter size-large\"><img fetchpriority=\"high\" decoding=\"async\" width=\"240\" height=\"300\" src=\"https:\/\/tacse.es\/wp-content\/uploads\/2023\/02\/KRONOS-DUO-240x300-1.jpg\" alt=\"\" class=\"wp-image-13809\" srcset=\"https:\/\/tacse.es\/wp-content\/uploads\/2023\/02\/KRONOS-DUO-240x300-1.jpg 240w, https:\/\/tacse.es\/wp-content\/uploads\/2023\/02\/KRONOS-DUO-240x300-1-120x150.jpg 120w\" sizes=\"(max-width:767px) 240px, 240px\" \/><\/figure><\/div>\n<\/div>\n\n\n\n<div id=\"section-25979a6b-a5ab-4df8-99ea-4c4aabab45c6\" class=\"wp-block-gutentor-single-column gutentor-single-column  grid-lg-8 grid-md-12 grid-12\">\n<div id=\"section-870fb08f-0bd8-41eb-b16e-1b09066bcc00\" class=\"wp-block-gutentor-content-box gutentor-section gutentor-content-box-wrapper content-template1 text-left\"><div class=\"grid-container\"><div class=\"grid-row gutentor-grid-item-wrap\"><div class=\"gutentor-grid-column grid-lg-12 grid-md-12 grid-12\"><div class=\"gutentor-single-item gutentor-single-item-0\"><div class=\"gutentor-single-item-wrap\"><div class=\"gutentor-single-item-content\"><h1 class=\"gutentor-single-item-title\">Kronos DUO: LED Pedestrian Optics + Switch Disconnector<\/h1><p class=\"gutentor-single-item-desc\">The <strong>KRONOS Duo<\/strong> model  integrates within the same LED optic the figure of the pedestrian (red or green) with a timer that ideally should be of the complementary color (green or red), so that it is not necessary to use a third extra module to display the remaining waiting or passing time.<\/p><\/div><\/div><\/div><\/div><\/div><\/div><\/div>\n\n\n\n<div id=\"section-145186a5-62c2-4648-965d-f3a21545df42\" class=\"wp-block-gutentor-list gutentor-section gutentor-list-wrapper list-template1 text-left\"><div class=\"grid-container\"><ul class=\"grid-row gutentor-grid-item-wrap list-indicator-icon text-left\"><li class=\"gutentor-list-item grid-lg-6 grid-12 grid-12\"><span class=\"gutentor-single-item gutentor-single-item-0\"><span class=\"gutentor-list-item-wrap\"><span class=\"gutentor-single-list-item-icon\"><i class=\"list-item-icon far fa-check-circle\"><\/i><\/span><span class=\"gutentor-list-item\"><p class=\"gutentor-single-item-title\">  Standard counter: 2 digits (0-99).<\/p><\/span><\/span><\/span><\/li><li class=\"gutentor-list-item grid-lg-6 grid-12 grid-12\"><span class=\"gutentor-single-item gutentor-single-item-1\"><span class=\"gutentor-list-item-wrap\"><span class=\"gutentor-single-list-item-icon\"><i class=\"list-item-icon far fa-check-circle\"><\/i><\/span><span class=\"gutentor-list-item\"><p class=\"gutentor-single-item-title\">Two possible time interval setting modes: autonomous or fixed.<\/p><\/span><\/span><\/span><\/li><li class=\"gutentor-list-item grid-lg-6 grid-12 grid-12\"><span class=\"gutentor-single-item gutentor-single-item-2\"><span class=\"gutentor-list-item-wrap\"><span class=\"gutentor-single-list-item-icon\"><i class=\"list-item-icon far fa-check-circle\"><\/i><\/span><span class=\"gutentor-list-item\"><p class=\"gutentor-single-item-title\">Standard LED colors: red or green. Others (amber or white) on request.<\/p><\/span><\/span><\/span><\/li><li class=\"gutentor-list-item grid-lg-6 grid-12 grid-12\"><span class=\"gutentor-single-item gutentor-single-item-3\"><span class=\"gutentor-list-item-wrap\"><span class=\"gutentor-single-list-item-icon\"><i class=\"list-item-icon far fa-check-circle\"><\/i><\/span><span class=\"gutentor-list-item\"><p class=\"gutentor-single-item-title\">Power supply: 230Vac, 110Vac, 42Vac.<\/p><\/span><\/span><\/span><\/li><li class=\"gutentor-list-item grid-lg-6 grid-12 grid-12\"><span class=\"gutentor-single-item gutentor-single-item-4\"><span class=\"gutentor-list-item-wrap\"><span class=\"gutentor-single-list-item-icon\"><i class=\"list-item-icon far fa-check-circle\"><\/i><\/span><span class=\"gutentor-list-item\"><p class=\"gutentor-single-item-title\">Possibility of clear or smoked front lens.<\/p><\/span><\/span><\/span><\/li><li class=\"gutentor-list-item grid-lg-6 grid-12 grid-12\"><span class=\"gutentor-single-item gutentor-single-item-5\"><span class=\"gutentor-list-item-wrap\"><span class=\"gutentor-single-list-item-icon\"><i class=\"list-item-icon far fa-check-circle\"><\/i><\/span><span class=\"gutentor-list-item\"><p class=\"gutentor-single-item-title\">Module with IP-65 protection.<\/p><\/span><\/span><\/span><\/li><li class=\"gutentor-list-item grid-lg-6 grid-12 grid-12\"><span class=\"gutentor-single-item gutentor-single-item-6\"><span class=\"gutentor-list-item-wrap\"><span class=\"gutentor-single-list-item-icon\"><i class=\"list-item-icon far fa-check-circle\"><\/i><\/span><span class=\"gutentor-list-item\"><p class=\"gutentor-single-item-title\">Complies with EN 12368 standard.<\/p><\/span><\/span><\/span><\/li><li class=\"gutentor-list-item grid-lg-6 grid-12 grid-12\"><span class=\"gutentor-single-item gutentor-single-item-7\"><span class=\"gutentor-list-item-wrap\"><span class=\"gutentor-single-list-item-icon\"><i class=\"list-item-icon far fa-check-circle\"><\/i><\/span><span class=\"gutentor-list-item\"><p class=\"gutentor-single-item-title\">Integration of pedestrian and backflow preventer in a single module.<\/p><\/span><\/span><\/span><\/li><li class=\"gutentor-list-item grid-lg-6 grid-12 grid-12\"><span class=\"gutentor-single-item gutentor-single-item-8\"><span class=\"gutentor-list-item-wrap\"><span class=\"gutentor-single-list-item-icon\"><i class=\"list-item-icon far fa-check-circle\"><\/i><\/span><span class=\"gutentor-list-item\"><p class=\"gutentor-single-item-title\">High brightness and low consumption.<\/p><\/span><\/span><\/span><\/li><li class=\"gutentor-list-item grid-lg-6 grid-12 grid-12\"><span class=\"gutentor-single-item gutentor-single-item-9\"><span class=\"gutentor-list-item-wrap\"><span class=\"gutentor-single-list-item-icon\"><i class=\"list-item-icon far fa-check-circle\"><\/i><\/span><span class=\"gutentor-list-item\"><p class=\"gutentor-single-item-title\">Available in round (D-200 PIL) and square (PPC PIL) mechanical versions.<\/p><\/span><\/span><\/span><\/li><li class=\"gutentor-list-item grid-lg-6 grid-12 grid-12\"><span class=\"gutentor-single-item gutentor-single-item-10\"><span class=\"gutentor-list-item-wrap\"><span class=\"gutentor-single-list-item-icon\"><i class=\"list-item-icon far fa-check-circle\"><\/i><\/span><span class=\"gutentor-list-item\"><p class=\"gutentor-single-item-title\">On request, it allows the integration of an Acoustic System for the Blind (SAI).<\/p><\/span><\/span><\/span><\/li><\/ul><\/div><\/div>\n\n\n\n<div id=\"section-gd41abd\" class=\"wp-block-gutentor-e2 section-gd41abd gutentor-element gutentor-element-button button-align-center-desktop\"><span class=\"gutentor-button-wrap\"><a class=\"gutentor-button gutentor-block-button gutentor-icon-after\" href=\"https:\/\/tacse.es\/en\/contact\/\"><i class=\"gutentor-button-icon fas fa-file-pdf\"><\/i><span>Request for information  <\/span><\/a><\/span><\/div>\n<\/div>\n<\/div><\/div><\/section>\n","protected":false},"excerpt":{"rendered":"","protected":false},"author":4,"featured_media":0,"parent":0,"menu_order":0,"comment_status":"closed","ping_status":"closed","template":"","meta":{"content-type":"","_monsterinsights_skip_tracking":false,"_monsterinsights_sitenote_active":false,"_monsterinsights_sitenote_note":"","_monsterinsights_sitenote_category":0,"footnotes":""},"class_list":["post-18660","page","type-page","status-publish","hentry"],"yoast_head":"<!-- This site is optimized with the Yoast SEO plugin v27.4 - https:\/\/yoast.com\/product\/yoast-seo-wordpress\/ -->\n<title>Kronos DUO: LED Pedestrian Optics + Switch Disconnector - TACSE - Road &amp; Railway Traffic Signal Solutions<\/title>\n<meta name=\"robots\" content=\"index, follow, max-snippet:-1, max-image-preview:large, max-video-preview:-1\" \/>\n<link rel=\"canonical\" href=\"https:\/\/tacse.es\/en\/kronos-duo-led-pedestrian-optics-switch-disconnector\/\" \/>\n<meta property=\"og:locale\" content=\"en_US\" \/>\n<meta property=\"og:type\" content=\"article\" \/>\n<meta property=\"og:title\" content=\"Kronos DUO: LED Pedestrian Optics + Switch Disconnector - TACSE - Road &amp; Railway Traffic Signal Solutions\" \/>\n<meta property=\"og:url\" content=\"https:\/\/tacse.es\/en\/kronos-duo-led-pedestrian-optics-switch-disconnector\/\" \/>\n<meta property=\"og:site_name\" content=\"TACSE - Road &amp; Railway Traffic Signal Solutions\" \/>\n<meta property=\"article:modified_time\" content=\"2024-04-10T10:46:39+00:00\" \/>\n<meta property=\"og:image\" content=\"https:\/\/tacse.es\/wp-content\/uploads\/2023\/02\/KRONOS-DUO-240x300-1.jpg\" \/>\n<meta name=\"twitter:card\" content=\"summary_large_image\" \/>\n<meta name=\"twitter:label1\" content=\"Est. reading time\" \/>\n\t<meta name=\"twitter:data1\" content=\"1 minute\" \/>\n<script type=\"application\/ld+json\" class=\"yoast-schema-graph\">{\"@context\":\"https:\\\/\\\/schema.org\",\"@graph\":[{\"@type\":\"WebPage\",\"@id\":\"https:\\\/\\\/tacse.es\\\/en\\\/kronos-duo-led-pedestrian-optics-switch-disconnector\\\/\",\"url\":\"https:\\\/\\\/tacse.es\\\/en\\\/kronos-duo-led-pedestrian-optics-switch-disconnector\\\/\",\"name\":\"Kronos DUO: LED Pedestrian Optics + Switch Disconnector - TACSE - Road &amp; Railway Traffic Signal Solutions\",\"isPartOf\":{\"@id\":\"https:\\\/\\\/tacse.es\\\/en\\\/#website\"},\"primaryImageOfPage\":{\"@id\":\"https:\\\/\\\/tacse.es\\\/en\\\/kronos-duo-led-pedestrian-optics-switch-disconnector\\\/#primaryimage\"},\"image\":{\"@id\":\"https:\\\/\\\/tacse.es\\\/en\\\/kronos-duo-led-pedestrian-optics-switch-disconnector\\\/#primaryimage\"},\"thumbnailUrl\":\"https:\\\/\\\/tacse.es\\\/wp-content\\\/uploads\\\/2023\\\/02\\\/KRONOS-DUO-240x300-1.jpg\",\"datePublished\":\"2023-02-10T11:32:21+00:00\",\"dateModified\":\"2024-04-10T10:46:39+00:00\",\"inLanguage\":\"en-US\",\"potentialAction\":[{\"@type\":\"ReadAction\",\"target\":[\"https:\\\/\\\/tacse.es\\\/en\\\/kronos-duo-led-pedestrian-optics-switch-disconnector\\\/\"]}]},{\"@type\":\"ImageObject\",\"inLanguage\":\"en-US\",\"@id\":\"https:\\\/\\\/tacse.es\\\/en\\\/kronos-duo-led-pedestrian-optics-switch-disconnector\\\/#primaryimage\",\"url\":\"https:\\\/\\\/tacse.es\\\/wp-content\\\/uploads\\\/2023\\\/02\\\/KRONOS-DUO-240x300-1.jpg\",\"contentUrl\":\"https:\\\/\\\/tacse.es\\\/wp-content\\\/uploads\\\/2023\\\/02\\\/KRONOS-DUO-240x300-1.jpg\"},{\"@type\":\"WebSite\",\"@id\":\"https:\\\/\\\/tacse.es\\\/en\\\/#website\",\"url\":\"https:\\\/\\\/tacse.es\\\/en\\\/\",\"name\":\"TACSE - Road &amp; Railway Traffic Signal Solutions\",\"description\":\"Desarrollar soluciones eficientes para el mundo de la se\u00f1alizaci\u00f3n, optimizando el proceso de fabricaci\u00f3n para tener un menor impacto en el medio ambiente.\",\"potentialAction\":[{\"@type\":\"SearchAction\",\"target\":{\"@type\":\"EntryPoint\",\"urlTemplate\":\"https:\\\/\\\/tacse.es\\\/en\\\/?s={search_term_string}\"},\"query-input\":{\"@type\":\"PropertyValueSpecification\",\"valueRequired\":true,\"valueName\":\"search_term_string\"}}],\"inLanguage\":\"en-US\"}]}<\/script>\n<!-- \/ Yoast SEO plugin. -->","yoast_head_json":{"title":"Kronos DUO: LED Pedestrian Optics + Switch Disconnector - TACSE - Road &amp; Railway Traffic Signal Solutions","robots":{"index":"index","follow":"follow","max-snippet":"max-snippet:-1","max-image-preview":"max-image-preview:large","max-video-preview":"max-video-preview:-1"},"canonical":"https:\/\/tacse.es\/en\/kronos-duo-led-pedestrian-optics-switch-disconnector\/","og_locale":"en_US","og_type":"article","og_title":"Kronos DUO: LED Pedestrian Optics + Switch Disconnector - TACSE - Road &amp; Railway Traffic Signal Solutions","og_url":"https:\/\/tacse.es\/en\/kronos-duo-led-pedestrian-optics-switch-disconnector\/","og_site_name":"TACSE - Road &amp; Railway Traffic Signal Solutions","article_modified_time":"2024-04-10T10:46:39+00:00","og_image":[{"url":"https:\/\/tacse.es\/wp-content\/uploads\/2023\/02\/KRONOS-DUO-240x300-1.jpg","type":"","width":"","height":""}],"twitter_card":"summary_large_image","twitter_misc":{"Est. reading time":"1 minute"},"schema":{"@context":"https:\/\/schema.org","@graph":[{"@type":"WebPage","@id":"https:\/\/tacse.es\/en\/kronos-duo-led-pedestrian-optics-switch-disconnector\/","url":"https:\/\/tacse.es\/en\/kronos-duo-led-pedestrian-optics-switch-disconnector\/","name":"Kronos DUO: LED Pedestrian Optics + Switch Disconnector - TACSE - Road &amp; Railway Traffic Signal Solutions","isPartOf":{"@id":"https:\/\/tacse.es\/en\/#website"},"primaryImageOfPage":{"@id":"https:\/\/tacse.es\/en\/kronos-duo-led-pedestrian-optics-switch-disconnector\/#primaryimage"},"image":{"@id":"https:\/\/tacse.es\/en\/kronos-duo-led-pedestrian-optics-switch-disconnector\/#primaryimage"},"thumbnailUrl":"https:\/\/tacse.es\/wp-content\/uploads\/2023\/02\/KRONOS-DUO-240x300-1.jpg","datePublished":"2023-02-10T11:32:21+00:00","dateModified":"2024-04-10T10:46:39+00:00","inLanguage":"en-US","potentialAction":[{"@type":"ReadAction","target":["https:\/\/tacse.es\/en\/kronos-duo-led-pedestrian-optics-switch-disconnector\/"]}]},{"@type":"ImageObject","inLanguage":"en-US","@id":"https:\/\/tacse.es\/en\/kronos-duo-led-pedestrian-optics-switch-disconnector\/#primaryimage","url":"https:\/\/tacse.es\/wp-content\/uploads\/2023\/02\/KRONOS-DUO-240x300-1.jpg","contentUrl":"https:\/\/tacse.es\/wp-content\/uploads\/2023\/02\/KRONOS-DUO-240x300-1.jpg"},{"@type":"WebSite","@id":"https:\/\/tacse.es\/en\/#website","url":"https:\/\/tacse.es\/en\/","name":"TACSE - Road &amp; Railway Traffic Signal Solutions","description":"Desarrollar soluciones eficientes para el mundo de la se\u00f1alizaci\u00f3n, optimizando el proceso de fabricaci\u00f3n para tener un menor impacto en el medio ambiente.","potentialAction":[{"@type":"SearchAction","target":{"@type":"EntryPoint","urlTemplate":"https:\/\/tacse.es\/en\/?s={search_term_string}"},"query-input":{"@type":"PropertyValueSpecification","valueRequired":true,"valueName":"search_term_string"}}],"inLanguage":"en-US"}]}},"_links":{"self":[{"href":"https:\/\/tacse.es\/en\/wp-json\/wp\/v2\/pages\/18660","targetHints":{"allow":["GET"]}}],"collection":[{"href":"https:\/\/tacse.es\/en\/wp-json\/wp\/v2\/pages"}],"about":[{"href":"https:\/\/tacse.es\/en\/wp-json\/wp\/v2\/types\/page"}],"author":[{"embeddable":true,"href":"https:\/\/tacse.es\/en\/wp-json\/wp\/v2\/users\/4"}],"replies":[{"embeddable":true,"href":"https:\/\/tacse.es\/en\/wp-json\/wp\/v2\/comments?post=18660"}],"version-history":[{"count":1,"href":"https:\/\/tacse.es\/en\/wp-json\/wp\/v2\/pages\/18660\/revisions"}],"predecessor-version":[{"id":18670,"href":"https:\/\/tacse.es\/en\/wp-json\/wp\/v2\/pages\/18660\/revisions\/18670"}],"wp:attachment":[{"href":"https:\/\/tacse.es\/en\/wp-json\/wp\/v2\/media?parent=18660"}],"curies":[{"name":"wp","href":"https:\/\/api.w.org\/{rel}","templated":true}]}}