{"id":18668,"date":"2023-02-10T11:41:50","date_gmt":"2023-02-10T11:41:50","guid":{"rendered":"https:\/\/tacse.es\/ta-evo-and-sb-traffic-light-brackets\/"},"modified":"2024-04-10T10:46:40","modified_gmt":"2024-04-10T10:46:40","slug":"ta-evo-and-sb-traffic-light-brackets","status":"publish","type":"page","link":"https:\/\/tacse.es\/en\/ta-evo-and-sb-traffic-light-brackets\/","title":{"rendered":"TA, EVO and SB traffic light brackets"},"content":{"rendered":"\n<section id=\"section-143fe79b-23bf-450e-9085-7cc7e3621ba9\" class=\"wp-block-gutentor-advanced-columns gutentor-section gutentor-advanced-columns has-color-bg has-custom-bg\"><div class=\"grid-container\"><div class=\"grid-row\">\n<div id=\"section-f1483d36-f354-485e-aace-71118fb207d3\" class=\"wp-block-gutentor-single-column gutentor-single-column  grid-lg-4 grid-md-12 grid-12\"><div class=\"wp-block-image\">\n<figure class=\"aligncenter size-large\"><img fetchpriority=\"high\" decoding=\"async\" width=\"500\" height=\"666\" src=\"https:\/\/tacse.es\/wp-content\/uploads\/2023\/07\/Soportes1-1.png\" alt=\"\" class=\"wp-image-15671\" srcset=\"https:\/\/tacse.es\/wp-content\/uploads\/2023\/07\/Soportes1-1.png 500w, https:\/\/tacse.es\/wp-content\/uploads\/2023\/07\/Soportes1-1-225x300.png 225w, https:\/\/tacse.es\/wp-content\/uploads\/2023\/07\/Soportes1-1-120x160.png 120w\" sizes=\"(max-width:767px) 480px, 500px\" \/><\/figure>\n<\/div><\/div>\n\n\n\n<div id=\"section-46551c59-2d89-41de-b53e-f9bae5507bea\" class=\"wp-block-gutentor-single-column gutentor-single-column  grid-lg-8 grid-md-12 grid-12\">\n<div id=\"section-c7a20771-b3a9-4071-91be-2c878de808c9\" class=\"wp-block-gutentor-content-box gutentor-section gutentor-content-box-wrapper content-template1 text-left\"><div class=\"grid-container\"><div class=\"grid-row gutentor-grid-item-wrap\"><div class=\"gutentor-grid-column grid-lg-12 grid-md-12 grid-12\"><div class=\"gutentor-single-item gutentor-single-item-0\"><div class=\"gutentor-single-item-wrap\"><div class=\"gutentor-single-item-content\"><h1 class=\"gutentor-single-item-title\">TA, EVO and SB traffic light brackets<\/h1><p class=\"gutentor-single-item-desc\">The main function of these accessories is to facilitate the installation of <strong>TA<\/strong>, <strong>EVO<\/strong> and <strong>SB<\/strong> series traffic lights in their various configurations (columns, poles, walls or gantries). They are also available in different lengths and allow the installation of one, two or even three traffic lights at a time (single, double or triple brackets). They are mainly manufactured in aluminum, especially suitable for combining strength and lightness in equal parts, although there are also models in polycarbonate.<\/p><\/div><\/div><\/div><\/div><\/div><\/div><\/div>\n\n\n\n<div id=\"section-fabe81f3-9eae-44a3-8160-5289761897c5\" class=\"wp-block-gutentor-list gutentor-section gutentor-list-wrapper list-template1 text-left\"><div class=\"grid-container\"><ul class=\"grid-row gutentor-grid-item-wrap list-indicator-icon text-left\"><li class=\"gutentor-list-item grid-lg-6 grid-12 grid-12\"><span class=\"gutentor-single-item gutentor-single-item-0\"><span class=\"gutentor-list-item-wrap\"><span class=\"gutentor-single-list-item-icon\"><i class=\"list-item-icon far fa-check-circle\"><\/i><\/span><span class=\"gutentor-list-item\"><p class=\"gutentor-single-item-title\">Models manufactured in aluminum have a polyester powder coating polymerized at 230\u00baC.<\/p><\/span><\/span><\/span><\/li><li class=\"gutentor-list-item grid-lg-6 grid-12 grid-12\"><span class=\"gutentor-single-item gutentor-single-item-1\"><span class=\"gutentor-list-item-wrap\"><span class=\"gutentor-single-list-item-icon\"><i class=\"list-item-icon far fa-check-circle\"><\/i><\/span><span class=\"gutentor-list-item\"><p class=\"gutentor-single-item-title\">Models manufactured in polycarbonate (PC) black color and other colors upon request.<\/p><\/span><\/span><\/span><\/li><li class=\"gutentor-list-item grid-lg-6 grid-12 grid-12\"><span class=\"gutentor-single-item gutentor-single-item-2\"><span class=\"gutentor-list-item-wrap\"><span class=\"gutentor-single-list-item-icon\"><i class=\"list-item-icon far fa-check-circle\"><\/i><\/span><span class=\"gutentor-list-item\"><p class=\"gutentor-single-item-title\">High resistance to environmental and atmospheric conditions.<\/p><\/span><\/span><\/span><\/li><li class=\"gutentor-list-item grid-lg-6 grid-12 grid-12\"><span class=\"gutentor-single-item gutentor-single-item-3\"><span class=\"gutentor-list-item-wrap\"><span class=\"gutentor-single-list-item-icon\"><i class=\"list-item-icon far fa-check-circle\"><\/i><\/span><span class=\"gutentor-list-item\"><p class=\"gutentor-single-item-title\">Internal anti-rotational positioning gearing for the coupled semaphore unit.<\/p><\/span><\/span><\/span><\/li><li class=\"gutentor-list-item grid-lg-6 grid-12 grid-12\"><span class=\"gutentor-single-item gutentor-single-item-4\"><span class=\"gutentor-list-item-wrap\"><span class=\"gutentor-single-list-item-icon\"><i class=\"list-item-icon far fa-check-circle\"><\/i><\/span><span class=\"gutentor-list-item\"><p class=\"gutentor-single-item-title\">The hollow construction of the brackets allows wiring to be routed through them.<\/p><\/span><\/span><\/span><\/li><\/ul><\/div><\/div>\n\n\n\n<div id=\"section-g632b31\" class=\"wp-block-gutentor-e2 section-g632b31 gutentor-element gutentor-element-button button-align-left-desktop\"><span class=\"gutentor-button-wrap\"><a class=\"gutentor-button gutentor-block-button gutentor-icon-after\" href=\"https:\/\/tacse.es\/en\/contact\/\"><i class=\"gutentor-button-icon far fa-envelope\"><\/i><span>REQUEST INFORMATION  <\/span><\/a><\/span><\/div>\n\n\n\n<div id=\"section-g9fcdd0\" class=\"wp-block-gutentor-e2 section-g9fcdd0 gutentor-element gutentor-element-button button-align-center-desktop\"><span class=\"gutentor-button-wrap\"><a class=\"gutentor-button gutentor-block-button gutentor-icon-before\" href=\"https:\/\/tacse.es\/wp-content\/uploads\/2023\/10\/CONJUNTO-SOPORTES_Mesa-de-trabajo-1.jpg\"><i class=\"gutentor-button-icon far fa-sun\"><\/i><span>Mounting recommendations<\/span><\/a><\/span><\/div>\n<\/div>\n<\/div><\/div><\/section>\n","protected":false},"excerpt":{"rendered":"","protected":false},"author":4,"featured_media":0,"parent":0,"menu_order":0,"comment_status":"closed","ping_status":"closed","template":"","meta":{"content-type":"","_monsterinsights_skip_tracking":false,"_monsterinsights_sitenote_active":false,"_monsterinsights_sitenote_note":"","_monsterinsights_sitenote_category":0,"footnotes":""},"class_list":["post-18668","page","type-page","status-publish","hentry"],"yoast_head":"<!-- This site is optimized with the Yoast SEO plugin v27.4 - https:\/\/yoast.com\/product\/yoast-seo-wordpress\/ -->\n<title>TA, EVO and SB traffic light brackets - TACSE - Road &amp; Railway Traffic Signal Solutions<\/title>\n<meta name=\"robots\" content=\"index, follow, max-snippet:-1, max-image-preview:large, max-video-preview:-1\" \/>\n<link rel=\"canonical\" href=\"https:\/\/tacse.es\/en\/ta-evo-and-sb-traffic-light-brackets\/\" \/>\n<meta property=\"og:locale\" content=\"en_US\" \/>\n<meta property=\"og:type\" content=\"article\" \/>\n<meta property=\"og:title\" content=\"TA, EVO and SB traffic light brackets - TACSE - Road &amp; Railway Traffic Signal Solutions\" \/>\n<meta property=\"og:url\" content=\"https:\/\/tacse.es\/en\/ta-evo-and-sb-traffic-light-brackets\/\" \/>\n<meta property=\"og:site_name\" content=\"TACSE - Road &amp; Railway Traffic Signal Solutions\" \/>\n<meta property=\"article:modified_time\" content=\"2024-04-10T10:46:40+00:00\" \/>\n<meta property=\"og:image\" content=\"https:\/\/tacse.es\/wp-content\/uploads\/2023\/07\/Soportes1-1.png\" \/>\n<meta name=\"twitter:card\" content=\"summary_large_image\" \/>\n<meta name=\"twitter:label1\" content=\"Est. reading time\" \/>\n\t<meta name=\"twitter:data1\" content=\"1 minute\" \/>\n<script type=\"application\/ld+json\" class=\"yoast-schema-graph\">{\"@context\":\"https:\\\/\\\/schema.org\",\"@graph\":[{\"@type\":\"WebPage\",\"@id\":\"https:\\\/\\\/tacse.es\\\/en\\\/ta-evo-and-sb-traffic-light-brackets\\\/\",\"url\":\"https:\\\/\\\/tacse.es\\\/en\\\/ta-evo-and-sb-traffic-light-brackets\\\/\",\"name\":\"TA, EVO and SB traffic light brackets - TACSE - Road &amp; Railway Traffic Signal Solutions\",\"isPartOf\":{\"@id\":\"https:\\\/\\\/tacse.es\\\/en\\\/#website\"},\"primaryImageOfPage\":{\"@id\":\"https:\\\/\\\/tacse.es\\\/en\\\/ta-evo-and-sb-traffic-light-brackets\\\/#primaryimage\"},\"image\":{\"@id\":\"https:\\\/\\\/tacse.es\\\/en\\\/ta-evo-and-sb-traffic-light-brackets\\\/#primaryimage\"},\"thumbnailUrl\":\"https:\\\/\\\/tacse.es\\\/wp-content\\\/uploads\\\/2023\\\/07\\\/Soportes1-1.png\",\"datePublished\":\"2023-02-10T11:41:50+00:00\",\"dateModified\":\"2024-04-10T10:46:40+00:00\",\"inLanguage\":\"en-US\",\"potentialAction\":[{\"@type\":\"ReadAction\",\"target\":[\"https:\\\/\\\/tacse.es\\\/en\\\/ta-evo-and-sb-traffic-light-brackets\\\/\"]}]},{\"@type\":\"ImageObject\",\"inLanguage\":\"en-US\",\"@id\":\"https:\\\/\\\/tacse.es\\\/en\\\/ta-evo-and-sb-traffic-light-brackets\\\/#primaryimage\",\"url\":\"https:\\\/\\\/tacse.es\\\/wp-content\\\/uploads\\\/2023\\\/07\\\/Soportes1-1.png\",\"contentUrl\":\"https:\\\/\\\/tacse.es\\\/wp-content\\\/uploads\\\/2023\\\/07\\\/Soportes1-1.png\"},{\"@type\":\"WebSite\",\"@id\":\"https:\\\/\\\/tacse.es\\\/en\\\/#website\",\"url\":\"https:\\\/\\\/tacse.es\\\/en\\\/\",\"name\":\"TACSE - Road &amp; Railway Traffic Signal Solutions\",\"description\":\"Desarrollar soluciones eficientes para el mundo de la se\u00f1alizaci\u00f3n, optimizando el proceso de fabricaci\u00f3n para tener un menor impacto en el medio ambiente.\",\"potentialAction\":[{\"@type\":\"SearchAction\",\"target\":{\"@type\":\"EntryPoint\",\"urlTemplate\":\"https:\\\/\\\/tacse.es\\\/en\\\/?s={search_term_string}\"},\"query-input\":{\"@type\":\"PropertyValueSpecification\",\"valueRequired\":true,\"valueName\":\"search_term_string\"}}],\"inLanguage\":\"en-US\"}]}<\/script>\n<!-- \/ Yoast SEO plugin. -->","yoast_head_json":{"title":"TA, EVO and SB traffic light brackets - TACSE - Road &amp; Railway Traffic Signal Solutions","robots":{"index":"index","follow":"follow","max-snippet":"max-snippet:-1","max-image-preview":"max-image-preview:large","max-video-preview":"max-video-preview:-1"},"canonical":"https:\/\/tacse.es\/en\/ta-evo-and-sb-traffic-light-brackets\/","og_locale":"en_US","og_type":"article","og_title":"TA, EVO and SB traffic light brackets - TACSE - Road &amp; Railway Traffic Signal Solutions","og_url":"https:\/\/tacse.es\/en\/ta-evo-and-sb-traffic-light-brackets\/","og_site_name":"TACSE - Road &amp; Railway Traffic Signal Solutions","article_modified_time":"2024-04-10T10:46:40+00:00","og_image":[{"url":"https:\/\/tacse.es\/wp-content\/uploads\/2023\/07\/Soportes1-1.png","type":"","width":"","height":""}],"twitter_card":"summary_large_image","twitter_misc":{"Est. reading time":"1 minute"},"schema":{"@context":"https:\/\/schema.org","@graph":[{"@type":"WebPage","@id":"https:\/\/tacse.es\/en\/ta-evo-and-sb-traffic-light-brackets\/","url":"https:\/\/tacse.es\/en\/ta-evo-and-sb-traffic-light-brackets\/","name":"TA, EVO and SB traffic light brackets - TACSE - Road &amp; Railway Traffic Signal Solutions","isPartOf":{"@id":"https:\/\/tacse.es\/en\/#website"},"primaryImageOfPage":{"@id":"https:\/\/tacse.es\/en\/ta-evo-and-sb-traffic-light-brackets\/#primaryimage"},"image":{"@id":"https:\/\/tacse.es\/en\/ta-evo-and-sb-traffic-light-brackets\/#primaryimage"},"thumbnailUrl":"https:\/\/tacse.es\/wp-content\/uploads\/2023\/07\/Soportes1-1.png","datePublished":"2023-02-10T11:41:50+00:00","dateModified":"2024-04-10T10:46:40+00:00","inLanguage":"en-US","potentialAction":[{"@type":"ReadAction","target":["https:\/\/tacse.es\/en\/ta-evo-and-sb-traffic-light-brackets\/"]}]},{"@type":"ImageObject","inLanguage":"en-US","@id":"https:\/\/tacse.es\/en\/ta-evo-and-sb-traffic-light-brackets\/#primaryimage","url":"https:\/\/tacse.es\/wp-content\/uploads\/2023\/07\/Soportes1-1.png","contentUrl":"https:\/\/tacse.es\/wp-content\/uploads\/2023\/07\/Soportes1-1.png"},{"@type":"WebSite","@id":"https:\/\/tacse.es\/en\/#website","url":"https:\/\/tacse.es\/en\/","name":"TACSE - Road &amp; Railway Traffic Signal Solutions","description":"Desarrollar soluciones eficientes para el mundo de la se\u00f1alizaci\u00f3n, optimizando el proceso de fabricaci\u00f3n para tener un menor impacto en el medio ambiente.","potentialAction":[{"@type":"SearchAction","target":{"@type":"EntryPoint","urlTemplate":"https:\/\/tacse.es\/en\/?s={search_term_string}"},"query-input":{"@type":"PropertyValueSpecification","valueRequired":true,"valueName":"search_term_string"}}],"inLanguage":"en-US"}]}},"_links":{"self":[{"href":"https:\/\/tacse.es\/en\/wp-json\/wp\/v2\/pages\/18668","targetHints":{"allow":["GET"]}}],"collection":[{"href":"https:\/\/tacse.es\/en\/wp-json\/wp\/v2\/pages"}],"about":[{"href":"https:\/\/tacse.es\/en\/wp-json\/wp\/v2\/types\/page"}],"author":[{"embeddable":true,"href":"https:\/\/tacse.es\/en\/wp-json\/wp\/v2\/users\/4"}],"replies":[{"embeddable":true,"href":"https:\/\/tacse.es\/en\/wp-json\/wp\/v2\/comments?post=18668"}],"version-history":[{"count":1,"href":"https:\/\/tacse.es\/en\/wp-json\/wp\/v2\/pages\/18668\/revisions"}],"predecessor-version":[{"id":18676,"href":"https:\/\/tacse.es\/en\/wp-json\/wp\/v2\/pages\/18668\/revisions\/18676"}],"wp:attachment":[{"href":"https:\/\/tacse.es\/en\/wp-json\/wp\/v2\/media?parent=18668"}],"curies":[{"name":"wp","href":"https:\/\/api.w.org\/{rel}","templated":true}]}}