{"id":18678,"date":"2023-02-10T11:35:23","date_gmt":"2023-02-10T11:35:23","guid":{"rendered":"https:\/\/tacse.es\/smart-kronos-duo-led-pedestrian-optics-switch-with-communications\/"},"modified":"2024-04-10T10:46:41","modified_gmt":"2024-04-10T10:46:41","slug":"smart-kronos-duo-led-pedestrian-optics-switch-with-communications","status":"publish","type":"page","link":"https:\/\/tacse.es\/en\/smart-kronos-duo-led-pedestrian-optics-switch-with-communications\/","title":{"rendered":"Smart Kronos Duo: LED Pedestrian Optics + Switch with Communications"},"content":{"rendered":"\n<section id=\"section-13612155-266d-4d94-a4fb-4e3bac87abad\" class=\"wp-block-gutentor-advanced-columns gutentor-section gutentor-advanced-columns has-color-bg has-custom-bg\"><div class=\"grid-container\"><div class=\"grid-row\">\n<div id=\"section-ea4580f5-360b-4ed9-b5d6-d9b246084381\" class=\"wp-block-gutentor-single-column gutentor-single-column  grid-lg-4 grid-md-12 grid-12\">\n<div class=\"wp-block-image\"><figure class=\"aligncenter size-large\"><img fetchpriority=\"high\" decoding=\"async\" width=\"200\" height=\"300\" src=\"https:\/\/tacse.es\/wp-content\/uploads\/2023\/02\/SMART-KRONOS-DUO-200x300-1.jpg\" alt=\"\" class=\"wp-image-13810\" srcset=\"https:\/\/tacse.es\/wp-content\/uploads\/2023\/02\/SMART-KRONOS-DUO-200x300-1.jpg 200w, https:\/\/tacse.es\/wp-content\/uploads\/2023\/02\/SMART-KRONOS-DUO-200x300-1-120x180.jpg 120w\" sizes=\"(max-width:767px) 200px, 200px\" \/><\/figure><\/div>\n<\/div>\n\n\n\n<div id=\"section-c4b478d2-ec3c-4aa9-96b2-985bf2a9a853\" class=\"wp-block-gutentor-single-column gutentor-single-column  grid-lg-8 grid-md-12 grid-12\">\n<div id=\"section-b9e08b18-162a-4416-9b58-17be792db576\" class=\"wp-block-gutentor-content-box gutentor-section gutentor-content-box-wrapper content-template1 text-left\"><div class=\"grid-container\"><div class=\"grid-row gutentor-grid-item-wrap\"><div class=\"gutentor-grid-column grid-lg-12 grid-md-12 grid-12\"><div class=\"gutentor-single-item gutentor-single-item-0\"><div class=\"gutentor-single-item-wrap\"><div class=\"gutentor-single-item-content\"><h1 class=\"gutentor-single-item-title\">Smart Kronos Duo: LED Pedestrian Optics + Switch with Communications<\/h1><p class=\"gutentor-single-item-desc\">The <strong>Smart KRONOS Duo<\/strong> model is similar to the <strong>KRONOS Duo<\/strong> model, in the sense that it integrates within the same LED optic the pedestrian figure (red or green) with a backlight. But unlike the latter, which is a fixed-time or &#8220;self-learning&#8221; timer of the existing traffic light cycles, the  <strong>Smart KRONOS Duo<\/strong>  is able to interact in real time with existing traffic infrastructures and other devices, offering a large number of new functionalities in line with the Smart City concept.<\/p><\/div><\/div><\/div><\/div><\/div><\/div><\/div>\n\n\n\n<div id=\"section-4cd0a435-274a-457a-80c8-ae75cb902cc3\" class=\"wp-block-gutentor-list gutentor-section gutentor-list-wrapper list-template1 text-left\"><div class=\"grid-container\"><ul class=\"grid-row gutentor-grid-item-wrap list-indicator-icon text-left\"><li class=\"gutentor-list-item grid-lg-6 grid-12 grid-12\"><span class=\"gutentor-single-item gutentor-single-item-0\"><span class=\"gutentor-list-item-wrap\"><span class=\"gutentor-single-list-item-icon\"><i class=\"list-item-icon far fa-check-circle\"><\/i><\/span><span class=\"gutentor-list-item\"><p class=\"gutentor-single-item-title\">Control, adjustment and programming through PLC (Power Line Communications).<\/p><\/span><\/span><\/span><\/li><li class=\"gutentor-list-item grid-lg-6 grid-12 grid-12\"><span class=\"gutentor-single-item gutentor-single-item-1\"><span class=\"gutentor-list-item-wrap\"><span class=\"gutentor-single-list-item-icon\"><i class=\"list-item-icon far fa-check-circle\"><\/i><\/span><span class=\"gutentor-list-item\"><p class=\"gutentor-single-item-title\">Standard counter: 2 digits (0-99).  <\/p><\/span><\/span><\/span><\/li><li class=\"gutentor-list-item grid-lg-6 grid-12 grid-12\"><span class=\"gutentor-single-item gutentor-single-item-2\"><span class=\"gutentor-list-item-wrap\"><span class=\"gutentor-single-list-item-icon\"><i class=\"list-item-icon far fa-check-circle\"><\/i><\/span><span class=\"gutentor-list-item\"><p class=\"gutentor-single-item-title\">It offers 2 possible time interval setting modes: autonomous or fixed.<\/p><\/span><\/span><\/span><\/li><li class=\"gutentor-list-item grid-lg-6 grid-12 grid-12\"><span class=\"gutentor-single-item gutentor-single-item-3\"><span class=\"gutentor-list-item-wrap\"><span class=\"gutentor-single-list-item-icon\"><i class=\"list-item-icon far fa-check-circle\"><\/i><\/span><span class=\"gutentor-list-item\"><p class=\"gutentor-single-item-title\">Standard LED colors: red or green. Others (amber or white) on request.<\/p><\/span><\/span><\/span><\/li><li class=\"gutentor-list-item grid-lg-6 grid-12 grid-12\"><span class=\"gutentor-single-item gutentor-single-item-4\"><span class=\"gutentor-list-item-wrap\"><span class=\"gutentor-single-list-item-icon\"><i class=\"list-item-icon far fa-check-circle\"><\/i><\/span><span class=\"gutentor-list-item\"><p class=\"gutentor-single-item-title\">Power supply: 230Vac, 110Vac, 42Vac, 24Vdc or 12Vdc.<\/p><\/span><\/span><\/span><\/li><li class=\"gutentor-list-item grid-lg-6 grid-12 grid-12\"><span class=\"gutentor-single-item gutentor-single-item-5\"><span class=\"gutentor-list-item-wrap\"><span class=\"gutentor-single-list-item-icon\"><i class=\"list-item-icon far fa-check-circle\"><\/i><\/span><span class=\"gutentor-list-item\"><p class=\"gutentor-single-item-title\">Possibility of clear or smoked front lens.<\/p><\/span><\/span><\/span><\/li><li class=\"gutentor-list-item grid-lg-6 grid-12 grid-12\"><span class=\"gutentor-single-item gutentor-single-item-6\"><span class=\"gutentor-list-item-wrap\"><span class=\"gutentor-single-list-item-icon\"><i class=\"list-item-icon far fa-check-circle\"><\/i><\/span><span class=\"gutentor-list-item\"><p class=\"gutentor-single-item-title\">Module with IP-65 protection.<\/p><\/span><\/span><\/span><\/li><li class=\"gutentor-list-item grid-lg-6 grid-12 grid-12\"><span class=\"gutentor-single-item gutentor-single-item-7\"><span class=\"gutentor-list-item-wrap\"><span class=\"gutentor-single-list-item-icon\"><i class=\"list-item-icon far fa-check-circle\"><\/i><\/span><span class=\"gutentor-list-item\"><p class=\"gutentor-single-item-title\">Complies with EN 12368 standard.<\/p><\/span><\/span><\/span><\/li><li class=\"gutentor-list-item grid-lg-6 grid-12 grid-12\"><span class=\"gutentor-single-item gutentor-single-item-8\"><span class=\"gutentor-list-item-wrap\"><span class=\"gutentor-single-list-item-icon\"><i class=\"list-item-icon far fa-check-circle\"><\/i><\/span><span class=\"gutentor-list-item\"><p class=\"gutentor-single-item-title\">Capable of monitoring the real-time performance of the optics.<\/p><\/span><\/span><\/span><\/li><li class=\"gutentor-list-item grid-lg-6 grid-12 grid-12\"><span class=\"gutentor-single-item gutentor-single-item-9\"><span class=\"gutentor-list-item-wrap\"><span class=\"gutentor-single-list-item-icon\"><i class=\"list-item-icon far fa-check-circle\"><\/i><\/span><span class=\"gutentor-list-item\"><p class=\"gutentor-single-item-title\">Capable of monitoring and controlling parameters: power consumption or LED brightness.<\/p><\/span><\/span><\/span><\/li><li class=\"gutentor-list-item grid-lg-6 grid-12 grid-12\"><span class=\"gutentor-single-item gutentor-single-item-10\"><span class=\"gutentor-list-item-wrap\"><span class=\"gutentor-single-list-item-icon\"><i class=\"list-item-icon far fa-check-circle\"><\/i><\/span><span class=\"gutentor-list-item\"><p class=\"gutentor-single-item-title\">Integration of pedestrian and counter.<\/p><\/span><\/span><\/span><\/li><li class=\"gutentor-list-item grid-lg-6 grid-12 grid-12\"><span class=\"gutentor-single-item gutentor-single-item-11\"><span class=\"gutentor-list-item-wrap\"><span class=\"gutentor-single-list-item-icon\"><i class=\"list-item-icon far fa-check-circle\"><\/i><\/span><span class=\"gutentor-list-item\"><p class=\"gutentor-single-item-title\">Available in round (D-200 PIL) and square (PPC PIL) mechanical versions.<\/p><\/span><\/span><\/span><\/li><\/ul><\/div><\/div>\n\n\n\n<div id=\"section-g6a6cf5\" class=\"wp-block-gutentor-e2 section-g6a6cf5 gutentor-element gutentor-element-button button-align-center-desktop\"><span class=\"gutentor-button-wrap\"><a class=\"gutentor-button gutentor-block-button gutentor-icon-after\" href=\"https:\/\/tacse.es\/en\/contact\/\"><i class=\"gutentor-button-icon fas fa-file-pdf\"><\/i><span>Request for information  <\/span><\/a><\/span><\/div>\n<\/div>\n<\/div><\/div><\/section>\n","protected":false},"excerpt":{"rendered":"","protected":false},"author":4,"featured_media":0,"parent":0,"menu_order":0,"comment_status":"closed","ping_status":"closed","template":"","meta":{"content-type":"","_monsterinsights_skip_tracking":false,"_monsterinsights_sitenote_active":false,"_monsterinsights_sitenote_note":"","_monsterinsights_sitenote_category":0,"footnotes":""},"class_list":["post-18678","page","type-page","status-publish","hentry"],"yoast_head":"<!-- This site is optimized with the Yoast SEO plugin v27.4 - https:\/\/yoast.com\/product\/yoast-seo-wordpress\/ -->\n<title>Smart Kronos Duo: LED Pedestrian Optics + Switch with Communications - TACSE - Road &amp; Railway Traffic Signal Solutions<\/title>\n<meta name=\"robots\" content=\"index, follow, max-snippet:-1, max-image-preview:large, max-video-preview:-1\" \/>\n<link rel=\"canonical\" href=\"https:\/\/tacse.es\/en\/smart-kronos-duo-led-pedestrian-optics-switch-with-communications\/\" \/>\n<meta property=\"og:locale\" content=\"en_US\" \/>\n<meta property=\"og:type\" content=\"article\" \/>\n<meta property=\"og:title\" content=\"Smart Kronos Duo: LED Pedestrian Optics + Switch with Communications - TACSE - Road &amp; Railway Traffic Signal Solutions\" \/>\n<meta property=\"og:url\" content=\"https:\/\/tacse.es\/en\/smart-kronos-duo-led-pedestrian-optics-switch-with-communications\/\" \/>\n<meta property=\"og:site_name\" content=\"TACSE - Road &amp; Railway Traffic Signal Solutions\" \/>\n<meta property=\"article:modified_time\" content=\"2024-04-10T10:46:41+00:00\" \/>\n<meta property=\"og:image\" content=\"https:\/\/tacse.es\/wp-content\/uploads\/2023\/02\/SMART-KRONOS-DUO-200x300-1.jpg\" \/>\n<meta name=\"twitter:card\" content=\"summary_large_image\" \/>\n<meta name=\"twitter:label1\" content=\"Est. reading time\" \/>\n\t<meta name=\"twitter:data1\" content=\"1 minute\" \/>\n<script type=\"application\/ld+json\" class=\"yoast-schema-graph\">{\"@context\":\"https:\\\/\\\/schema.org\",\"@graph\":[{\"@type\":\"WebPage\",\"@id\":\"https:\\\/\\\/tacse.es\\\/en\\\/smart-kronos-duo-led-pedestrian-optics-switch-with-communications\\\/\",\"url\":\"https:\\\/\\\/tacse.es\\\/en\\\/smart-kronos-duo-led-pedestrian-optics-switch-with-communications\\\/\",\"name\":\"Smart Kronos Duo: LED Pedestrian Optics + Switch with Communications - TACSE - Road &amp; Railway Traffic Signal Solutions\",\"isPartOf\":{\"@id\":\"https:\\\/\\\/tacse.es\\\/en\\\/#website\"},\"primaryImageOfPage\":{\"@id\":\"https:\\\/\\\/tacse.es\\\/en\\\/smart-kronos-duo-led-pedestrian-optics-switch-with-communications\\\/#primaryimage\"},\"image\":{\"@id\":\"https:\\\/\\\/tacse.es\\\/en\\\/smart-kronos-duo-led-pedestrian-optics-switch-with-communications\\\/#primaryimage\"},\"thumbnailUrl\":\"https:\\\/\\\/tacse.es\\\/wp-content\\\/uploads\\\/2023\\\/02\\\/SMART-KRONOS-DUO-200x300-1.jpg\",\"datePublished\":\"2023-02-10T11:35:23+00:00\",\"dateModified\":\"2024-04-10T10:46:41+00:00\",\"inLanguage\":\"en-US\",\"potentialAction\":[{\"@type\":\"ReadAction\",\"target\":[\"https:\\\/\\\/tacse.es\\\/en\\\/smart-kronos-duo-led-pedestrian-optics-switch-with-communications\\\/\"]}]},{\"@type\":\"ImageObject\",\"inLanguage\":\"en-US\",\"@id\":\"https:\\\/\\\/tacse.es\\\/en\\\/smart-kronos-duo-led-pedestrian-optics-switch-with-communications\\\/#primaryimage\",\"url\":\"https:\\\/\\\/tacse.es\\\/wp-content\\\/uploads\\\/2023\\\/02\\\/SMART-KRONOS-DUO-200x300-1.jpg\",\"contentUrl\":\"https:\\\/\\\/tacse.es\\\/wp-content\\\/uploads\\\/2023\\\/02\\\/SMART-KRONOS-DUO-200x300-1.jpg\"},{\"@type\":\"WebSite\",\"@id\":\"https:\\\/\\\/tacse.es\\\/en\\\/#website\",\"url\":\"https:\\\/\\\/tacse.es\\\/en\\\/\",\"name\":\"TACSE - Road &amp; Railway Traffic Signal Solutions\",\"description\":\"Desarrollar soluciones eficientes para el mundo de la se\u00f1alizaci\u00f3n, optimizando el proceso de fabricaci\u00f3n para tener un menor impacto en el medio ambiente.\",\"potentialAction\":[{\"@type\":\"SearchAction\",\"target\":{\"@type\":\"EntryPoint\",\"urlTemplate\":\"https:\\\/\\\/tacse.es\\\/en\\\/?s={search_term_string}\"},\"query-input\":{\"@type\":\"PropertyValueSpecification\",\"valueRequired\":true,\"valueName\":\"search_term_string\"}}],\"inLanguage\":\"en-US\"}]}<\/script>\n<!-- \/ Yoast SEO plugin. -->","yoast_head_json":{"title":"Smart Kronos Duo: LED Pedestrian Optics + Switch with Communications - TACSE - Road &amp; Railway Traffic Signal Solutions","robots":{"index":"index","follow":"follow","max-snippet":"max-snippet:-1","max-image-preview":"max-image-preview:large","max-video-preview":"max-video-preview:-1"},"canonical":"https:\/\/tacse.es\/en\/smart-kronos-duo-led-pedestrian-optics-switch-with-communications\/","og_locale":"en_US","og_type":"article","og_title":"Smart Kronos Duo: LED Pedestrian Optics + Switch with Communications - TACSE - Road &amp; Railway Traffic Signal Solutions","og_url":"https:\/\/tacse.es\/en\/smart-kronos-duo-led-pedestrian-optics-switch-with-communications\/","og_site_name":"TACSE - Road &amp; Railway Traffic Signal Solutions","article_modified_time":"2024-04-10T10:46:41+00:00","og_image":[{"url":"https:\/\/tacse.es\/wp-content\/uploads\/2023\/02\/SMART-KRONOS-DUO-200x300-1.jpg","type":"","width":"","height":""}],"twitter_card":"summary_large_image","twitter_misc":{"Est. reading time":"1 minute"},"schema":{"@context":"https:\/\/schema.org","@graph":[{"@type":"WebPage","@id":"https:\/\/tacse.es\/en\/smart-kronos-duo-led-pedestrian-optics-switch-with-communications\/","url":"https:\/\/tacse.es\/en\/smart-kronos-duo-led-pedestrian-optics-switch-with-communications\/","name":"Smart Kronos Duo: LED Pedestrian Optics + Switch with Communications - TACSE - Road &amp; Railway Traffic Signal Solutions","isPartOf":{"@id":"https:\/\/tacse.es\/en\/#website"},"primaryImageOfPage":{"@id":"https:\/\/tacse.es\/en\/smart-kronos-duo-led-pedestrian-optics-switch-with-communications\/#primaryimage"},"image":{"@id":"https:\/\/tacse.es\/en\/smart-kronos-duo-led-pedestrian-optics-switch-with-communications\/#primaryimage"},"thumbnailUrl":"https:\/\/tacse.es\/wp-content\/uploads\/2023\/02\/SMART-KRONOS-DUO-200x300-1.jpg","datePublished":"2023-02-10T11:35:23+00:00","dateModified":"2024-04-10T10:46:41+00:00","inLanguage":"en-US","potentialAction":[{"@type":"ReadAction","target":["https:\/\/tacse.es\/en\/smart-kronos-duo-led-pedestrian-optics-switch-with-communications\/"]}]},{"@type":"ImageObject","inLanguage":"en-US","@id":"https:\/\/tacse.es\/en\/smart-kronos-duo-led-pedestrian-optics-switch-with-communications\/#primaryimage","url":"https:\/\/tacse.es\/wp-content\/uploads\/2023\/02\/SMART-KRONOS-DUO-200x300-1.jpg","contentUrl":"https:\/\/tacse.es\/wp-content\/uploads\/2023\/02\/SMART-KRONOS-DUO-200x300-1.jpg"},{"@type":"WebSite","@id":"https:\/\/tacse.es\/en\/#website","url":"https:\/\/tacse.es\/en\/","name":"TACSE - Road &amp; Railway Traffic Signal Solutions","description":"Desarrollar soluciones eficientes para el mundo de la se\u00f1alizaci\u00f3n, optimizando el proceso de fabricaci\u00f3n para tener un menor impacto en el medio ambiente.","potentialAction":[{"@type":"SearchAction","target":{"@type":"EntryPoint","urlTemplate":"https:\/\/tacse.es\/en\/?s={search_term_string}"},"query-input":{"@type":"PropertyValueSpecification","valueRequired":true,"valueName":"search_term_string"}}],"inLanguage":"en-US"}]}},"_links":{"self":[{"href":"https:\/\/tacse.es\/en\/wp-json\/wp\/v2\/pages\/18678","targetHints":{"allow":["GET"]}}],"collection":[{"href":"https:\/\/tacse.es\/en\/wp-json\/wp\/v2\/pages"}],"about":[{"href":"https:\/\/tacse.es\/en\/wp-json\/wp\/v2\/types\/page"}],"author":[{"embeddable":true,"href":"https:\/\/tacse.es\/en\/wp-json\/wp\/v2\/users\/4"}],"replies":[{"embeddable":true,"href":"https:\/\/tacse.es\/en\/wp-json\/wp\/v2\/comments?post=18678"}],"version-history":[{"count":1,"href":"https:\/\/tacse.es\/en\/wp-json\/wp\/v2\/pages\/18678\/revisions"}],"predecessor-version":[{"id":18679,"href":"https:\/\/tacse.es\/en\/wp-json\/wp\/v2\/pages\/18678\/revisions\/18679"}],"wp:attachment":[{"href":"https:\/\/tacse.es\/en\/wp-json\/wp\/v2\/media?parent=18678"}],"curies":[{"name":"wp","href":"https:\/\/api.w.org\/{rel}","templated":true}]}}