{"id":18688,"date":"2023-02-13T11:30:50","date_gmt":"2023-02-13T11:30:50","guid":{"rendered":"https:\/\/tacse.es\/ledsens-traffic-light-with-autonomous-dimming\/"},"modified":"2024-04-10T10:47:34","modified_gmt":"2024-04-10T10:47:34","slug":"ledsens-traffic-light-with-autonomous-dimming","status":"publish","type":"page","link":"https:\/\/tacse.es\/en\/ledsens-traffic-light-with-autonomous-dimming\/","title":{"rendered":"LEDSENS: Traffic light with autonomous dimming"},"content":{"rendered":"\n<section id=\"section-6dde7f84-6bbc-4da2-8887-93d715ef8a93\" class=\"wp-block-gutentor-advanced-columns gutentor-section gutentor-advanced-columns has-color-bg has-custom-bg\"><div class=\"grid-container\"><div class=\"grid-row\">\n<div id=\"section-2877e5d6-3cec-441c-a1ed-8f23651c767b\" class=\"wp-block-gutentor-single-column gutentor-single-column  grid-lg-4 grid-md-12 grid-12\">\n<div class=\"wp-block-image\"><figure class=\"aligncenter size-large\"><img fetchpriority=\"high\" decoding=\"async\" width=\"396\" height=\"500\" src=\"https:\/\/tacse.es\/wp-content\/uploads\/2023\/02\/LEDSENS.jpg\" alt=\"\" class=\"wp-image-13959\" srcset=\"https:\/\/tacse.es\/wp-content\/uploads\/2023\/02\/LEDSENS.jpg 396w, https:\/\/tacse.es\/wp-content\/uploads\/2023\/02\/LEDSENS-238x300.jpg 238w, https:\/\/tacse.es\/wp-content\/uploads\/2023\/02\/LEDSENS-120x152.jpg 120w\" sizes=\"(max-width:767px) 396px, 396px\" \/><\/figure><\/div>\n<\/div>\n\n\n\n<div id=\"section-99ee8c03-7906-4a01-8c63-8e7f0d269bda\" class=\"wp-block-gutentor-single-column gutentor-single-column  grid-lg-8 grid-md-12 grid-12\">\n<div id=\"section-9e605407-b369-4e21-9c4a-791db0e48bf2\" class=\"wp-block-gutentor-content-box gutentor-section gutentor-content-box-wrapper content-template1 text-left\"><div class=\"grid-container\"><div class=\"grid-row gutentor-grid-item-wrap\"><div class=\"gutentor-grid-column grid-lg-12 grid-md-12 grid-12\"><div class=\"gutentor-single-item gutentor-single-item-0\"><div class=\"gutentor-single-item-wrap\"><div class=\"gutentor-single-item-content\"><h1 class=\"gutentor-single-item-title\">LEDSENS: Traffic light with autonomous dimming<\/h1><p class=\"gutentor-single-item-desc\">The <strong>LEDSENS<\/strong> model is a traffic light specially designed to inform in barrier-free free-flow tolls. However, it could also be a good option for access control and guidance in parking lots and loading docks. Its main feature is that it autonomously adapts its luminous intensity to the ambient light level, thanks to a light sensor incorporated in the lower part of the traffic light.<\/p><\/div><\/div><\/div><\/div><\/div><\/div><\/div>\n\n\n\n<div id=\"section-1998c5e4-99f9-45de-9db1-6cf25e7ee994\" class=\"wp-block-gutentor-list gutentor-section gutentor-list-wrapper list-template1 text-left\"><div class=\"grid-container\"><ul class=\"grid-row gutentor-grid-item-wrap list-indicator-icon text-left\"><li class=\"gutentor-list-item grid-lg-6 grid-12 grid-12\"><span class=\"gutentor-single-item gutentor-single-item-0\"><span class=\"gutentor-list-item-wrap\"><span class=\"gutentor-single-list-item-icon\"><i class=\"list-item-icon far fa-check-circle\"><\/i><\/span><span class=\"gutentor-list-item\"><p class=\"gutentor-single-item-title\">Traffic light with 2 spotlights of 200 mm diameter in polycarbonate or aluminum.<\/p><\/span><\/span><\/span><\/li><li class=\"gutentor-list-item grid-lg-6 grid-12 grid-12\"><span class=\"gutentor-single-item gutentor-single-item-1\"><span class=\"gutentor-list-item-wrap\"><span class=\"gutentor-single-list-item-icon\"><i class=\"list-item-icon far fa-check-circle\"><\/i><\/span><span class=\"gutentor-list-item\"><p class=\"gutentor-single-item-title\">Standard exterior color of the traffic light: yellow, black, gray or green. Others on request.<\/p><\/span><\/span><\/span><\/li><li class=\"gutentor-list-item grid-lg-6 grid-12 grid-12\"><span class=\"gutentor-single-item gutentor-single-item-2\"><span class=\"gutentor-list-item-wrap\"><span class=\"gutentor-single-list-item-icon\"><i class=\"list-item-icon far fa-check-circle\"><\/i><\/span><span class=\"gutentor-list-item\"><p class=\"gutentor-single-item-title\">Standard supply voltage: 24Vdc. Other voltages on request.<\/p><\/span><\/span><\/span><\/li><li class=\"gutentor-list-item grid-lg-6 grid-12 grid-12\"><span class=\"gutentor-single-item gutentor-single-item-3\"><span class=\"gutentor-list-item-wrap\"><span class=\"gutentor-single-list-item-icon\"><i class=\"list-item-icon far fa-check-circle\"><\/i><\/span><span class=\"gutentor-list-item\"><p class=\"gutentor-single-item-title\">LED modules: white cross and green cross. Other colors and pictograms on request.<\/p><\/span><\/span><\/span><\/li><li class=\"gutentor-list-item grid-lg-6 grid-12 grid-12\"><span class=\"gutentor-single-item gutentor-single-item-4\"><span class=\"gutentor-list-item-wrap\"><span class=\"gutentor-single-list-item-icon\"><i class=\"list-item-icon far fa-check-circle\"><\/i><\/span><span class=\"gutentor-list-item\"><p class=\"gutentor-single-item-title\">Manufactured according to EN 12368.<\/p><\/span><\/span><\/span><\/li><li class=\"gutentor-list-item grid-lg-6 grid-12 grid-12\"><span class=\"gutentor-single-item gutentor-single-item-5\"><span class=\"gutentor-list-item-wrap\"><span class=\"gutentor-single-list-item-icon\"><i class=\"list-item-icon far fa-check-circle\"><\/i><\/span><span class=\"gutentor-list-item\"><p class=\"gutentor-single-item-title\">Significant savings in energy consumption.<\/p><\/span><\/span><\/span><\/li><li class=\"gutentor-list-item grid-lg-6 grid-12 grid-12\"><span class=\"gutentor-single-item gutentor-single-item-6\"><span class=\"gutentor-list-item-wrap\"><span class=\"gutentor-single-list-item-icon\"><i class=\"list-item-icon far fa-check-circle\"><\/i><\/span><span class=\"gutentor-list-item\"><p class=\"gutentor-single-item-title\">Good visibility even in low sun.<\/p><\/span><\/span><\/span><\/li><li class=\"gutentor-list-item grid-lg-6 grid-12 grid-12\"><span class=\"gutentor-single-item gutentor-single-item-7\"><span class=\"gutentor-list-item-wrap\"><span class=\"gutentor-single-list-item-icon\"><i class=\"list-item-icon far fa-check-circle\"><\/i><\/span><span class=\"gutentor-list-item\"><p class=\"gutentor-single-item-title\">Reduces glare to drivers.<\/p><\/span><\/span><\/span><\/li><li class=\"gutentor-list-item grid-lg-6 grid-12 grid-12\"><span class=\"gutentor-single-item gutentor-single-item-8\"><span class=\"gutentor-list-item-wrap\"><span class=\"gutentor-single-list-item-icon\"><i class=\"list-item-icon far fa-check-circle\"><\/i><\/span><span class=\"gutentor-list-item\"><p class=\"gutentor-single-item-title\">Reduces the phantom effect of traffic lights.<\/p><\/span><\/span><\/span><\/li><li class=\"gutentor-list-item grid-lg-6 grid-12 grid-12\"><span class=\"gutentor-single-item gutentor-single-item-9\"><span class=\"gutentor-list-item-wrap\"><span class=\"gutentor-single-list-item-icon\"><i class=\"list-item-icon far fa-check-circle\"><\/i><\/span><span class=\"gutentor-list-item\"><p class=\"gutentor-single-item-title\">Significant improvement in road safety.<\/p><\/span><\/span><\/span><\/li><li class=\"gutentor-list-item grid-lg-6 grid-12 grid-12\"><span class=\"gutentor-single-item gutentor-single-item-10\"><span class=\"gutentor-list-item-wrap\"><span class=\"gutentor-single-list-item-icon\"><i class=\"list-item-icon far fa-check-circle\"><\/i><\/span><span class=\"gutentor-list-item\"><p class=\"gutentor-single-item-title\">Fully autonomous solution.<\/p><\/span><\/span><\/span><\/li><li class=\"gutentor-list-item grid-lg-6 grid-12 grid-12\"><span class=\"gutentor-single-item gutentor-single-item-11\"><span class=\"gutentor-list-item-wrap\"><span class=\"gutentor-single-list-item-icon\"><i class=\"list-item-icon far fa-check-circle\"><\/i><\/span><span class=\"gutentor-list-item\"><p class=\"gutentor-single-item-title\">It is fully configurable by the customer.<\/p><\/span><\/span><\/span><\/li><li class=\"gutentor-list-item grid-lg-6 grid-12 grid-12\"><span class=\"gutentor-single-item gutentor-single-item-12\"><span class=\"gutentor-list-item-wrap\"><span class=\"gutentor-single-list-item-icon\"><i class=\"list-item-icon far fa-check-circle\"><\/i><\/span><span class=\"gutentor-list-item\"><p class=\"gutentor-single-item-title\">Very fast response time.<\/p><\/span><\/span><\/span><\/li><\/ul><\/div><\/div>\n\n\n\n<div id=\"section-g5d77a6\" class=\"wp-block-gutentor-e2 section-g5d77a6 gutentor-element gutentor-element-button button-align-center-desktop\"><span class=\"gutentor-button-wrap\"><a class=\"gutentor-button gutentor-block-button gutentor-icon-after\" href=\"https:\/\/tacse.es\/en\/contact\/\"><i class=\"gutentor-button-icon fas fa-file-pdf\"><\/i><span>Request for information<\/span><\/a><\/span><\/div>\n<\/div>\n<\/div><\/div><\/section>\n","protected":false},"excerpt":{"rendered":"","protected":false},"author":4,"featured_media":0,"parent":0,"menu_order":0,"comment_status":"closed","ping_status":"closed","template":"","meta":{"content-type":"","_monsterinsights_skip_tracking":false,"_monsterinsights_sitenote_active":false,"_monsterinsights_sitenote_note":"","_monsterinsights_sitenote_category":0,"footnotes":""},"class_list":["post-18688","page","type-page","status-publish","hentry"],"yoast_head":"<!-- This site is optimized with the Yoast SEO plugin v27.4 - https:\/\/yoast.com\/product\/yoast-seo-wordpress\/ -->\n<title>LEDSENS: Traffic light with autonomous dimming - TACSE - Road &amp; Railway Traffic Signal Solutions<\/title>\n<meta name=\"robots\" content=\"index, follow, max-snippet:-1, max-image-preview:large, max-video-preview:-1\" \/>\n<link rel=\"canonical\" href=\"https:\/\/tacse.es\/en\/ledsens-traffic-light-with-autonomous-dimming\/\" \/>\n<meta property=\"og:locale\" content=\"en_US\" \/>\n<meta property=\"og:type\" content=\"article\" \/>\n<meta property=\"og:title\" content=\"LEDSENS: Traffic light with autonomous dimming - TACSE - Road &amp; Railway Traffic Signal Solutions\" \/>\n<meta property=\"og:url\" content=\"https:\/\/tacse.es\/en\/ledsens-traffic-light-with-autonomous-dimming\/\" \/>\n<meta property=\"og:site_name\" content=\"TACSE - Road &amp; Railway Traffic Signal Solutions\" \/>\n<meta property=\"article:modified_time\" content=\"2024-04-10T10:47:34+00:00\" \/>\n<meta property=\"og:image\" content=\"https:\/\/tacse.es\/wp-content\/uploads\/2023\/02\/LEDSENS.jpg\" \/>\n<meta name=\"twitter:card\" content=\"summary_large_image\" \/>\n<meta name=\"twitter:label1\" content=\"Est. reading time\" \/>\n\t<meta name=\"twitter:data1\" content=\"1 minute\" \/>\n<script type=\"application\/ld+json\" class=\"yoast-schema-graph\">{\"@context\":\"https:\\\/\\\/schema.org\",\"@graph\":[{\"@type\":\"WebPage\",\"@id\":\"https:\\\/\\\/tacse.es\\\/en\\\/ledsens-traffic-light-with-autonomous-dimming\\\/\",\"url\":\"https:\\\/\\\/tacse.es\\\/en\\\/ledsens-traffic-light-with-autonomous-dimming\\\/\",\"name\":\"LEDSENS: Traffic light with autonomous dimming - TACSE - Road &amp; Railway Traffic Signal Solutions\",\"isPartOf\":{\"@id\":\"https:\\\/\\\/tacse.es\\\/en\\\/#website\"},\"primaryImageOfPage\":{\"@id\":\"https:\\\/\\\/tacse.es\\\/en\\\/ledsens-traffic-light-with-autonomous-dimming\\\/#primaryimage\"},\"image\":{\"@id\":\"https:\\\/\\\/tacse.es\\\/en\\\/ledsens-traffic-light-with-autonomous-dimming\\\/#primaryimage\"},\"thumbnailUrl\":\"https:\\\/\\\/tacse.es\\\/wp-content\\\/uploads\\\/2023\\\/02\\\/LEDSENS.jpg\",\"datePublished\":\"2023-02-13T11:30:50+00:00\",\"dateModified\":\"2024-04-10T10:47:34+00:00\",\"inLanguage\":\"en-US\",\"potentialAction\":[{\"@type\":\"ReadAction\",\"target\":[\"https:\\\/\\\/tacse.es\\\/en\\\/ledsens-traffic-light-with-autonomous-dimming\\\/\"]}]},{\"@type\":\"ImageObject\",\"inLanguage\":\"en-US\",\"@id\":\"https:\\\/\\\/tacse.es\\\/en\\\/ledsens-traffic-light-with-autonomous-dimming\\\/#primaryimage\",\"url\":\"https:\\\/\\\/tacse.es\\\/wp-content\\\/uploads\\\/2023\\\/02\\\/LEDSENS.jpg\",\"contentUrl\":\"https:\\\/\\\/tacse.es\\\/wp-content\\\/uploads\\\/2023\\\/02\\\/LEDSENS.jpg\"},{\"@type\":\"WebSite\",\"@id\":\"https:\\\/\\\/tacse.es\\\/en\\\/#website\",\"url\":\"https:\\\/\\\/tacse.es\\\/en\\\/\",\"name\":\"TACSE - Road &amp; Railway Traffic Signal Solutions\",\"description\":\"Desarrollar soluciones eficientes para el mundo de la se\u00f1alizaci\u00f3n, optimizando el proceso de fabricaci\u00f3n para tener un menor impacto en el medio ambiente.\",\"potentialAction\":[{\"@type\":\"SearchAction\",\"target\":{\"@type\":\"EntryPoint\",\"urlTemplate\":\"https:\\\/\\\/tacse.es\\\/en\\\/?s={search_term_string}\"},\"query-input\":{\"@type\":\"PropertyValueSpecification\",\"valueRequired\":true,\"valueName\":\"search_term_string\"}}],\"inLanguage\":\"en-US\"}]}<\/script>\n<!-- \/ Yoast SEO plugin. -->","yoast_head_json":{"title":"LEDSENS: Traffic light with autonomous dimming - TACSE - Road &amp; Railway Traffic Signal Solutions","robots":{"index":"index","follow":"follow","max-snippet":"max-snippet:-1","max-image-preview":"max-image-preview:large","max-video-preview":"max-video-preview:-1"},"canonical":"https:\/\/tacse.es\/en\/ledsens-traffic-light-with-autonomous-dimming\/","og_locale":"en_US","og_type":"article","og_title":"LEDSENS: Traffic light with autonomous dimming - TACSE - Road &amp; Railway Traffic Signal Solutions","og_url":"https:\/\/tacse.es\/en\/ledsens-traffic-light-with-autonomous-dimming\/","og_site_name":"TACSE - Road &amp; Railway Traffic Signal Solutions","article_modified_time":"2024-04-10T10:47:34+00:00","og_image":[{"url":"https:\/\/tacse.es\/wp-content\/uploads\/2023\/02\/LEDSENS.jpg","type":"","width":"","height":""}],"twitter_card":"summary_large_image","twitter_misc":{"Est. reading time":"1 minute"},"schema":{"@context":"https:\/\/schema.org","@graph":[{"@type":"WebPage","@id":"https:\/\/tacse.es\/en\/ledsens-traffic-light-with-autonomous-dimming\/","url":"https:\/\/tacse.es\/en\/ledsens-traffic-light-with-autonomous-dimming\/","name":"LEDSENS: Traffic light with autonomous dimming - TACSE - Road &amp; Railway Traffic Signal Solutions","isPartOf":{"@id":"https:\/\/tacse.es\/en\/#website"},"primaryImageOfPage":{"@id":"https:\/\/tacse.es\/en\/ledsens-traffic-light-with-autonomous-dimming\/#primaryimage"},"image":{"@id":"https:\/\/tacse.es\/en\/ledsens-traffic-light-with-autonomous-dimming\/#primaryimage"},"thumbnailUrl":"https:\/\/tacse.es\/wp-content\/uploads\/2023\/02\/LEDSENS.jpg","datePublished":"2023-02-13T11:30:50+00:00","dateModified":"2024-04-10T10:47:34+00:00","inLanguage":"en-US","potentialAction":[{"@type":"ReadAction","target":["https:\/\/tacse.es\/en\/ledsens-traffic-light-with-autonomous-dimming\/"]}]},{"@type":"ImageObject","inLanguage":"en-US","@id":"https:\/\/tacse.es\/en\/ledsens-traffic-light-with-autonomous-dimming\/#primaryimage","url":"https:\/\/tacse.es\/wp-content\/uploads\/2023\/02\/LEDSENS.jpg","contentUrl":"https:\/\/tacse.es\/wp-content\/uploads\/2023\/02\/LEDSENS.jpg"},{"@type":"WebSite","@id":"https:\/\/tacse.es\/en\/#website","url":"https:\/\/tacse.es\/en\/","name":"TACSE - Road &amp; Railway Traffic Signal Solutions","description":"Desarrollar soluciones eficientes para el mundo de la se\u00f1alizaci\u00f3n, optimizando el proceso de fabricaci\u00f3n para tener un menor impacto en el medio ambiente.","potentialAction":[{"@type":"SearchAction","target":{"@type":"EntryPoint","urlTemplate":"https:\/\/tacse.es\/en\/?s={search_term_string}"},"query-input":{"@type":"PropertyValueSpecification","valueRequired":true,"valueName":"search_term_string"}}],"inLanguage":"en-US"}]}},"_links":{"self":[{"href":"https:\/\/tacse.es\/en\/wp-json\/wp\/v2\/pages\/18688","targetHints":{"allow":["GET"]}}],"collection":[{"href":"https:\/\/tacse.es\/en\/wp-json\/wp\/v2\/pages"}],"about":[{"href":"https:\/\/tacse.es\/en\/wp-json\/wp\/v2\/types\/page"}],"author":[{"embeddable":true,"href":"https:\/\/tacse.es\/en\/wp-json\/wp\/v2\/users\/4"}],"replies":[{"embeddable":true,"href":"https:\/\/tacse.es\/en\/wp-json\/wp\/v2\/comments?post=18688"}],"version-history":[{"count":1,"href":"https:\/\/tacse.es\/en\/wp-json\/wp\/v2\/pages\/18688\/revisions"}],"predecessor-version":[{"id":18697,"href":"https:\/\/tacse.es\/en\/wp-json\/wp\/v2\/pages\/18688\/revisions\/18697"}],"wp:attachment":[{"href":"https:\/\/tacse.es\/en\/wp-json\/wp\/v2\/media?parent=18688"}],"curies":[{"name":"wp","href":"https:\/\/api.w.org\/{rel}","templated":true}]}}