{"id":18702,"date":"2023-02-10T12:58:56","date_gmt":"2023-02-10T12:58:56","guid":{"rendered":"https:\/\/tacse.es\/traffic-light-model-accesled\/"},"modified":"2024-04-10T10:47:33","modified_gmt":"2024-04-10T10:47:33","slug":"traffic-light-model-accesled","status":"publish","type":"page","link":"https:\/\/tacse.es\/en\/traffic-light-model-accesled\/","title":{"rendered":"Traffic light model ACCESLED"},"content":{"rendered":"\n<section id=\"section-41978346-1910-4d51-813f-34abd7af71db\" class=\"wp-block-gutentor-advanced-columns gutentor-section gutentor-advanced-columns has-color-bg has-custom-bg\"><div class=\"grid-container\"><div class=\"grid-row\">\n<div id=\"section-6e3aab4a-87ed-4a96-bfce-137ded92421d\" class=\"wp-block-gutentor-single-column gutentor-single-column  grid-lg-4 grid-md-12 grid-12\">\n<figure class=\"wp-block-image size-large\"><img fetchpriority=\"high\" decoding=\"async\" width=\"456\" height=\"800\" src=\"https:\/\/tacse.es\/wp-content\/uploads\/2023\/02\/AccesLED.jpg\" alt=\"\" class=\"wp-image-13940\" srcset=\"https:\/\/tacse.es\/wp-content\/uploads\/2023\/02\/AccesLED.jpg 456w, https:\/\/tacse.es\/wp-content\/uploads\/2023\/02\/AccesLED-171x300.jpg 171w, https:\/\/tacse.es\/wp-content\/uploads\/2023\/02\/AccesLED-120x211.jpg 120w\" sizes=\"(max-width:767px) 456px, 456px\" \/><\/figure>\n<\/div>\n\n\n\n<div id=\"section-264bdf16-8fe6-4b0d-9460-892199248fe3\" class=\"wp-block-gutentor-single-column gutentor-single-column  grid-lg-8 grid-md-12 grid-12\">\n<div id=\"section-5d2d88d7-a5f3-47d1-b6da-dedc1a0e50ee\" class=\"wp-block-gutentor-content-box gutentor-section gutentor-content-box-wrapper content-template1 text-left\"><div class=\"grid-container\"><div class=\"grid-row gutentor-grid-item-wrap\"><div class=\"gutentor-grid-column grid-lg-12 grid-md-12 grid-12\"><div class=\"gutentor-single-item gutentor-single-item-0\"><div class=\"gutentor-single-item-wrap\"><div class=\"gutentor-single-item-content\"><h1 class=\"gutentor-single-item-title\">Traffic light model ACCESLED<\/h1><p class=\"gutentor-single-item-desc\">The <strong>AccesLED <\/strong> set is characterized by the integration of two \u00d8 100 mm LED spotlights inside a 1.2 m high metal pole.<br>With a compact and robust design, this product is especially suitable for anti-vandalism use, such as access control to enclosures, parking lots, toll booths, or delimitation of vehicular and pedestrian areas.<\/p><\/div><\/div><\/div><\/div><\/div><\/div><\/div>\n\n\n\n<div id=\"section-fca9d066-2e77-4600-a43e-e0fcb52d1891\" class=\"wp-block-gutentor-list gutentor-section gutentor-list-wrapper list-template1 text-left\"><div class=\"grid-container\"><ul class=\"grid-row gutentor-grid-item-wrap list-indicator-icon text-left\"><li class=\"gutentor-list-item grid-lg-6 grid-12 grid-12\"><span class=\"gutentor-single-item gutentor-single-item-0\"><span class=\"gutentor-list-item-wrap\"><span class=\"gutentor-single-list-item-icon\"><i class=\"list-item-icon far fa-check-circle\"><\/i><\/span><span class=\"gutentor-list-item\"><p class=\"gutentor-single-item-title\">Anchor plate and post in galvanized steel with polyester powder coating (polymerized at 230\u00ba) or stainless steel.<\/p><\/span><\/span><\/span><\/li><li class=\"gutentor-list-item grid-lg-6 grid-12 grid-12\"><span class=\"gutentor-single-item gutentor-single-item-1\"><span class=\"gutentor-list-item-wrap\"><span class=\"gutentor-single-list-item-icon\"><i class=\"list-item-icon far fa-check-circle\"><\/i><\/span><span class=\"gutentor-list-item\"><p class=\"gutentor-single-item-title\">LED spotlights \u00d8 100 mm, high luminosity (Red, Green) and great durability. Other pictograms on request.<\/p><\/span><\/span><\/span><\/li><li class=\"gutentor-list-item grid-lg-6 grid-12 grid-12\"><span class=\"gutentor-single-item gutentor-single-item-2\"><span class=\"gutentor-list-item-wrap\"><span class=\"gutentor-single-list-item-icon\"><i class=\"list-item-icon far fa-check-circle\"><\/i><\/span><span class=\"gutentor-list-item\"><p class=\"gutentor-single-item-title\">Optical front lens made of U.V. stabilized polycarbonate.<\/p><\/span><\/span><\/span><\/li><li class=\"gutentor-list-item grid-lg-6 grid-12 grid-12\"><span class=\"gutentor-single-item gutentor-single-item-3\"><span class=\"gutentor-list-item-wrap\"><span class=\"gutentor-single-list-item-icon\"><i class=\"list-item-icon far fa-check-circle\"><\/i><\/span><span class=\"gutentor-list-item\"><p class=\"gutentor-single-item-title\">Supply voltages: 230Vac, 110Vac, 42Vac, 24Vac and 24Vdc. Others on request.<\/p><\/span><\/span><\/span><\/li><li class=\"gutentor-list-item grid-lg-6 grid-12 grid-12\"><span class=\"gutentor-single-item gutentor-single-item-4\"><span class=\"gutentor-list-item-wrap\"><span class=\"gutentor-single-list-item-icon\"><i class=\"list-item-icon far fa-check-circle\"><\/i><\/span><span class=\"gutentor-list-item\"><p class=\"gutentor-single-item-title\">Envelope color: Forge Black (Oxiron). Other colors on request.<\/p><\/span><\/span><\/span><\/li><li class=\"gutentor-list-item grid-lg-6 grid-12 grid-12\"><span class=\"gutentor-single-item gutentor-single-item-5\"><span class=\"gutentor-list-item-wrap\"><span class=\"gutentor-single-list-item-icon\"><i class=\"list-item-icon far fa-check-circle\"><\/i><\/span><span class=\"gutentor-list-item\"><p class=\"gutentor-single-item-title\">Manufactured according to EN 12368 standard.<\/p><\/span><\/span><\/span><\/li><\/ul><\/div><\/div>\n\n\n\n<div id=\"section-gcf751e\" class=\"wp-block-gutentor-e2 section-gcf751e gutentor-element gutentor-element-button button-align-center-desktop\"><span class=\"gutentor-button-wrap\"><a class=\"gutentor-button gutentor-block-button gutentor-icon-after\" href=\"https:\/\/tacse.es\/en\/contact\/\"><i class=\"gutentor-button-icon fas fa-file-pdf\"><\/i><span>Request for information<\/span><\/a><\/span><\/div>\n<\/div>\n<\/div><\/div><\/section>\n","protected":false},"excerpt":{"rendered":"","protected":false},"author":4,"featured_media":0,"parent":0,"menu_order":0,"comment_status":"closed","ping_status":"closed","template":"","meta":{"content-type":"","_monsterinsights_skip_tracking":false,"_monsterinsights_sitenote_active":false,"_monsterinsights_sitenote_note":"","_monsterinsights_sitenote_category":0,"footnotes":""},"class_list":["post-18702","page","type-page","status-publish","hentry"],"yoast_head":"<!-- This site is optimized with the Yoast SEO plugin v27.2 - https:\/\/yoast.com\/product\/yoast-seo-wordpress\/ -->\n<title>Traffic light model ACCESLED - TACSE - Road &amp; Railway Traffic Signal Solutions<\/title>\n<meta name=\"robots\" content=\"index, follow, max-snippet:-1, max-image-preview:large, max-video-preview:-1\" \/>\n<link rel=\"canonical\" href=\"https:\/\/tacse.es\/en\/traffic-light-model-accesled\/\" \/>\n<meta property=\"og:locale\" content=\"en_US\" \/>\n<meta property=\"og:type\" content=\"article\" \/>\n<meta property=\"og:title\" content=\"Traffic light model ACCESLED - TACSE - Road &amp; Railway Traffic Signal Solutions\" \/>\n<meta property=\"og:url\" content=\"https:\/\/tacse.es\/en\/traffic-light-model-accesled\/\" \/>\n<meta property=\"og:site_name\" content=\"TACSE - Road &amp; Railway Traffic Signal Solutions\" \/>\n<meta property=\"article:modified_time\" content=\"2024-04-10T10:47:33+00:00\" \/>\n<meta property=\"og:image\" content=\"https:\/\/tacse.es\/wp-content\/uploads\/2023\/02\/AccesLED.jpg\" \/>\n<meta name=\"twitter:card\" content=\"summary_large_image\" \/>\n<meta name=\"twitter:label1\" content=\"Est. reading time\" \/>\n\t<meta name=\"twitter:data1\" content=\"1 minute\" \/>\n<script type=\"application\/ld+json\" class=\"yoast-schema-graph\">{\"@context\":\"https:\/\/schema.org\",\"@graph\":[{\"@type\":\"WebPage\",\"@id\":\"https:\/\/tacse.es\/en\/traffic-light-model-accesled\/\",\"url\":\"https:\/\/tacse.es\/en\/traffic-light-model-accesled\/\",\"name\":\"Traffic light model ACCESLED - TACSE - Road &amp; Railway Traffic Signal Solutions\",\"isPartOf\":{\"@id\":\"https:\/\/tacse.es\/en\/#website\"},\"primaryImageOfPage\":{\"@id\":\"https:\/\/tacse.es\/en\/traffic-light-model-accesled\/#primaryimage\"},\"image\":{\"@id\":\"https:\/\/tacse.es\/en\/traffic-light-model-accesled\/#primaryimage\"},\"thumbnailUrl\":\"https:\/\/tacse.es\/wp-content\/uploads\/2023\/02\/AccesLED.jpg\",\"datePublished\":\"2023-02-10T12:58:56+00:00\",\"dateModified\":\"2024-04-10T10:47:33+00:00\",\"inLanguage\":\"en-US\",\"potentialAction\":[{\"@type\":\"ReadAction\",\"target\":[\"https:\/\/tacse.es\/en\/traffic-light-model-accesled\/\"]}]},{\"@type\":\"ImageObject\",\"inLanguage\":\"en-US\",\"@id\":\"https:\/\/tacse.es\/en\/traffic-light-model-accesled\/#primaryimage\",\"url\":\"https:\/\/tacse.es\/wp-content\/uploads\/2023\/02\/AccesLED.jpg\",\"contentUrl\":\"https:\/\/tacse.es\/wp-content\/uploads\/2023\/02\/AccesLED.jpg\"},{\"@type\":\"WebSite\",\"@id\":\"https:\/\/tacse.es\/en\/#website\",\"url\":\"https:\/\/tacse.es\/en\/\",\"name\":\"TACSE - Road &amp; Railway Traffic Signal Solutions\",\"description\":\"Desarrollar soluciones eficientes para el mundo de la se\u00f1alizaci\u00f3n, optimizando el proceso de fabricaci\u00f3n para tener un menor impacto en el medio ambiente.\",\"potentialAction\":[{\"@type\":\"SearchAction\",\"target\":{\"@type\":\"EntryPoint\",\"urlTemplate\":\"https:\/\/tacse.es\/en\/?s={search_term_string}\"},\"query-input\":{\"@type\":\"PropertyValueSpecification\",\"valueRequired\":true,\"valueName\":\"search_term_string\"}}],\"inLanguage\":\"en-US\"}]}<\/script>\n<!-- \/ Yoast SEO plugin. -->","yoast_head_json":{"title":"Traffic light model ACCESLED - TACSE - Road &amp; Railway Traffic Signal Solutions","robots":{"index":"index","follow":"follow","max-snippet":"max-snippet:-1","max-image-preview":"max-image-preview:large","max-video-preview":"max-video-preview:-1"},"canonical":"https:\/\/tacse.es\/en\/traffic-light-model-accesled\/","og_locale":"en_US","og_type":"article","og_title":"Traffic light model ACCESLED - TACSE - Road &amp; Railway Traffic Signal Solutions","og_url":"https:\/\/tacse.es\/en\/traffic-light-model-accesled\/","og_site_name":"TACSE - Road &amp; Railway Traffic Signal Solutions","article_modified_time":"2024-04-10T10:47:33+00:00","og_image":[{"url":"https:\/\/tacse.es\/wp-content\/uploads\/2023\/02\/AccesLED.jpg","type":"","width":"","height":""}],"twitter_card":"summary_large_image","twitter_misc":{"Est. reading time":"1 minute"},"schema":{"@context":"https:\/\/schema.org","@graph":[{"@type":"WebPage","@id":"https:\/\/tacse.es\/en\/traffic-light-model-accesled\/","url":"https:\/\/tacse.es\/en\/traffic-light-model-accesled\/","name":"Traffic light model ACCESLED - TACSE - Road &amp; Railway Traffic Signal Solutions","isPartOf":{"@id":"https:\/\/tacse.es\/en\/#website"},"primaryImageOfPage":{"@id":"https:\/\/tacse.es\/en\/traffic-light-model-accesled\/#primaryimage"},"image":{"@id":"https:\/\/tacse.es\/en\/traffic-light-model-accesled\/#primaryimage"},"thumbnailUrl":"https:\/\/tacse.es\/wp-content\/uploads\/2023\/02\/AccesLED.jpg","datePublished":"2023-02-10T12:58:56+00:00","dateModified":"2024-04-10T10:47:33+00:00","inLanguage":"en-US","potentialAction":[{"@type":"ReadAction","target":["https:\/\/tacse.es\/en\/traffic-light-model-accesled\/"]}]},{"@type":"ImageObject","inLanguage":"en-US","@id":"https:\/\/tacse.es\/en\/traffic-light-model-accesled\/#primaryimage","url":"https:\/\/tacse.es\/wp-content\/uploads\/2023\/02\/AccesLED.jpg","contentUrl":"https:\/\/tacse.es\/wp-content\/uploads\/2023\/02\/AccesLED.jpg"},{"@type":"WebSite","@id":"https:\/\/tacse.es\/en\/#website","url":"https:\/\/tacse.es\/en\/","name":"TACSE - Road &amp; Railway Traffic Signal Solutions","description":"Desarrollar soluciones eficientes para el mundo de la se\u00f1alizaci\u00f3n, optimizando el proceso de fabricaci\u00f3n para tener un menor impacto en el medio ambiente.","potentialAction":[{"@type":"SearchAction","target":{"@type":"EntryPoint","urlTemplate":"https:\/\/tacse.es\/en\/?s={search_term_string}"},"query-input":{"@type":"PropertyValueSpecification","valueRequired":true,"valueName":"search_term_string"}}],"inLanguage":"en-US"}]}},"_links":{"self":[{"href":"https:\/\/tacse.es\/en\/wp-json\/wp\/v2\/pages\/18702","targetHints":{"allow":["GET"]}}],"collection":[{"href":"https:\/\/tacse.es\/en\/wp-json\/wp\/v2\/pages"}],"about":[{"href":"https:\/\/tacse.es\/en\/wp-json\/wp\/v2\/types\/page"}],"author":[{"embeddable":true,"href":"https:\/\/tacse.es\/en\/wp-json\/wp\/v2\/users\/4"}],"replies":[{"embeddable":true,"href":"https:\/\/tacse.es\/en\/wp-json\/wp\/v2\/comments?post=18702"}],"version-history":[{"count":1,"href":"https:\/\/tacse.es\/en\/wp-json\/wp\/v2\/pages\/18702\/revisions"}],"predecessor-version":[{"id":18713,"href":"https:\/\/tacse.es\/en\/wp-json\/wp\/v2\/pages\/18702\/revisions\/18713"}],"wp:attachment":[{"href":"https:\/\/tacse.es\/en\/wp-json\/wp\/v2\/media?parent=18702"}],"curies":[{"name":"wp","href":"https:\/\/api.w.org\/{rel}","templated":true}]}}