{"id":18730,"date":"2024-01-16T11:42:33","date_gmt":"2024-01-16T11:42:33","guid":{"rendered":"https:\/\/tacse.es\/tailor-made\/"},"modified":"2024-07-10T15:52:41","modified_gmt":"2024-07-10T15:52:41","slug":"custom-desings","status":"publish","type":"page","link":"https:\/\/tacse.es\/en\/custom-desings\/","title":{"rendered":"Tailor-made"},"content":{"rendered":"\t\t<div data-elementor-type=\"wp-page\" data-elementor-id=\"18730\" class=\"elementor elementor-18730 elementor-16333\">\n\t\t\t\t<div class=\"elementor-element elementor-element-3003c1f e-flex e-con-boxed e-con e-parent\" data-id=\"3003c1f\" data-element_type=\"container\" data-e-type=\"container\">\n\t\t\t\t\t<div class=\"e-con-inner\">\n\t\t\t\t<div class=\"elementor-element elementor-element-ccff3f7 elementor-widget__width-inherit elementor-widget elementor-widget-heading\" data-id=\"ccff3f7\" data-element_type=\"widget\" data-e-type=\"widget\" data-widget_type=\"heading.default\">\n\t\t\t\t<div class=\"elementor-widget-container\">\n\t\t\t\t\t<h2 class=\"elementor-heading-title elementor-size-default\">ADVANTAGES<\/h2>\t\t\t\t<\/div>\n\t\t\t\t<\/div>\n\t\t\t\t\t<\/div>\n\t\t\t\t<\/div>\n\t\t<div class=\"elementor-element elementor-element-54fe074 e-flex e-con-boxed e-con e-parent\" data-id=\"54fe074\" data-element_type=\"container\" data-e-type=\"container\">\n\t\t\t\t\t<div class=\"e-con-inner\">\n\t\t\t\t<div class=\"elementor-element elementor-element-2191cf5 elementor-widget elementor-widget-text-editor\" data-id=\"2191cf5\" data-element_type=\"widget\" data-e-type=\"widget\" data-widget_type=\"text-editor.default\">\n\t\t\t\t<div class=\"elementor-widget-container\">\n\t\t\t\t\t\t\t\t\t<p style=\"text-align: left;\">En Tacse, combinamos calidad e innovaci\u00f3n, para que tu proyecto sea \u00fanico. Nuestro equipo t\u00e9cnico y de dise\u00f1o te guiar\u00e1 y te mostrar\u00e1 las mejores opciones para tu proyecto.<\/p>\n<p>Contact us and discover our custom design service.<\/p>\n\t\t\t\t\t\t\t\t<\/div>\n\t\t\t\t<\/div>\n\t\t\t\t\t<\/div>\n\t\t\t\t<\/div>\n\t\t<div class=\"elementor-element elementor-element-9847eba e-flex e-con-boxed e-con e-parent\" data-id=\"9847eba\" data-element_type=\"container\" data-e-type=\"container\">\n\t\t\t\t\t<div class=\"e-con-inner\">\n\t\t<div class=\"elementor-element elementor-element-9b34e54 e-flex e-con-boxed e-con e-child\" data-id=\"9b34e54\" data-element_type=\"container\" data-e-type=\"container\">\n\t\t\t\t\t<div class=\"e-con-inner\">\n\t\t\t\t<div class=\"elementor-element elementor-element-15e9871 elementor-widget__width-inherit elementor-widget elementor-widget-mfn_icon_box\" data-id=\"15e9871\" data-element_type=\"widget\" data-e-type=\"widget\" data-widget_type=\"mfn_icon_box.default\">\n\t\t\t\t<div class=\"elementor-widget-container\">\n\t\t\t\t\t<div class=\"icon_box icon_position_top no_border\"><div class=\"icon_wrapper\"><div class=\"icon\"><i class=\"far fa-thumbs-up\" aria-hidden=\"true\"><\/i><\/div><\/div><div class=\"desc_wrapper\"><h4 class=\"title \">EXPERIENCE<\/h4><div class=\"desc\"><p>At <strong>Tacse<\/strong> we have been developing products technically and providing solutions to our customers for 40 years.<\/p>\n<\/div><\/div><\/div>\n\t\t\t\t<\/div>\n\t\t\t\t<\/div>\n\t\t\t\t\t<\/div>\n\t\t\t\t<\/div>\n\t\t<div class=\"elementor-element elementor-element-681b42a e-flex e-con-boxed e-con e-child\" data-id=\"681b42a\" data-element_type=\"container\" data-e-type=\"container\">\n\t\t\t\t\t<div class=\"e-con-inner\">\n\t\t\t\t<div class=\"elementor-element elementor-element-b7c12f5 elementor-widget__width-inherit elementor-widget elementor-widget-mfn_icon_box\" data-id=\"b7c12f5\" data-element_type=\"widget\" data-e-type=\"widget\" data-widget_type=\"mfn_icon_box.default\">\n\t\t\t\t<div class=\"elementor-widget-container\">\n\t\t\t\t\t<div class=\"icon_box icon_position_top no_border\"><div class=\"icon_wrapper\"><div class=\"icon\"><i class=\"far fa-sun\" aria-hidden=\"true\"><\/i><\/div><\/div><div class=\"desc_wrapper\"><h4 class=\"title \">ADAPTABLE<\/h4><div class=\"desc\"><p>We make <strong>prototypes and short series<\/strong>. We can also tailor a product to your specific needs.<\/p>\n<\/div><\/div><\/div>\n\t\t\t\t<\/div>\n\t\t\t\t<\/div>\n\t\t\t\t\t<\/div>\n\t\t\t\t<\/div>\n\t\t<div class=\"elementor-element elementor-element-55dbf68 e-flex e-con-boxed e-con e-child\" data-id=\"55dbf68\" data-element_type=\"container\" data-e-type=\"container\">\n\t\t\t\t\t<div class=\"e-con-inner\">\n\t\t\t\t<div class=\"elementor-element elementor-element-a25af46 elementor-widget__width-inherit elementor-widget elementor-widget-mfn_icon_box\" data-id=\"a25af46\" data-element_type=\"widget\" data-e-type=\"widget\" data-widget_type=\"mfn_icon_box.default\">\n\t\t\t\t<div class=\"elementor-widget-container\">\n\t\t\t\t\t<div class=\"icon_box icon_position_top no_border\"><div class=\"icon_wrapper\"><div class=\"icon\"><i class=\"far fa-smile-beam\" aria-hidden=\"true\"><\/i><\/div><\/div><div class=\"desc_wrapper\"><h4 class=\"title \">WITHOUT INTERMEDIARIES<\/h4><div class=\"desc\"><p>At <strong>Tacse<\/strong> we work together <br \/>with our customer to achieve<br \/>real feedback.<\/p>\n<\/div><\/div><\/div>\n\t\t\t\t<\/div>\n\t\t\t\t<\/div>\n\t\t\t\t\t<\/div>\n\t\t\t\t<\/div>\n\t\t\t\t\t<\/div>\n\t\t\t\t<\/div>\n\t\t<div class=\"elementor-element elementor-element-c7c959a e-flex e-con-boxed e-con e-parent\" data-id=\"c7c959a\" data-element_type=\"container\" data-e-type=\"container\">\n\t\t\t\t\t<div class=\"e-con-inner\">\n\t\t\t\t<div class=\"elementor-element elementor-element-40fbe53 elementor-widget__width-inherit elementor-widget elementor-widget-heading\" data-id=\"40fbe53\" data-element_type=\"widget\" data-e-type=\"widget\" data-widget_type=\"heading.default\">\n\t\t\t\t<div class=\"elementor-widget-container\">\n\t\t\t\t\t<h2 class=\"elementor-heading-title elementor-size-default\">DEVELOPMENT SECTORS<\/h2>\t\t\t\t<\/div>\n\t\t\t\t<\/div>\n\t\t\t\t\t<\/div>\n\t\t\t\t<\/div>\n\t\t<div class=\"elementor-element elementor-element-f591448 e-flex e-con-boxed e-con e-parent\" data-id=\"f591448\" data-element_type=\"container\" data-e-type=\"container\">\n\t\t\t\t\t<div class=\"e-con-inner\">\n\t\t<div class=\"elementor-element elementor-element-6101804 e-flex e-con-boxed e-con e-child\" data-id=\"6101804\" data-element_type=\"container\" data-e-type=\"container\">\n\t\t\t\t\t<div class=\"e-con-inner\">\n\t\t\t\t<div class=\"elementor-element elementor-element-c60d44a elementor-widget__width-inherit elementor-widget elementor-widget-mfn_icon_box\" data-id=\"c60d44a\" data-element_type=\"widget\" data-e-type=\"widget\" data-widget_type=\"mfn_icon_box.default\">\n\t\t\t\t<div class=\"elementor-widget-container\">\n\t\t\t\t\t<div class=\"icon_box icon_position_top no_border\"><div class=\"image_wrapper\"><img decoding=\"async\" class=\"scale-with-grid\" src=\"https:\/\/tacse.es\/wp-content\/uploads\/2024\/05\/MAQUINA-INYECCION-2.png\" alt=\"MAQUINA INYECCION\" width=\"190\" height=\"190\"\/><\/div><div class=\"desc_wrapper\"><h3 class=\"title \">PLASTIC INJECTION<\/h3><div class=\"desc\"><p>- Transformation of plastic parts by <strong>injection<\/strong> in medium and short series.<\/p>\n<p>- Starting from the customer's idea,<strong> we design the part<\/strong>, the <strong>mold<\/strong> and deliver the<strong> industrialized<\/strong> product and manufacture the series.<\/p>\n<div class=\"gutentor-single-item gutentor-single-item-1 gutentor-odd\">\n<div class=\"gutentor-timeline-item\">\n<div class=\"gutentor-single-item-wrap\"> <\/div>\n<\/div>\n<\/div>\n<\/div><\/div><\/div>\n\t\t\t\t<\/div>\n\t\t\t\t<\/div>\n\t\t\t\t\t<\/div>\n\t\t\t\t<\/div>\n\t\t<div class=\"elementor-element elementor-element-14e2456 e-flex e-con-boxed e-con e-child\" data-id=\"14e2456\" data-element_type=\"container\" data-e-type=\"container\">\n\t\t\t\t\t<div class=\"e-con-inner\">\n\t\t\t\t<div class=\"elementor-element elementor-element-d682d40 elementor-widget__width-inherit elementor-widget elementor-widget-mfn_icon_box\" data-id=\"d682d40\" data-element_type=\"widget\" data-e-type=\"widget\" data-widget_type=\"mfn_icon_box.default\">\n\t\t\t\t<div class=\"elementor-widget-container\">\n\t\t\t\t\t<div class=\"icon_box icon_position_top no_border\"><div class=\"image_wrapper\"><img decoding=\"async\" class=\"scale-with-grid\" src=\"https:\/\/tacse.es\/wp-content\/uploads\/2024\/05\/MOTHER-BOARD-1.png\" alt=\"MOTHER BOARD\" width=\"195\" height=\"196\"\/><\/div><div class=\"desc_wrapper\"><h3 class=\"title \">ELECTRONIC DEVICES<\/h3><div class=\"desc\"><p>\u00b7 Design of electronic <strong>elements (hardware and software)<\/strong> under specifications adapted to the client's needs.<\/p>\n<p>- If an electronic product with <strong>specific requirements<\/strong> is required, we design and manufacture it with total adaptability.<\/p>\n<\/div><\/div><\/div>\n\t\t\t\t<\/div>\n\t\t\t\t<\/div>\n\t\t\t\t\t<\/div>\n\t\t\t\t<\/div>\n\t\t<div class=\"elementor-element elementor-element-acb31ed e-flex e-con-boxed e-con e-child\" data-id=\"acb31ed\" data-element_type=\"container\" data-e-type=\"container\">\n\t\t\t\t\t<div class=\"e-con-inner\">\n\t\t\t\t<div class=\"elementor-element elementor-element-b6287f9 elementor-widget__width-inherit elementor-widget elementor-widget-mfn_icon_box\" data-id=\"b6287f9\" data-element_type=\"widget\" data-e-type=\"widget\" data-widget_type=\"mfn_icon_box.default\">\n\t\t\t\t<div class=\"elementor-widget-container\">\n\t\t\t\t\t<div class=\"icon_box icon_position_top no_border\"><div class=\"image_wrapper\"><img decoding=\"async\" class=\"scale-with-grid\" src=\"https:\/\/tacse.es\/wp-content\/uploads\/2024\/05\/DIMENSIONADO-A-MEDIDA.png\" alt=\"DIMENSIONADO A MEDIDA\" width=\"237\" height=\"202\"\/><\/div><div class=\"desc_wrapper\"><h3 class=\"title \">METAL ENCLOSURES<\/h3><div class=\"desc\"><p>\u00b7 At Tacse we have our own strong <strong>metallurgical workshop<\/strong>, we can shape or design the solutions you need completely <strong>customized in: steel, stainless steel, aluminum or cast iron. <\/strong><\/p>\n<p><em>-<\/em> <strong>Product prototyping<\/strong><\/p>\n<\/div><\/div><\/div>\n\t\t\t\t<\/div>\n\t\t\t\t<\/div>\n\t\t\t\t\t<\/div>\n\t\t\t\t<\/div>\n\t\t\t\t\t<\/div>\n\t\t\t\t<\/div>\n\t\t<div class=\"elementor-element elementor-element-200d3f4 e-flex e-con-boxed e-con e-parent\" data-id=\"200d3f4\" data-element_type=\"container\" data-e-type=\"container\">\n\t\t\t\t\t<div class=\"e-con-inner\">\n\t\t<div class=\"elementor-element elementor-element-87d5605 elementor-hidden-desktop elementor-hidden-tablet elementor-hidden-mobile e-flex e-con-boxed e-con e-child\" data-id=\"87d5605\" data-element_type=\"container\" data-e-type=\"container\">\n\t\t\t\t\t<div class=\"e-con-inner\">\n\t\t\t\t<div class=\"elementor-element elementor-element-29fae9e elementor-widget elementor-widget-heading\" data-id=\"29fae9e\" data-element_type=\"widget\" data-e-type=\"widget\" data-widget_type=\"heading.default\">\n\t\t\t\t<div class=\"elementor-widget-container\">\n\t\t\t\t\t<h2 class=\"elementor-heading-title elementor-size-default\">PROJECT PHASES <\/h2>\t\t\t\t<\/div>\n\t\t\t\t<\/div>\n\t\t\t\t<div class=\"elementor-element elementor-element-3eebad6 elementor-widget elementor-widget-mfn_timeline\" data-id=\"3eebad6\" data-element_type=\"widget\" data-e-type=\"widget\" data-widget_type=\"mfn_timeline.default\">\n\t\t\t\t<div class=\"elementor-widget-container\">\n\t\t\t\t\t<ul class=\"timeline_items\"><li><h3>PLASTIC PARTS AND ENCLOSURES <\/h3><div class=\"desc\"><div class=\"gutentor-single-item gutentor-single-item-0 gutentor-even\">\n<div class=\"gutentor-timeline-item\">\n<div class=\"gutentor-single-item-wrap\">\n<div class=\"gutentor-single-item-wrapper\">\n<div class=\"gutentor-single-item-content gutentor-timeline-item-content\">\n<p class=\"gutentor-single-item-desc\">Starting from the client's idea, we <strong>design the part<\/strong>, the <strong>mold<\/strong> and deliver the product <strong>industrialized<\/strong> and ready to manufacture.<\/p>\n<\/div>\n<\/div>\n<\/div>\n<\/div>\n<\/div>\n<div class=\"gutentor-single-item gutentor-single-item-1 gutentor-odd\">\n<div class=\"gutentor-timeline-item\">\n<div class=\"gutentor-single-item-wrap\"> <\/div>\n<\/div>\n<\/div>\n<\/div><\/li><li><h3>IDEATION <\/h3><div class=\"desc\"><p style=\"text-align: right;\">According to the client's needs, we <strong>design the part<\/strong> and <strong>manufacture<\/strong> it in: steel, stainless steel, aluminum or cast iron.<\/p>\n<p style=\"text-align: right;\"><strong>\u00b7 Strong product promotion<\/strong><\/p>\n<\/div><\/li><li><h3>DEVELOPMENT <\/h3><div class=\"desc\"><p>If an electronic product is required with <strong>specific requirements<\/strong> and a <strong>small manufacturing quantity<\/strong>, we design and manufacture it with total adaptability.<\/p>\n<\/div><\/li><\/ul>\n\t\t\t\t<\/div>\n\t\t\t\t<\/div>\n\t\t\t\t\t<\/div>\n\t\t\t\t<\/div>\n\t\t\t\t\t<\/div>\n\t\t\t\t<\/div>\n\t\t<div class=\"elementor-element elementor-element-8103f49 e-flex e-con-boxed e-con e-parent\" data-id=\"8103f49\" data-element_type=\"container\" data-e-type=\"container\">\n\t\t\t\t\t<div class=\"e-con-inner\">\n\t\t<div class=\"elementor-element elementor-element-eea879a e-flex e-con-boxed e-con e-child\" data-id=\"eea879a\" data-element_type=\"container\" data-e-type=\"container\">\n\t\t\t\t\t<div class=\"e-con-inner\">\n\t\t\t\t<div class=\"elementor-element elementor-element-867d76d elementor-align-justify elementor-widget elementor-widget-button\" data-id=\"867d76d\" data-element_type=\"widget\" data-e-type=\"widget\" data-widget_type=\"button.default\">\n\t\t\t\t<div class=\"elementor-widget-container\">\n\t\t\t\t\t\t\t\t\t<div class=\"elementor-button-wrapper\">\n\t\t\t\t\t<a class=\"elementor-button elementor-button-link elementor-size-xl\" href=\"https:\/\/tacse.es\/es\/contacto\/\">\n\t\t\t\t\t\t<span class=\"elementor-button-content-wrapper\">\n\t\t\t\t\t\t\t\t\t<span class=\"elementor-button-text\">- CONTACT US -  <\/span>\n\t\t\t\t\t<\/span>\n\t\t\t\t\t<\/a>\n\t\t\t\t<\/div>\n\t\t\t\t\t\t\t\t<\/div>\n\t\t\t\t<\/div>\n\t\t\t\t\t<\/div>\n\t\t\t\t<\/div>\n\t\t\t\t\t<\/div>\n\t\t\t\t<\/div>\n\t\t<div class=\"elementor-element elementor-element-a69fbc5 e-flex e-con-boxed e-con e-parent\" data-id=\"a69fbc5\" data-element_type=\"container\" data-e-type=\"container\">\n\t\t\t\t\t<div class=\"e-con-inner\">\n\t\t\t\t<div class=\"elementor-element elementor-element-392cc09 elementor-widget elementor-widget-heading\" data-id=\"392cc09\" data-element_type=\"widget\" data-e-type=\"widget\" data-widget_type=\"heading.default\">\n\t\t\t\t<div class=\"elementor-widget-container\">\n\t\t\t\t\t<h2 class=\"elementor-heading-title elementor-size-default\">Our Designs  <\/h2>\t\t\t\t<\/div>\n\t\t\t\t<\/div>\n\t\t\t\t\t<\/div>\n\t\t\t\t<\/div>\n\t\t<div class=\"elementor-element elementor-element-c2158de e-flex e-con-boxed e-con e-parent\" data-id=\"c2158de\" data-element_type=\"container\" data-e-type=\"container\" data-settings=\"{&quot;background_background&quot;:&quot;classic&quot;}\">\n\t\t\t\t\t<div class=\"e-con-inner\">\n\t\t<div class=\"elementor-element elementor-element-f270ac8 e-flex e-con-boxed e-con e-child\" data-id=\"f270ac8\" data-element_type=\"container\" data-e-type=\"container\">\n\t\t\t\t\t<div class=\"e-con-inner\">\n\t\t\t\t<div class=\"elementor-element elementor-element-43450f4 elementor-invisible elementor-widget elementor-widget-image\" data-id=\"43450f4\" data-element_type=\"widget\" data-e-type=\"widget\" data-settings=\"{&quot;_animation&quot;:&quot;fadeIn&quot;}\" data-widget_type=\"image.default\">\n\t\t\t\t<div class=\"elementor-widget-container\">\n\t\t\t\t\t\t\t\t\t\t\t\t<figure class=\"wp-caption\">\n\t\t\t\t\t\t\t\t\t\t<img loading=\"lazy\" decoding=\"async\" width=\"423\" height=\"532\" src=\"https:\/\/tacse.es\/wp-content\/uploads\/2024\/01\/producto-uno.jpg\" class=\"elementor-animation-hang attachment-large size-large wp-image-18369\" alt=\"\" srcset=\"https:\/\/tacse.es\/wp-content\/uploads\/2024\/01\/producto-uno.jpg 423w, https:\/\/tacse.es\/wp-content\/uploads\/2024\/01\/producto-uno-239x300.jpg 239w, https:\/\/tacse.es\/wp-content\/uploads\/2024\/01\/producto-uno-60x75.jpg 60w\" sizes=\"(max-width:767px) 423px, 423px\" \/>\t\t\t\t\t\t\t\t\t\t\t<figcaption class=\"widget-image-caption wp-caption-text\"><\/figcaption>\n\t\t\t\t\t\t\t\t\t\t<\/figure>\n\t\t\t\t\t\t\t\t\t<\/div>\n\t\t\t\t<\/div>\n\t\t\t\t\t<\/div>\n\t\t\t\t<\/div>\n\t\t<div class=\"elementor-element elementor-element-b56b35a e-flex e-con-boxed e-con e-child\" data-id=\"b56b35a\" data-element_type=\"container\" data-e-type=\"container\">\n\t\t\t\t\t<div class=\"e-con-inner\">\n\t\t\t\t<div class=\"elementor-element elementor-element-b93a2b8 elementor-invisible elementor-widget elementor-widget-image\" data-id=\"b93a2b8\" data-element_type=\"widget\" data-e-type=\"widget\" data-settings=\"{&quot;_animation&quot;:&quot;fadeIn&quot;}\" data-widget_type=\"image.default\">\n\t\t\t\t<div class=\"elementor-widget-container\">\n\t\t\t\t\t\t\t\t\t\t\t\t\t\t\t<img loading=\"lazy\" decoding=\"async\" width=\"423\" height=\"532\" src=\"https:\/\/tacse.es\/wp-content\/uploads\/2024\/01\/producto-dos.jpg\" class=\"elementor-animation-hang attachment-large size-large wp-image-18368\" alt=\"\" srcset=\"https:\/\/tacse.es\/wp-content\/uploads\/2024\/01\/producto-dos.jpg 423w, https:\/\/tacse.es\/wp-content\/uploads\/2024\/01\/producto-dos-239x300.jpg 239w, https:\/\/tacse.es\/wp-content\/uploads\/2024\/01\/producto-dos-60x75.jpg 60w\" sizes=\"(max-width:767px) 423px, 423px\" \/>\t\t\t\t\t\t\t\t\t\t\t\t\t\t\t<\/div>\n\t\t\t\t<\/div>\n\t\t\t\t\t<\/div>\n\t\t\t\t<\/div>\n\t\t<div class=\"elementor-element elementor-element-321367e e-flex e-con-boxed e-con e-child\" data-id=\"321367e\" data-element_type=\"container\" data-e-type=\"container\">\n\t\t\t\t\t<div class=\"e-con-inner\">\n\t\t\t\t<div class=\"elementor-element elementor-element-7c24f0b elementor-invisible elementor-widget elementor-widget-image\" data-id=\"7c24f0b\" data-element_type=\"widget\" data-e-type=\"widget\" data-settings=\"{&quot;_animation&quot;:&quot;fadeIn&quot;}\" data-widget_type=\"image.default\">\n\t\t\t\t<div class=\"elementor-widget-container\">\n\t\t\t\t\t\t\t\t\t\t\t\t\t\t\t<img loading=\"lazy\" decoding=\"async\" width=\"423\" height=\"532\" src=\"https:\/\/tacse.es\/wp-content\/uploads\/2024\/01\/productotres.jpg\" class=\"elementor-animation-hang attachment-large size-large wp-image-18367\" alt=\"\" srcset=\"https:\/\/tacse.es\/wp-content\/uploads\/2024\/01\/productotres.jpg 423w, https:\/\/tacse.es\/wp-content\/uploads\/2024\/01\/productotres-239x300.jpg 239w, https:\/\/tacse.es\/wp-content\/uploads\/2024\/01\/productotres-60x75.jpg 60w\" sizes=\"(max-width:767px) 423px, 423px\" \/>\t\t\t\t\t\t\t\t\t\t\t\t\t\t\t<\/div>\n\t\t\t\t<\/div>\n\t\t\t\t\t<\/div>\n\t\t\t\t<\/div>\n\t\t\t\t\t<\/div>\n\t\t\t\t<\/div>\n\t\t\t\t<\/div>\n\t\t","protected":false},"excerpt":{"rendered":"<p>At Tacse, we combine quality and innovation, so that your project is unique. Our technical and design team will guide you and show you the best options for your project. <\/p>\n","protected":false},"author":4,"featured_media":0,"parent":0,"menu_order":0,"comment_status":"closed","ping_status":"closed","template":"","meta":{"content-type":"","_monsterinsights_skip_tracking":false,"_monsterinsights_sitenote_active":false,"_monsterinsights_sitenote_note":"","_monsterinsights_sitenote_category":0,"footnotes":""},"class_list":["post-18730","page","type-page","status-publish","hentry"],"yoast_head":"<!-- This site is optimized with the Yoast SEO plugin v27.4 - https:\/\/yoast.com\/product\/yoast-seo-wordpress\/ -->\n<title>TACSE - Road &amp; Railway Traffic Signal Solutions<\/title>\n<meta name=\"description\" content=\"At Tacse, we combine quality and innovation, so that your project is unique. Our technical and design team will guide you and show you the best options for your project.\" \/>\n<meta name=\"robots\" content=\"index, follow, max-snippet:-1, max-image-preview:large, max-video-preview:-1\" \/>\n<link rel=\"canonical\" href=\"https:\/\/tacse.es\/en\/custom-desings\/\" \/>\n<meta property=\"og:locale\" content=\"en_US\" \/>\n<meta property=\"og:type\" content=\"article\" \/>\n<meta property=\"og:title\" content=\"TACSE - Road &amp; Railway Traffic Signal Solutions\" \/>\n<meta property=\"og:description\" content=\"At Tacse, we combine quality and innovation, so that your project is unique. Our technical and design team will guide you and show you the best options for your project.\" \/>\n<meta property=\"og:url\" content=\"https:\/\/tacse.es\/en\/custom-desings\/\" \/>\n<meta property=\"og:site_name\" content=\"TACSE - Road &amp; Railway Traffic Signal Solutions\" \/>\n<meta property=\"article:modified_time\" content=\"2024-07-10T15:52:41+00:00\" \/>\n<meta property=\"og:image\" content=\"https:\/\/tacse.es\/wp-content\/uploads\/2024\/05\/MAQUINA-INYECCION-2.png\" \/>\n<meta name=\"twitter:card\" content=\"summary_large_image\" \/>\n<meta name=\"twitter:label1\" content=\"Est. reading time\" \/>\n\t<meta name=\"twitter:data1\" content=\"3 minutes\" \/>\n<script type=\"application\/ld+json\" class=\"yoast-schema-graph\">{\"@context\":\"https:\\\/\\\/schema.org\",\"@graph\":[{\"@type\":\"WebPage\",\"@id\":\"https:\\\/\\\/tacse.es\\\/en\\\/custom-desings\\\/\",\"url\":\"https:\\\/\\\/tacse.es\\\/en\\\/custom-desings\\\/\",\"name\":\"TACSE - Road & Railway Traffic Signal Solutions\",\"isPartOf\":{\"@id\":\"https:\\\/\\\/tacse.es\\\/en\\\/#website\"},\"primaryImageOfPage\":{\"@id\":\"https:\\\/\\\/tacse.es\\\/en\\\/custom-desings\\\/#primaryimage\"},\"image\":{\"@id\":\"https:\\\/\\\/tacse.es\\\/en\\\/custom-desings\\\/#primaryimage\"},\"thumbnailUrl\":\"https:\\\/\\\/tacse.es\\\/wp-content\\\/uploads\\\/2024\\\/05\\\/MAQUINA-INYECCION-2.png\",\"datePublished\":\"2024-01-16T11:42:33+00:00\",\"dateModified\":\"2024-07-10T15:52:41+00:00\",\"description\":\"At Tacse, we combine quality and innovation, so that your project is unique. Our technical and design team will guide you and show you the best options for your project.\",\"inLanguage\":\"en-US\",\"potentialAction\":[{\"@type\":\"ReadAction\",\"target\":[\"https:\\\/\\\/tacse.es\\\/en\\\/custom-desings\\\/\"]}]},{\"@type\":\"ImageObject\",\"inLanguage\":\"en-US\",\"@id\":\"https:\\\/\\\/tacse.es\\\/en\\\/custom-desings\\\/#primaryimage\",\"url\":\"https:\\\/\\\/tacse.es\\\/wp-content\\\/uploads\\\/2024\\\/05\\\/MAQUINA-INYECCION-2.png\",\"contentUrl\":\"https:\\\/\\\/tacse.es\\\/wp-content\\\/uploads\\\/2024\\\/05\\\/MAQUINA-INYECCION-2.png\"},{\"@type\":\"WebSite\",\"@id\":\"https:\\\/\\\/tacse.es\\\/en\\\/#website\",\"url\":\"https:\\\/\\\/tacse.es\\\/en\\\/\",\"name\":\"TACSE - Road &amp; Railway Traffic Signal Solutions\",\"description\":\"Desarrollar soluciones eficientes para el mundo de la se\u00f1alizaci\u00f3n, optimizando el proceso de fabricaci\u00f3n para tener un menor impacto en el medio ambiente.\",\"potentialAction\":[{\"@type\":\"SearchAction\",\"target\":{\"@type\":\"EntryPoint\",\"urlTemplate\":\"https:\\\/\\\/tacse.es\\\/en\\\/?s={search_term_string}\"},\"query-input\":{\"@type\":\"PropertyValueSpecification\",\"valueRequired\":true,\"valueName\":\"search_term_string\"}}],\"inLanguage\":\"en-US\"}]}<\/script>\n<!-- \/ Yoast SEO plugin. -->","yoast_head_json":{"title":"TACSE - Road & Railway Traffic Signal Solutions","description":"At Tacse, we combine quality and innovation, so that your project is unique. Our technical and design team will guide you and show you the best options for your project.","robots":{"index":"index","follow":"follow","max-snippet":"max-snippet:-1","max-image-preview":"max-image-preview:large","max-video-preview":"max-video-preview:-1"},"canonical":"https:\/\/tacse.es\/en\/custom-desings\/","og_locale":"en_US","og_type":"article","og_title":"TACSE - Road & Railway Traffic Signal Solutions","og_description":"At Tacse, we combine quality and innovation, so that your project is unique. Our technical and design team will guide you and show you the best options for your project.","og_url":"https:\/\/tacse.es\/en\/custom-desings\/","og_site_name":"TACSE - Road &amp; Railway Traffic Signal Solutions","article_modified_time":"2024-07-10T15:52:41+00:00","og_image":[{"url":"https:\/\/tacse.es\/wp-content\/uploads\/2024\/05\/MAQUINA-INYECCION-2.png","type":"","width":"","height":""}],"twitter_card":"summary_large_image","twitter_misc":{"Est. reading time":"3 minutes"},"schema":{"@context":"https:\/\/schema.org","@graph":[{"@type":"WebPage","@id":"https:\/\/tacse.es\/en\/custom-desings\/","url":"https:\/\/tacse.es\/en\/custom-desings\/","name":"TACSE - Road & Railway Traffic Signal Solutions","isPartOf":{"@id":"https:\/\/tacse.es\/en\/#website"},"primaryImageOfPage":{"@id":"https:\/\/tacse.es\/en\/custom-desings\/#primaryimage"},"image":{"@id":"https:\/\/tacse.es\/en\/custom-desings\/#primaryimage"},"thumbnailUrl":"https:\/\/tacse.es\/wp-content\/uploads\/2024\/05\/MAQUINA-INYECCION-2.png","datePublished":"2024-01-16T11:42:33+00:00","dateModified":"2024-07-10T15:52:41+00:00","description":"At Tacse, we combine quality and innovation, so that your project is unique. Our technical and design team will guide you and show you the best options for your project.","inLanguage":"en-US","potentialAction":[{"@type":"ReadAction","target":["https:\/\/tacse.es\/en\/custom-desings\/"]}]},{"@type":"ImageObject","inLanguage":"en-US","@id":"https:\/\/tacse.es\/en\/custom-desings\/#primaryimage","url":"https:\/\/tacse.es\/wp-content\/uploads\/2024\/05\/MAQUINA-INYECCION-2.png","contentUrl":"https:\/\/tacse.es\/wp-content\/uploads\/2024\/05\/MAQUINA-INYECCION-2.png"},{"@type":"WebSite","@id":"https:\/\/tacse.es\/en\/#website","url":"https:\/\/tacse.es\/en\/","name":"TACSE - Road &amp; Railway Traffic Signal Solutions","description":"Desarrollar soluciones eficientes para el mundo de la se\u00f1alizaci\u00f3n, optimizando el proceso de fabricaci\u00f3n para tener un menor impacto en el medio ambiente.","potentialAction":[{"@type":"SearchAction","target":{"@type":"EntryPoint","urlTemplate":"https:\/\/tacse.es\/en\/?s={search_term_string}"},"query-input":{"@type":"PropertyValueSpecification","valueRequired":true,"valueName":"search_term_string"}}],"inLanguage":"en-US"}]}},"_links":{"self":[{"href":"https:\/\/tacse.es\/en\/wp-json\/wp\/v2\/pages\/18730","targetHints":{"allow":["GET"]}}],"collection":[{"href":"https:\/\/tacse.es\/en\/wp-json\/wp\/v2\/pages"}],"about":[{"href":"https:\/\/tacse.es\/en\/wp-json\/wp\/v2\/types\/page"}],"author":[{"embeddable":true,"href":"https:\/\/tacse.es\/en\/wp-json\/wp\/v2\/users\/4"}],"replies":[{"embeddable":true,"href":"https:\/\/tacse.es\/en\/wp-json\/wp\/v2\/comments?post=18730"}],"version-history":[{"count":42,"href":"https:\/\/tacse.es\/en\/wp-json\/wp\/v2\/pages\/18730\/revisions"}],"predecessor-version":[{"id":19414,"href":"https:\/\/tacse.es\/en\/wp-json\/wp\/v2\/pages\/18730\/revisions\/19414"}],"wp:attachment":[{"href":"https:\/\/tacse.es\/en\/wp-json\/wp\/v2\/media?parent=18730"}],"curies":[{"name":"wp","href":"https:\/\/api.w.org\/{rel}","templated":true}]}}