{"id":18753,"date":"2023-04-21T11:10:01","date_gmt":"2023-04-21T11:10:01","guid":{"rendered":"https:\/\/tacse.es\/aticom-ifr\/"},"modified":"2024-04-10T10:47:33","modified_gmt":"2024-04-10T10:47:33","slug":"aticom-ifr","status":"publish","type":"page","link":"https:\/\/tacse.es\/en\/aticom-ifr\/","title":{"rendered":"ATICOM IFR"},"content":{"rendered":"\n<section id=\"section-0a03e30e-db18-42c0-84bc-5ff47372cb54\" class=\"wp-block-gutentor-advanced-columns gutentor-section gutentor-advanced-columns has-color-bg has-custom-bg\"><div class=\"grid-container\"><div class=\"grid-row\">\n<div id=\"section-f62fdb8e-a180-46c0-8f06-96c31614b9a8\" class=\"wp-block-gutentor-single-column gutentor-single-column  grid-lg-4 grid-md-12 grid-12\">\n<div class=\"wp-block-image\"><figure class=\"alignleft size-large\"><img fetchpriority=\"high\" decoding=\"async\" width=\"657\" height=\"1024\" src=\"https:\/\/tacse.es\/wp-content\/uploads\/2023\/06\/ATICOM-IFR-PLACA-FINAL.890-e1686297375482-657x1024.png\" alt=\"\" class=\"wp-image-15265\" srcset=\"https:\/\/tacse.es\/wp-content\/uploads\/2023\/06\/ATICOM-IFR-PLACA-FINAL.890-e1686297375482-657x1024.png 657w, https:\/\/tacse.es\/wp-content\/uploads\/2023\/06\/ATICOM-IFR-PLACA-FINAL.890-e1686297375482-500x779.png 500w, https:\/\/tacse.es\/wp-content\/uploads\/2023\/06\/ATICOM-IFR-PLACA-FINAL.890-e1686297375482-192x300.png 192w, https:\/\/tacse.es\/wp-content\/uploads\/2023\/06\/ATICOM-IFR-PLACA-FINAL.890-e1686297375482-120x187.png 120w, https:\/\/tacse.es\/wp-content\/uploads\/2023\/06\/ATICOM-IFR-PLACA-FINAL.890-e1686297375482.png 700w\" sizes=\"(max-width:767px) 480px, 657px\" \/><\/figure><\/div>\n<\/div>\n\n\n\n<div id=\"section-1962e617-a154-49c3-b821-24c25f9de033\" class=\"wp-block-gutentor-single-column gutentor-single-column  grid-lg-8 grid-md-12 grid-12\">\n<div id=\"section-43ce6258-4694-4347-88b1-47e47f305def\" class=\"wp-block-gutentor-content-box gutentor-section gutentor-content-box-wrapper content-template1 text-left\"><div class=\"grid-container\"><div class=\"grid-row gutentor-grid-item-wrap\"><div class=\"gutentor-grid-column grid-lg-12 grid-md-12 grid-12\"><div class=\"gutentor-single-item gutentor-single-item-0\"><div class=\"gutentor-single-item-wrap\"><div class=\"gutentor-single-item-content\"><h1 class=\"gutentor-single-item-title\">ATICOM IFR<\/h1><p class=\"gutentor-single-item-desc\">The <strong>ATICOM<\/strong> <strong>IFR<\/strong> model is the most compact version of the pedestrian pushbuttons manufactured by <strong>TACSE<\/strong>. It is a<strong> &#8220;non-contact&#8221;<\/strong> anti-vandalism push button made of aluminum, with an attractive design and available in different colors.  <br><br>When the button is pressed (and after a few seconds) the vehicle traffic light changes to red giving pedestrians enough time to cross.<br><br>The <strong>ATICOM<\/strong> model is a reliable solution at a very competitive price.<\/p><\/div><\/div><\/div><\/div><\/div><\/div><\/div>\n\n\n\n<div id=\"section-eb4132b0-8386-450f-99e1-05c598f6c4d7\" class=\"wp-block-gutentor-list gutentor-section gutentor-list-wrapper list-template1 text-left\"><div class=\"grid-container\"><ul class=\"grid-row gutentor-grid-item-wrap list-indicator-icon text-left\"><li class=\"gutentor-list-item grid-lg-6 grid-12 grid-12\"><span class=\"gutentor-single-item gutentor-single-item-0\"><span class=\"gutentor-list-item-wrap\"><span class=\"gutentor-single-list-item-icon\"><i class=\"list-item-icon far fa-check-circle\"><\/i><\/span><span class=\"gutentor-list-item\"><p class=\"gutentor-single-item-title\">Includes a single fixed message.<\/p><\/span><\/span><\/span><\/li><li class=\"gutentor-list-item grid-lg-6 grid-12 grid-12\"><span class=\"gutentor-single-item gutentor-single-item-1\"><span class=\"gutentor-list-item-wrap\"><span class=\"gutentor-single-list-item-icon\"><i class=\"list-item-icon far fa-check-circle\"><\/i><\/span><span class=\"gutentor-list-item\"><p class=\"gutentor-single-item-title\">Vandal resistant construction with internal reinforcement.<\/p><\/span><\/span><\/span><\/li><li class=\"gutentor-list-item grid-lg-6 grid-12 grid-12\"><span class=\"gutentor-single-item gutentor-single-item-2\"><span class=\"gutentor-list-item-wrap\"><span class=\"gutentor-single-list-item-icon\"><i class=\"list-item-icon far fa-check-circle\"><\/i><\/span><span class=\"gutentor-list-item\"><p class=\"gutentor-single-item-title\">Coating (painted) in polyester powder polymerized at 230\u00baC.<\/p><\/span><\/span><\/span><\/li><li class=\"gutentor-list-item grid-lg-6 grid-12 grid-12\"><span class=\"gutentor-single-item gutentor-single-item-3\"><span class=\"gutentor-list-item-wrap\"><span class=\"gutentor-single-list-item-icon\"><i class=\"list-item-icon far fa-check-circle\"><\/i><\/span><span class=\"gutentor-list-item\"><p class=\"gutentor-single-item-title\">Degree of protection: IP 55.<\/p><\/span><\/span><\/span><\/li><li class=\"gutentor-list-item grid-lg-6 grid-12 grid-12\"><span class=\"gutentor-single-item gutentor-single-item-4\"><span class=\"gutentor-list-item-wrap\"><span class=\"gutentor-single-list-item-icon\"><i class=\"list-item-icon far fa-check-circle\"><\/i><\/span><span class=\"gutentor-list-item\"><p class=\"gutentor-single-item-title\">Easy installation and maintenance.<\/p><\/span><\/span><\/span><\/li><li class=\"gutentor-list-item grid-lg-6 grid-12 grid-12\"><span class=\"gutentor-single-item gutentor-single-item-5\"><span class=\"gutentor-list-item-wrap\"><span class=\"gutentor-single-list-item-icon\"><i class=\"list-item-icon far fa-check-circle\"><\/i><\/span><span class=\"gutentor-list-item\"><p class=\"gutentor-single-item-title\">Made of cast aluminum.<\/p><\/span><\/span><\/span><\/li><li class=\"gutentor-list-item grid-lg-6 grid-12 grid-12\"><span class=\"gutentor-single-item gutentor-single-item-6\"><span class=\"gutentor-list-item-wrap\"><span class=\"gutentor-single-list-item-icon\"><i class=\"list-item-icon far fa-check-circle\"><\/i><\/span><span class=\"gutentor-list-item\"><p class=\"gutentor-single-item-title\">Ergonomic and functional design.<\/p><\/span><\/span><\/span><\/li><li class=\"gutentor-list-item grid-lg-6 grid-12 grid-12\"><span class=\"gutentor-single-item gutentor-single-item-7\"><span class=\"gutentor-list-item-wrap\"><span class=\"gutentor-single-list-item-icon\"><i class=\"list-item-icon far fa-check-circle\"><\/i><\/span><span class=\"gutentor-list-item\"><p class=\"gutentor-single-item-title\">Increased <strong>safety<\/strong> at pedestrian crossings.  <\/p><\/span><\/span><\/span><\/li><\/ul><\/div><\/div>\n\n\n\n<div id=\"section-gc1cf67\" class=\"wp-block-gutentor-e2 section-gc1cf67 gutentor-element gutentor-element-button button-align-center-desktop\"><span class=\"gutentor-button-wrap\"><a class=\"gutentor-button gutentor-block-button gutentor-icon-after\" href=\"https:\/\/tacse.es\/en\/splendor-200-300-led-optics\/\"><i class=\"gutentor-button-icon fas fa-file-pdf\"><\/i><span>Request for information<\/span><\/a><\/span><\/div>\n<\/div>\n<\/div><\/div><\/section>\n","protected":false},"excerpt":{"rendered":"","protected":false},"author":4,"featured_media":0,"parent":0,"menu_order":0,"comment_status":"closed","ping_status":"closed","template":"","meta":{"content-type":"","_monsterinsights_skip_tracking":false,"_monsterinsights_sitenote_active":false,"_monsterinsights_sitenote_note":"","_monsterinsights_sitenote_category":0,"footnotes":""},"class_list":["post-18753","page","type-page","status-publish","hentry"],"yoast_head":"<!-- This site is optimized with the Yoast SEO plugin v27.2 - https:\/\/yoast.com\/product\/yoast-seo-wordpress\/ -->\n<title>ATICOM IFR - TACSE - Road &amp; Railway Traffic Signal Solutions<\/title>\n<meta name=\"robots\" content=\"index, follow, max-snippet:-1, max-image-preview:large, max-video-preview:-1\" \/>\n<link rel=\"canonical\" href=\"https:\/\/tacse.es\/en\/aticom-ifr\/\" \/>\n<meta property=\"og:locale\" content=\"en_US\" \/>\n<meta property=\"og:type\" content=\"article\" \/>\n<meta property=\"og:title\" content=\"ATICOM IFR - TACSE - Road &amp; Railway Traffic Signal Solutions\" \/>\n<meta property=\"og:url\" content=\"https:\/\/tacse.es\/en\/aticom-ifr\/\" \/>\n<meta property=\"og:site_name\" content=\"TACSE - Road &amp; Railway Traffic Signal Solutions\" \/>\n<meta property=\"article:modified_time\" content=\"2024-04-10T10:47:33+00:00\" \/>\n<meta property=\"og:image\" content=\"https:\/\/tacse.es\/wp-content\/uploads\/2023\/06\/ATICOM-IFR-PLACA-FINAL.890-e1686297375482-657x1024.png\" \/>\n<meta name=\"twitter:card\" content=\"summary_large_image\" \/>\n<meta name=\"twitter:label1\" content=\"Est. reading time\" \/>\n\t<meta name=\"twitter:data1\" content=\"1 minute\" \/>\n<script type=\"application\/ld+json\" class=\"yoast-schema-graph\">{\"@context\":\"https:\/\/schema.org\",\"@graph\":[{\"@type\":\"WebPage\",\"@id\":\"https:\/\/tacse.es\/en\/aticom-ifr\/\",\"url\":\"https:\/\/tacse.es\/en\/aticom-ifr\/\",\"name\":\"ATICOM IFR - TACSE - Road &amp; Railway Traffic Signal Solutions\",\"isPartOf\":{\"@id\":\"https:\/\/tacse.es\/en\/#website\"},\"primaryImageOfPage\":{\"@id\":\"https:\/\/tacse.es\/en\/aticom-ifr\/#primaryimage\"},\"image\":{\"@id\":\"https:\/\/tacse.es\/en\/aticom-ifr\/#primaryimage\"},\"thumbnailUrl\":\"https:\/\/tacse.es\/wp-content\/uploads\/2023\/06\/ATICOM-IFR-PLACA-FINAL.890-e1686297375482-657x1024.png\",\"datePublished\":\"2023-04-21T11:10:01+00:00\",\"dateModified\":\"2024-04-10T10:47:33+00:00\",\"inLanguage\":\"en-US\",\"potentialAction\":[{\"@type\":\"ReadAction\",\"target\":[\"https:\/\/tacse.es\/en\/aticom-ifr\/\"]}]},{\"@type\":\"ImageObject\",\"inLanguage\":\"en-US\",\"@id\":\"https:\/\/tacse.es\/en\/aticom-ifr\/#primaryimage\",\"url\":\"https:\/\/tacse.es\/wp-content\/uploads\/2023\/06\/ATICOM-IFR-PLACA-FINAL.890-e1686297375482-657x1024.png\",\"contentUrl\":\"https:\/\/tacse.es\/wp-content\/uploads\/2023\/06\/ATICOM-IFR-PLACA-FINAL.890-e1686297375482-657x1024.png\"},{\"@type\":\"WebSite\",\"@id\":\"https:\/\/tacse.es\/en\/#website\",\"url\":\"https:\/\/tacse.es\/en\/\",\"name\":\"TACSE - Road &amp; Railway Traffic Signal Solutions\",\"description\":\"Desarrollar soluciones eficientes para el mundo de la se\u00f1alizaci\u00f3n, optimizando el proceso de fabricaci\u00f3n para tener un menor impacto en el medio ambiente.\",\"potentialAction\":[{\"@type\":\"SearchAction\",\"target\":{\"@type\":\"EntryPoint\",\"urlTemplate\":\"https:\/\/tacse.es\/en\/?s={search_term_string}\"},\"query-input\":{\"@type\":\"PropertyValueSpecification\",\"valueRequired\":true,\"valueName\":\"search_term_string\"}}],\"inLanguage\":\"en-US\"}]}<\/script>\n<!-- \/ Yoast SEO plugin. -->","yoast_head_json":{"title":"ATICOM IFR - TACSE - Road &amp; Railway Traffic Signal Solutions","robots":{"index":"index","follow":"follow","max-snippet":"max-snippet:-1","max-image-preview":"max-image-preview:large","max-video-preview":"max-video-preview:-1"},"canonical":"https:\/\/tacse.es\/en\/aticom-ifr\/","og_locale":"en_US","og_type":"article","og_title":"ATICOM IFR - TACSE - Road &amp; Railway Traffic Signal Solutions","og_url":"https:\/\/tacse.es\/en\/aticom-ifr\/","og_site_name":"TACSE - Road &amp; Railway Traffic Signal Solutions","article_modified_time":"2024-04-10T10:47:33+00:00","og_image":[{"url":"https:\/\/tacse.es\/wp-content\/uploads\/2023\/06\/ATICOM-IFR-PLACA-FINAL.890-e1686297375482-657x1024.png","type":"","width":"","height":""}],"twitter_card":"summary_large_image","twitter_misc":{"Est. reading time":"1 minute"},"schema":{"@context":"https:\/\/schema.org","@graph":[{"@type":"WebPage","@id":"https:\/\/tacse.es\/en\/aticom-ifr\/","url":"https:\/\/tacse.es\/en\/aticom-ifr\/","name":"ATICOM IFR - TACSE - Road &amp; Railway Traffic Signal Solutions","isPartOf":{"@id":"https:\/\/tacse.es\/en\/#website"},"primaryImageOfPage":{"@id":"https:\/\/tacse.es\/en\/aticom-ifr\/#primaryimage"},"image":{"@id":"https:\/\/tacse.es\/en\/aticom-ifr\/#primaryimage"},"thumbnailUrl":"https:\/\/tacse.es\/wp-content\/uploads\/2023\/06\/ATICOM-IFR-PLACA-FINAL.890-e1686297375482-657x1024.png","datePublished":"2023-04-21T11:10:01+00:00","dateModified":"2024-04-10T10:47:33+00:00","inLanguage":"en-US","potentialAction":[{"@type":"ReadAction","target":["https:\/\/tacse.es\/en\/aticom-ifr\/"]}]},{"@type":"ImageObject","inLanguage":"en-US","@id":"https:\/\/tacse.es\/en\/aticom-ifr\/#primaryimage","url":"https:\/\/tacse.es\/wp-content\/uploads\/2023\/06\/ATICOM-IFR-PLACA-FINAL.890-e1686297375482-657x1024.png","contentUrl":"https:\/\/tacse.es\/wp-content\/uploads\/2023\/06\/ATICOM-IFR-PLACA-FINAL.890-e1686297375482-657x1024.png"},{"@type":"WebSite","@id":"https:\/\/tacse.es\/en\/#website","url":"https:\/\/tacse.es\/en\/","name":"TACSE - Road &amp; Railway Traffic Signal Solutions","description":"Desarrollar soluciones eficientes para el mundo de la se\u00f1alizaci\u00f3n, optimizando el proceso de fabricaci\u00f3n para tener un menor impacto en el medio ambiente.","potentialAction":[{"@type":"SearchAction","target":{"@type":"EntryPoint","urlTemplate":"https:\/\/tacse.es\/en\/?s={search_term_string}"},"query-input":{"@type":"PropertyValueSpecification","valueRequired":true,"valueName":"search_term_string"}}],"inLanguage":"en-US"}]}},"_links":{"self":[{"href":"https:\/\/tacse.es\/en\/wp-json\/wp\/v2\/pages\/18753","targetHints":{"allow":["GET"]}}],"collection":[{"href":"https:\/\/tacse.es\/en\/wp-json\/wp\/v2\/pages"}],"about":[{"href":"https:\/\/tacse.es\/en\/wp-json\/wp\/v2\/types\/page"}],"author":[{"embeddable":true,"href":"https:\/\/tacse.es\/en\/wp-json\/wp\/v2\/users\/4"}],"replies":[{"embeddable":true,"href":"https:\/\/tacse.es\/en\/wp-json\/wp\/v2\/comments?post=18753"}],"version-history":[{"count":1,"href":"https:\/\/tacse.es\/en\/wp-json\/wp\/v2\/pages\/18753\/revisions"}],"predecessor-version":[{"id":18768,"href":"https:\/\/tacse.es\/en\/wp-json\/wp\/v2\/pages\/18753\/revisions\/18768"}],"wp:attachment":[{"href":"https:\/\/tacse.es\/en\/wp-json\/wp\/v2\/media?parent=18753"}],"curies":[{"name":"wp","href":"https:\/\/api.w.org\/{rel}","templated":true}]}}