{"id":18766,"date":"2024-02-08T11:33:21","date_gmt":"2024-02-08T11:33:21","guid":{"rendered":"https:\/\/tacse.es\/products-new\/"},"modified":"2024-04-19T12:45:49","modified_gmt":"2024-04-19T12:45:49","slug":"products-new","status":"publish","type":"page","link":"https:\/\/tacse.es\/en\/products-new\/","title":{"rendered":"Products &#8211; New"},"content":{"rendered":"","protected":false},"excerpt":{"rendered":"<p>Tacse, offering high quality products and innovative solutions, capable of solving current challenges with intelligent technologies.<\/p>\n","protected":false},"author":4,"featured_media":0,"parent":0,"menu_order":0,"comment_status":"closed","ping_status":"closed","template":"","meta":{"content-type":"","_monsterinsights_skip_tracking":false,"_monsterinsights_sitenote_active":false,"_monsterinsights_sitenote_note":"","_monsterinsights_sitenote_category":0,"footnotes":""},"class_list":["post-18766","page","type-page","status-publish","hentry"],"yoast_head":"<!-- This site is optimized with the Yoast SEO plugin v27.2 - https:\/\/yoast.com\/product\/yoast-seo-wordpress\/ -->\n<title>Products - New - TACSE - Road &amp; Railway Traffic Signal Solutions<\/title>\n<meta name=\"description\" content=\"Tacse, offering high quality products and innovative solutions, capable of solving current challenges with intelligent technologies.\" \/>\n<meta name=\"robots\" content=\"index, follow, max-snippet:-1, max-image-preview:large, max-video-preview:-1\" \/>\n<link rel=\"canonical\" href=\"https:\/\/tacse.es\/en\/products-new\/\" \/>\n<meta property=\"og:locale\" content=\"en_US\" \/>\n<meta property=\"og:type\" content=\"article\" \/>\n<meta property=\"og:title\" content=\"Products - New - TACSE - Road &amp; Railway Traffic Signal Solutions\" \/>\n<meta property=\"og:description\" content=\"Tacse, offering high quality products and innovative solutions, capable of solving current challenges with intelligent technologies.\" \/>\n<meta property=\"og:url\" content=\"https:\/\/tacse.es\/en\/products-new\/\" \/>\n<meta property=\"og:site_name\" content=\"TACSE - Road &amp; Railway Traffic Signal Solutions\" \/>\n<meta property=\"article:modified_time\" content=\"2024-04-19T12:45:49+00:00\" \/>\n<meta name=\"twitter:card\" content=\"summary_large_image\" \/>\n<script type=\"application\/ld+json\" class=\"yoast-schema-graph\">{\"@context\":\"https:\/\/schema.org\",\"@graph\":[{\"@type\":\"WebPage\",\"@id\":\"https:\/\/tacse.es\/en\/products-new\/\",\"url\":\"https:\/\/tacse.es\/en\/products-new\/\",\"name\":\"Products - New - TACSE - Road &amp; Railway Traffic Signal Solutions\",\"isPartOf\":{\"@id\":\"https:\/\/tacse.es\/en\/#website\"},\"datePublished\":\"2024-02-08T11:33:21+00:00\",\"dateModified\":\"2024-04-19T12:45:49+00:00\",\"description\":\"Tacse, offering high quality products and innovative solutions, capable of solving current challenges with intelligent technologies.\",\"inLanguage\":\"en-US\",\"potentialAction\":[{\"@type\":\"ReadAction\",\"target\":[\"https:\/\/tacse.es\/en\/products-new\/\"]}]},{\"@type\":\"WebSite\",\"@id\":\"https:\/\/tacse.es\/en\/#website\",\"url\":\"https:\/\/tacse.es\/en\/\",\"name\":\"TACSE - Road &amp; Railway Traffic Signal Solutions\",\"description\":\"Desarrollar soluciones eficientes para el mundo de la se\u00f1alizaci\u00f3n, optimizando el proceso de fabricaci\u00f3n para tener un menor impacto en el medio ambiente.\",\"potentialAction\":[{\"@type\":\"SearchAction\",\"target\":{\"@type\":\"EntryPoint\",\"urlTemplate\":\"https:\/\/tacse.es\/en\/?s={search_term_string}\"},\"query-input\":{\"@type\":\"PropertyValueSpecification\",\"valueRequired\":true,\"valueName\":\"search_term_string\"}}],\"inLanguage\":\"en-US\"}]}<\/script>\n<!-- \/ Yoast SEO plugin. -->","yoast_head_json":{"title":"Products - New - TACSE - Road &amp; Railway Traffic Signal Solutions","description":"Tacse, offering high quality products and innovative solutions, capable of solving current challenges with intelligent technologies.","robots":{"index":"index","follow":"follow","max-snippet":"max-snippet:-1","max-image-preview":"max-image-preview:large","max-video-preview":"max-video-preview:-1"},"canonical":"https:\/\/tacse.es\/en\/products-new\/","og_locale":"en_US","og_type":"article","og_title":"Products - New - TACSE - Road &amp; Railway Traffic Signal Solutions","og_description":"Tacse, offering high quality products and innovative solutions, capable of solving current challenges with intelligent technologies.","og_url":"https:\/\/tacse.es\/en\/products-new\/","og_site_name":"TACSE - Road &amp; Railway Traffic Signal Solutions","article_modified_time":"2024-04-19T12:45:49+00:00","twitter_card":"summary_large_image","schema":{"@context":"https:\/\/schema.org","@graph":[{"@type":"WebPage","@id":"https:\/\/tacse.es\/en\/products-new\/","url":"https:\/\/tacse.es\/en\/products-new\/","name":"Products - New - TACSE - Road &amp; Railway Traffic Signal Solutions","isPartOf":{"@id":"https:\/\/tacse.es\/en\/#website"},"datePublished":"2024-02-08T11:33:21+00:00","dateModified":"2024-04-19T12:45:49+00:00","description":"Tacse, offering high quality products and innovative solutions, capable of solving current challenges with intelligent technologies.","inLanguage":"en-US","potentialAction":[{"@type":"ReadAction","target":["https:\/\/tacse.es\/en\/products-new\/"]}]},{"@type":"WebSite","@id":"https:\/\/tacse.es\/en\/#website","url":"https:\/\/tacse.es\/en\/","name":"TACSE - Road &amp; Railway Traffic Signal Solutions","description":"Desarrollar soluciones eficientes para el mundo de la se\u00f1alizaci\u00f3n, optimizando el proceso de fabricaci\u00f3n para tener un menor impacto en el medio ambiente.","potentialAction":[{"@type":"SearchAction","target":{"@type":"EntryPoint","urlTemplate":"https:\/\/tacse.es\/en\/?s={search_term_string}"},"query-input":{"@type":"PropertyValueSpecification","valueRequired":true,"valueName":"search_term_string"}}],"inLanguage":"en-US"}]}},"_links":{"self":[{"href":"https:\/\/tacse.es\/en\/wp-json\/wp\/v2\/pages\/18766","targetHints":{"allow":["GET"]}}],"collection":[{"href":"https:\/\/tacse.es\/en\/wp-json\/wp\/v2\/pages"}],"about":[{"href":"https:\/\/tacse.es\/en\/wp-json\/wp\/v2\/types\/page"}],"author":[{"embeddable":true,"href":"https:\/\/tacse.es\/en\/wp-json\/wp\/v2\/users\/4"}],"replies":[{"embeddable":true,"href":"https:\/\/tacse.es\/en\/wp-json\/wp\/v2\/comments?post=18766"}],"version-history":[{"count":1,"href":"https:\/\/tacse.es\/en\/wp-json\/wp\/v2\/pages\/18766\/revisions"}],"predecessor-version":[{"id":19065,"href":"https:\/\/tacse.es\/en\/wp-json\/wp\/v2\/pages\/18766\/revisions\/19065"}],"wp:attachment":[{"href":"https:\/\/tacse.es\/en\/wp-json\/wp\/v2\/media?parent=18766"}],"curies":[{"name":"wp","href":"https:\/\/api.w.org\/{rel}","templated":true}]}}