{"id":18844,"date":"2024-02-16T01:41:40","date_gmt":"2024-02-16T01:41:40","guid":{"rendered":"https:\/\/tacse.es\/category-led-panels\/"},"modified":"2024-04-19T10:52:59","modified_gmt":"2024-04-19T10:52:59","slug":"category-led-panels","status":"publish","type":"page","link":"https:\/\/tacse.es\/en\/category-led-panels\/","title":{"rendered":"Category-LED Panels"},"content":{"rendered":"\t\t<div data-elementor-type=\"wp-page\" data-elementor-id=\"18844\" class=\"elementor elementor-18844 elementor-17312\">\n\t\t\t\t<div class=\"elementor-element elementor-element-6503b64 e-flex e-con-boxed e-con e-parent\" data-id=\"6503b64\" data-element_type=\"container\" data-e-type=\"container\" data-settings=\"{&quot;background_background&quot;:&quot;classic&quot;}\">\n\t\t\t\t\t<div class=\"e-con-inner\">\n\t\t\t\t<div class=\"elementor-element elementor-element-7151b62 elementor-invisible elementor-widget elementor-widget-mfn_portfolio\" data-id=\"7151b62\" data-element_type=\"widget\" data-e-type=\"widget\" data-settings=\"{&quot;_animation&quot;:&quot;fadeInUp&quot;}\" data-widget_type=\"mfn_portfolio.default\">\n\t\t\t\t<div class=\"elementor-widget-container\">\n\t\t\t\t\t<div class=\"column_filters\"><div class=\"portfolio_wrapper isotope_wrapper \"><ul class=\"portfolio_group lm_wrapper isotope col-3 masonry-hover\"><li class=\"portfolio-item isotope-item category-led-variable-message-signs  has-thumbnail\"><div class=\"masonry-hover-wrapper\"><div class=\"hover-desc bg-light\" style=\"\"><div class=\"desc-inner\"><h5 class=\"entry-title \" itemprop=\"headline\"><a class=\"link\" href=\"https:\/\/tacse.es\/en\/portfolio-item\/fulmat-panel\/\">FULMAT PANEL<\/a><\/h5><div class=\"desc-wrapper\">VMS (Variable Message Sign) is a key element in intelligent traffic control systems.  <\/div><\/div><div class=\"links-wrapper clearfix\"><a class=\"zoom\" href=\"https:\/\/tacse.es\/wp-content\/uploads\/2024\/02\/PANEL-FULMAT-imagen-destacada-875x1024.jpg\" rel=\"prettyphoto\"><i class=\"icon-search\" aria-label=\"zoom image\"><\/i><\/a><a class=\"link\" href=\"https:\/\/tacse.es\/en\/portfolio-item\/fulmat-panel\/\"><i class=\"icon-link\" aria-label=\"go to link\"><\/i><\/a><\/div><\/div><div class=\"image-wrapper scale-with-grid\"><a class=\"link\" href=\"https:\/\/tacse.es\/en\/portfolio-item\/fulmat-panel\/\"><img fetchpriority=\"high\" decoding=\"async\" width=\"960\" height=\"1123\" src=\"https:\/\/tacse.es\/wp-content\/uploads\/2024\/02\/PANEL-FULMAT-imagen-destacada.jpg\" class=\"scale-with-grid wp-post-image\" alt=\"\" itemprop=\"image\" srcset=\"https:\/\/tacse.es\/wp-content\/uploads\/2024\/02\/PANEL-FULMAT-imagen-destacada.jpg 960w, https:\/\/tacse.es\/wp-content\/uploads\/2024\/02\/PANEL-FULMAT-imagen-destacada-256x300.jpg 256w, https:\/\/tacse.es\/wp-content\/uploads\/2024\/02\/PANEL-FULMAT-imagen-destacada-875x1024.jpg 875w, https:\/\/tacse.es\/wp-content\/uploads\/2024\/02\/PANEL-FULMAT-imagen-destacada-768x898.jpg 768w, https:\/\/tacse.es\/wp-content\/uploads\/2024\/02\/PANEL-FULMAT-imagen-destacada-64x75.jpg 64w, https:\/\/tacse.es\/wp-content\/uploads\/2024\/02\/PANEL-FULMAT-imagen-destacada-480x562.jpg 480w\" sizes=\"(max-width:767px) 480px, (max-width:960px) 100vw, 960px\" \/><\/a><\/div><\/div><\/li><li class=\"portfolio-item isotope-item category-led-variable-message-signs  has-thumbnail\"><div class=\"masonry-hover-wrapper\"><div class=\"hover-desc bg-light\" style=\"\"><div class=\"desc-inner\"><h5 class=\"entry-title \" itemprop=\"headline\"><a class=\"link\" href=\"https:\/\/tacse.es\/en\/portfolio-item\/panela-aspa-flecha\/\">PANELA ASPA-FLECHA<\/a><\/h5><div class=\"desc-wrapper\">VMS (Variable Message Sign) is a key element in intelligent traffic control systems. They are a fast and efficient means of transmitting information and control that increase the level of security.  <\/div><\/div><div class=\"links-wrapper clearfix\"><a class=\"zoom\" href=\"https:\/\/tacse.es\/wp-content\/uploads\/2024\/02\/PANELA-ASPA-FLECHA-destacada-875x1024.jpg\" rel=\"prettyphoto\"><i class=\"icon-search\" aria-label=\"zoom image\"><\/i><\/a><a class=\"link\" href=\"https:\/\/tacse.es\/en\/portfolio-item\/panela-aspa-flecha\/\"><i class=\"icon-link\" aria-label=\"go to link\"><\/i><\/a><\/div><\/div><div class=\"image-wrapper scale-with-grid\"><a class=\"link\" href=\"https:\/\/tacse.es\/en\/portfolio-item\/panela-aspa-flecha\/\"><img decoding=\"async\" width=\"960\" height=\"1123\" src=\"https:\/\/tacse.es\/wp-content\/uploads\/2024\/02\/PANELA-ASPA-FLECHA-destacada.jpg\" class=\"scale-with-grid wp-post-image\" alt=\"\" itemprop=\"image\" srcset=\"https:\/\/tacse.es\/wp-content\/uploads\/2024\/02\/PANELA-ASPA-FLECHA-destacada.jpg 960w, https:\/\/tacse.es\/wp-content\/uploads\/2024\/02\/PANELA-ASPA-FLECHA-destacada-256x300.jpg 256w, https:\/\/tacse.es\/wp-content\/uploads\/2024\/02\/PANELA-ASPA-FLECHA-destacada-875x1024.jpg 875w, https:\/\/tacse.es\/wp-content\/uploads\/2024\/02\/PANELA-ASPA-FLECHA-destacada-768x898.jpg 768w, https:\/\/tacse.es\/wp-content\/uploads\/2024\/02\/PANELA-ASPA-FLECHA-destacada-64x75.jpg 64w, https:\/\/tacse.es\/wp-content\/uploads\/2024\/02\/PANELA-ASPA-FLECHA-destacada-480x562.jpg 480w\" sizes=\"(max-width:767px) 480px, (max-width:960px) 100vw, 960px\" \/><\/a><\/div><\/div><\/li><\/ul><\/div>\n<\/div>\n\t\t\t\t<\/div>\n\t\t\t\t<\/div>\n\t\t\t\t<div class=\"elementor-element elementor-element-89220d0 elementor-widget elementor-widget-slider_revolution\" data-id=\"89220d0\" data-element_type=\"widget\" data-e-type=\"widget\" data-widget_type=\"slider_revolution.default\">\n\t\t\t\t<div class=\"elementor-widget-container\">\n\t\t\t\t\t\n\t\t<div class=\"wp-block-themepunch-revslider\">\n\t\t\t<!-- START CATEGORIAS_ENG REVOLUTION SLIDER 6.7.31 --><p class=\"rs-p-wp-fix\"><\/p>\n\t\t\t<rs-module-wrap id=\"rev_slider_40_1_wrapper\" data-source=\"gallery\" style=\"visibility:hidden;background:transparent;padding:0;margin:0px auto;margin-top:0;margin-bottom:0;\">\n\t\t\t\t<rs-module id=\"rev_slider_40_1\" style=\"\" data-version=\"6.7.31\">\n\t\t\t\t\t<rs-slides style=\"overflow: hidden; position: absolute;\">\n\t\t\t\t\t\t<rs-slide style=\"position: absolute;\" data-key=\"rs-72\" data-title=\"Slide\" data-in=\"o:0;\" data-out=\"a:false;\">\n\t\t\t\t\t\t\t<img decoding=\"async\" src=\"\/\/tacse.es\/wp-content\/plugins\/revslider\/sr6\/assets\/assets\/dummy.png\" alt=\"Slide\" title=\"PANELA ASPA-FLECHA\" class=\"rev-slidebg tp-rs-img rs-lazyload\" data-lazyload=\"\/\/tacse.es\/wp-content\/plugins\/revslider\/sr6\/assets\/assets\/transparent.png\" data-no-retina>\n<!--\n\t\t\t\t\t\t\t--><a\n\t\t\t\t\t\t\t\tid=\"slider-40-slide-72-layer-0\" \n\t\t\t\t\t\t\t\tclass=\"rs-layer rev-btn\"\n\t\t\t\t\t\t\t\thref=\"https:\/\/tacse.es\/en\/category-semaphores\/\" target=\"_self\"\n\t\t\t\t\t\t\t\tdata-type=\"button\"\n\t\t\t\t\t\t\t\tdata-color=\"#008c5f\"\n\t\t\t\t\t\t\t\tdata-rsp_ch=\"on\"\n\t\t\t\t\t\t\t\tdata-xy=\"xo:102px,102px,102px,145px;yo:2px,2px,2px,22px;\"\n\t\t\t\t\t\t\t\tdata-text=\"w:normal;s:11;l:30;ls:3px,3px,3px,0px;fw:700;\"\n\t\t\t\t\t\t\t\tdata-dim=\"minh:0px,0px,0px,none;\"\n\t\t\t\t\t\t\t\tdata-padding=\"r:25,25,25,10;l:25,25,25,10;\"\n\t\t\t\t\t\t\t\tdata-border=\"bos:solid;boc:#008c5f;bow:1px,1px,1px,1px;\"\n\t\t\t\t\t\t\t\tdata-frame_999=\"o:0;st:w;\"\n\t\t\t\t\t\t\t\tdata-frame_hover=\"c:#0c0c0c;bgc:rgba(0,0,0,0);boc:#000;bor:0px,0px,0px,0px;bos:solid;bow:1px,1px,1px,1px;e:power1.inOut;\"\n\t\t\t\t\t\t\t\tstyle=\"z-index:17;font-family:'Roboto';\"\n\t\t\t\t\t\t\t>TRAFFIC LIGHTS \n\t\t\t\t\t\t\t<\/a><!--\n\n\t\t\t\t\t\t\t--><a\n\t\t\t\t\t\t\t\tid=\"slider-40-slide-72-layer-1\" \n\t\t\t\t\t\t\t\tclass=\"rs-layer rev-btn\"\n\t\t\t\t\t\t\t\thref=\"https:\/\/tacse.es\/en\/category-opticians\/\" target=\"_self\"\n\t\t\t\t\t\t\t\tdata-type=\"button\"\n\t\t\t\t\t\t\t\tdata-color=\"#008c5f\"\n\t\t\t\t\t\t\t\tdata-rsp_ch=\"on\"\n\t\t\t\t\t\t\t\tdata-xy=\"xo:343px,343px,343px,256px;yo:2px,2px,2px,23px;\"\n\t\t\t\t\t\t\t\tdata-text=\"w:normal;s:11;l:30;ls:3px,3px,3px,0px;fw:700;\"\n\t\t\t\t\t\t\t\tdata-dim=\"minh:0px,0px,0px,none;\"\n\t\t\t\t\t\t\t\tdata-padding=\"r:25,25,25,10;l:25,25,25,10;\"\n\t\t\t\t\t\t\t\tdata-border=\"bos:solid;boc:#008c5f;bow:1px,1px,1px,1px;\"\n\t\t\t\t\t\t\t\tdata-frame_999=\"o:0;st:w;\"\n\t\t\t\t\t\t\t\tdata-frame_hover=\"c:#0c0c0c;bgc:rgba(0,0,0,0);boc:#000;bor:0px,0px,0px,0px;bos:solid;bow:1px,1px,1px,1px;e:power1.inOut;\"\n\t\t\t\t\t\t\t\tstyle=\"z-index:16;font-family:'Roboto';\"\n\t\t\t\t\t\t\t>LED OPTICS \n\t\t\t\t\t\t\t<\/a><!--\n\n\t\t\t\t\t\t\t--><a\n\t\t\t\t\t\t\t\tid=\"slider-40-slide-72-layer-2\" \n\t\t\t\t\t\t\t\tclass=\"rs-layer rev-btn\"\n\t\t\t\t\t\t\t\thref=\"https:\/\/tacse.es\/en\/category-push-buttonspeatons\/\" target=\"_self\"\n\t\t\t\t\t\t\t\tdata-type=\"button\"\n\t\t\t\t\t\t\t\tdata-color=\"#008c5f\"\n\t\t\t\t\t\t\t\tdata-rsp_ch=\"on\"\n\t\t\t\t\t\t\t\tdata-xy=\"xo:552px,552px,552px,25px;yo:2px,2px,2px,66px;\"\n\t\t\t\t\t\t\t\tdata-text=\"w:normal;s:11;l:30;ls:3px,3px,3px,0px;fw:700;\"\n\t\t\t\t\t\t\t\tdata-dim=\"minh:0px,0px,0px,none;\"\n\t\t\t\t\t\t\t\tdata-padding=\"r:25,25,25,10;l:25,25,25,10;\"\n\t\t\t\t\t\t\t\tdata-border=\"bos:solid;boc:#008c5f;bow:1px,1px,1px,1px;\"\n\t\t\t\t\t\t\t\tdata-frame_999=\"o:0;st:w;\"\n\t\t\t\t\t\t\t\tdata-frame_hover=\"c:#0c0c0c;bgc:rgba(0,0,0,0);boc:#000;bor:0px,0px,0px,0px;bos:solid;bow:1px,1px,1px,1px;e:power1.inOut;\"\n\t\t\t\t\t\t\t\tstyle=\"z-index:15;font-family:'Roboto';\"\n\t\t\t\t\t\t\t>PEDESTRIAN BUTTONS<br \/>\n \n\t\t\t\t\t\t\t<\/a><!--\n\n\t\t\t\t\t\t\t--><a\n\t\t\t\t\t\t\t\tid=\"slider-40-slide-72-layer-3\" \n\t\t\t\t\t\t\t\tclass=\"rs-layer rev-btn\"\n\t\t\t\t\t\t\t\thref=\"https:\/\/tacse.es\/en\/category-traffic-controllers\/\" target=\"_self\"\n\t\t\t\t\t\t\t\tdata-type=\"button\"\n\t\t\t\t\t\t\t\tdata-color=\"#008c5f\"\n\t\t\t\t\t\t\t\tdata-rsp_ch=\"on\"\n\t\t\t\t\t\t\t\tdata-xy=\"xo:847px,847px,847px,256px;yo:2px,2px,2px,66px;\"\n\t\t\t\t\t\t\t\tdata-text=\"w:normal;s:11;l:30;ls:3px,3px,3px,0px;fw:700;\"\n\t\t\t\t\t\t\t\tdata-dim=\"minh:0px,0px,0px,none;\"\n\t\t\t\t\t\t\t\tdata-padding=\"r:25,25,25,10;l:25,25,25,10;\"\n\t\t\t\t\t\t\t\tdata-border=\"bos:solid;boc:#008c5f;bow:1px,1px,1px,1px;\"\n\t\t\t\t\t\t\t\tdata-frame_999=\"o:0;st:w;\"\n\t\t\t\t\t\t\t\tdata-frame_hover=\"c:#0c0c0c;bgc:rgba(0,0,0,0);boc:#000;bor:0px,0px,0px,0px;bos:solid;bow:1px,1px,1px,1px;e:power1.inOut;\"\n\t\t\t\t\t\t\t\tstyle=\"z-index:14;font-family:'Roboto';\"\n\t\t\t\t\t\t\t>TRAFFIC CONTROLLERS \n\t\t\t\t\t\t\t<\/a><!--\n\n\t\t\t\t\t\t\t--><a\n\t\t\t\t\t\t\t\tid=\"slider-40-slide-72-layer-4\" \n\t\t\t\t\t\t\t\tclass=\"rs-layer rev-btn\"\n\t\t\t\t\t\t\t\thref=\"https:\/\/tacse.es\/en\/category-led-panels\/\" target=\"_self\"\n\t\t\t\t\t\t\t\tdata-type=\"button\"\n\t\t\t\t\t\t\t\tdata-color=\"#008c5f\"\n\t\t\t\t\t\t\t\tdata-rsp_ch=\"on\"\n\t\t\t\t\t\t\t\tdata-xy=\"xo:310px,310px,310px,257px;yo:47px,47px,47px,114px;\"\n\t\t\t\t\t\t\t\tdata-text=\"w:normal;s:11;l:30;ls:3px,3px,3px,0px;fw:700;\"\n\t\t\t\t\t\t\t\tdata-dim=\"minh:0px,0px,0px,none;\"\n\t\t\t\t\t\t\t\tdata-padding=\"r:25,25,25,10;l:25,25,25,10;\"\n\t\t\t\t\t\t\t\tdata-border=\"bos:solid;boc:#008c5f;bow:1px,1px,1px,1px;\"\n\t\t\t\t\t\t\t\tdata-frame_999=\"o:0;st:w;\"\n\t\t\t\t\t\t\t\tdata-frame_hover=\"c:#0c0c0c;bgc:rgba(0,0,0,0);boc:#000;bor:0px,0px,0px,0px;bos:solid;bow:1px,1px,1px,1px;e:power1.inOut;\"\n\t\t\t\t\t\t\t\tstyle=\"z-index:12;font-family:'Roboto';\"\n\t\t\t\t\t\t\t>VARIABLE MESSAGE LED PANELS \n\t\t\t\t\t\t\t<\/a><!--\n\n\t\t\t\t\t\t\t--><a\n\t\t\t\t\t\t\t\tid=\"slider-40-slide-72-layer-5\" \n\t\t\t\t\t\t\t\tclass=\"rs-layer rev-btn\"\n\t\t\t\t\t\t\t\thref=\"https:\/\/tacse.es\/en\/category-disconnectors\/\" target=\"_self\"\n\t\t\t\t\t\t\t\tdata-type=\"button\"\n\t\t\t\t\t\t\t\tdata-color=\"#008c5f\"\n\t\t\t\t\t\t\t\tdata-rsp_ch=\"on\"\n\t\t\t\t\t\t\t\tdata-xy=\"xo:622px,622px,622px,118px;yo:47px,47px,47px,160px;\"\n\t\t\t\t\t\t\t\tdata-text=\"w:normal;s:11;l:30;ls:3px,3px,3px,0px;fw:700;\"\n\t\t\t\t\t\t\t\tdata-dim=\"minh:0px,0px,0px,none;\"\n\t\t\t\t\t\t\t\tdata-padding=\"r:25,25,25,10;l:25,25,25,10;\"\n\t\t\t\t\t\t\t\tdata-border=\"bos:solid;boc:#008c5f;bow:1px,1px,1px,1px;\"\n\t\t\t\t\t\t\t\tdata-frame_999=\"o:0;st:w;\"\n\t\t\t\t\t\t\t\tdata-frame_hover=\"c:#0c0c0c;bgc:rgba(0,0,0,0);boc:#000;bor:0px,0px,0px,0px;bos:solid;bow:1px,1px,1px,1px;e:power1.inOut;\"\n\t\t\t\t\t\t\t\tstyle=\"z-index:11;font-family:'Roboto';\"\n\t\t\t\t\t\t\t>DISCOUNTERS  \n\t\t\t\t\t\t\t<\/a><!--\n\n\t\t\t\t\t\t\t--><a\n\t\t\t\t\t\t\t\tid=\"slider-40-slide-72-layer-6\" \n\t\t\t\t\t\t\t\tclass=\"rs-layer rev-btn\"\n\t\t\t\t\t\t\t\thref=\"https:\/\/tacse.es\/en\/category-accessories-for-traffic-lights\/\" target=\"_self\"\n\t\t\t\t\t\t\t\tdata-type=\"button\"\n\t\t\t\t\t\t\t\tdata-color=\"#008c5f\"\n\t\t\t\t\t\t\t\tdata-rsp_ch=\"on\"\n\t\t\t\t\t\t\t\tdata-xy=\"xo:789px,789px,789px,256px;yo:47px,47px,47px,160px;\"\n\t\t\t\t\t\t\t\tdata-text=\"w:normal;s:11;l:30;ls:3px,3px,3px,0px;fw:700;\"\n\t\t\t\t\t\t\t\tdata-dim=\"minh:0px,0px,0px,none;\"\n\t\t\t\t\t\t\t\tdata-padding=\"r:25,25,25,10;l:25,25,25,10;\"\n\t\t\t\t\t\t\t\tdata-border=\"bos:solid;boc:#008c5f;bow:1px,1px,1px,1px;\"\n\t\t\t\t\t\t\t\tdata-frame_999=\"o:0;st:w;\"\n\t\t\t\t\t\t\t\tdata-frame_hover=\"c:#0c0c0c;bgc:rgba(0,0,0,0);boc:#000;bor:0px,0px,0px,0px;bos:solid;bow:1px,1px,1px,1px;e:power1.inOut;\"\n\t\t\t\t\t\t\t\tstyle=\"z-index:10;font-family:'Roboto';\"\n\t\t\t\t\t\t\t>TRAFFIC LIGHTS ACCESSORIES \n\t\t\t\t\t\t\t<\/a><!--\n\n\t\t\t\t\t\t\t--><a\n\t\t\t\t\t\t\t\tid=\"slider-40-slide-72-layer-7\" \n\t\t\t\t\t\t\t\tclass=\"rs-layer rev-btn\"\n\t\t\t\t\t\t\t\thref=\"https:\/\/tacse.es\/en\/category-trailroad-crossing-signs\/\" target=\"_self\"\n\t\t\t\t\t\t\t\tdata-type=\"button\"\n\t\t\t\t\t\t\t\tdata-color=\"#008c5f\"\n\t\t\t\t\t\t\t\tdata-rsp_ch=\"on\"\n\t\t\t\t\t\t\t\tdata-xy=\"xo:101px,101px,101px,91px;yo:93px,93px,93px,207px;\"\n\t\t\t\t\t\t\t\tdata-text=\"w:normal;s:11;l:30;ls:3px,3px,3px,0px;fw:700;\"\n\t\t\t\t\t\t\t\tdata-dim=\"minh:0px,0px,0px,none;\"\n\t\t\t\t\t\t\t\tdata-padding=\"r:25,25,25,10;l:25,25,25,10;\"\n\t\t\t\t\t\t\t\tdata-border=\"bos:solid;boc:#008c5f;bow:1px,1px,1px,1px;\"\n\t\t\t\t\t\t\t\tdata-frame_999=\"o:0;st:w;\"\n\t\t\t\t\t\t\t\tdata-frame_hover=\"c:#0c0c0c;bgc:rgba(0,0,0,0);boc:#000;bor:0px,0px,0px,0px;bos:solid;bow:1px,1px,1px,1px;e:power1.inOut;\"\n\t\t\t\t\t\t\t\tstyle=\"z-index:9;font-family:'Roboto';\"\n\t\t\t\t\t\t\t>RAILWAY SIGNALS \n\t\t\t\t\t\t\t<\/a><!--\n\n\t\t\t\t\t\t\t--><a\n\t\t\t\t\t\t\t\tid=\"slider-40-slide-72-layer-8\" \n\t\t\t\t\t\t\t\tclass=\"rs-layer rev-btn\"\n\t\t\t\t\t\t\t\thref=\"https:\/\/tacse.es\/en\/category-traffic-and-railway-cabinets\/\" target=\"_self\"\n\t\t\t\t\t\t\t\tdata-type=\"button\"\n\t\t\t\t\t\t\t\tdata-color=\"#008c5f\"\n\t\t\t\t\t\t\t\tdata-rsp_ch=\"on\"\n\t\t\t\t\t\t\t\tdata-xy=\"xo:101px,101px,101px,74px;yo:47px,47px,47px,113px;\"\n\t\t\t\t\t\t\t\tdata-text=\"w:normal;s:11;l:30;ls:3px,3px,3px,0px;fw:700;\"\n\t\t\t\t\t\t\t\tdata-dim=\"minh:0px,0px,0px,none;\"\n\t\t\t\t\t\t\t\tdata-padding=\"r:25,25,25,10;l:25,25,25,10;\"\n\t\t\t\t\t\t\t\tdata-border=\"bos:solid;boc:#008c5f;bow:1px,1px,1px,1px;\"\n\t\t\t\t\t\t\t\tdata-frame_999=\"o:0;st:w;\"\n\t\t\t\t\t\t\t\tdata-frame_hover=\"c:#0c0c0c;bgc:rgba(0,0,0,0);boc:#000;bor:0px,0px,0px,0px;bos:solid;bow:1px,1px,1px,1px;e:power1.inOut;\"\n\t\t\t\t\t\t\t\tstyle=\"z-index:13;font-family:'Roboto';\"\n\t\t\t\t\t\t\t>TRAFFIC CABINETS<br \/>\n \n\t\t\t\t\t\t\t<\/a><!--\n\n\t\t\t\t\t\t\t--><a\n\t\t\t\t\t\t\t\tid=\"slider-40-slide-72-layer-9\" \n\t\t\t\t\t\t\t\tclass=\"rs-layer rev-btn\"\n\t\t\t\t\t\t\t\thref=\"https:\/\/tacse.es\/en\/category-systems-with-autonomous-dimming\/\" target=\"_self\"\n\t\t\t\t\t\t\t\tdata-type=\"button\"\n\t\t\t\t\t\t\t\tdata-color=\"#008c5f\"\n\t\t\t\t\t\t\t\tdata-rsp_ch=\"on\"\n\t\t\t\t\t\t\t\tdata-xy=\"xo:582px,582px,582px,79px;yo:93px,93px,93px,255px;\"\n\t\t\t\t\t\t\t\tdata-text=\"w:normal;s:11;l:30;ls:3px,3px,3px,0px;fw:700;\"\n\t\t\t\t\t\t\t\tdata-dim=\"minh:0px,0px,0px,none;\"\n\t\t\t\t\t\t\t\tdata-padding=\"r:25,25,25,10;l:25,25,25,10;\"\n\t\t\t\t\t\t\t\tdata-border=\"bos:solid;boc:#008c5f;bow:1px,1px,1px,1px;\"\n\t\t\t\t\t\t\t\tdata-frame_999=\"o:0;st:w;\"\n\t\t\t\t\t\t\t\tdata-frame_hover=\"c:#0c0c0c;bgc:rgba(0,0,0,0);boc:#000;bor:0px,0px,0px,0px;bos:solid;bow:1px,1px,1px,1px;e:power1.inOut;\"\n\t\t\t\t\t\t\t\tstyle=\"z-index:8;font-family:'Roboto';\"\n\t\t\t\t\t\t\t>AUTONOMOUS DIMMING \n\t\t\t\t\t\t\t<\/a><!--\n\n\t\t\t\t\t\t\t--><a\n\t\t\t\t\t\t\t\tid=\"slider-40-slide-72-layer-10\" \n\t\t\t\t\t\t\t\tclass=\"rs-layer rev-btn\"\n\t\t\t\t\t\t\t\thref=\"https:\/\/tacse.es\/en\/category-acoustic-systems-for-the-blind-sai\/\" target=\"_self\"\n\t\t\t\t\t\t\t\tdata-type=\"button\"\n\t\t\t\t\t\t\t\tdata-color=\"#008c5f\"\n\t\t\t\t\t\t\t\tdata-rsp_ch=\"on\"\n\t\t\t\t\t\t\t\tdata-xy=\"xo:308px,308px,308px,256px;yo:93px,93px,93px,208px;\"\n\t\t\t\t\t\t\t\tdata-text=\"w:normal;s:11;l:30;ls:3px,3px,3px,0px;fw:700;\"\n\t\t\t\t\t\t\t\tdata-dim=\"minh:0px,0px,0px,none;\"\n\t\t\t\t\t\t\t\tdata-padding=\"r:25,25,25,10;l:25,25,25,10;\"\n\t\t\t\t\t\t\t\tdata-border=\"bos:solid;boc:#008c5f;bow:1px,1px,1px,1px;\"\n\t\t\t\t\t\t\t\tdata-frame_999=\"o:0;st:w;\"\n\t\t\t\t\t\t\t\tdata-frame_hover=\"c:#0c0c0c;bgc:rgba(0,0,0,0);boc:#000;bor:0px,0px,0px,0px;bos:solid;bow:1px,1px,1px,1px;e:power1.inOut;\"\n\t\t\t\t\t\t\t\tstyle=\"z-index:6;font-family:'Roboto';\"\n\t\t\t\t\t\t\t>ACOUSTIC SYSTEMS (SAI) \n\t\t\t\t\t\t\t<\/a><!--\n\n\t\t\t\t\t\t\t--><a\n\t\t\t\t\t\t\t\tid=\"slider-40-slide-72-layer-11\" \n\t\t\t\t\t\t\t\tclass=\"rs-layer rev-btn\"\n\t\t\t\t\t\t\t\thref=\"https:\/\/tacse.es\/en\/category-special-traffic-lights\/\" target=\"_self\"\n\t\t\t\t\t\t\t\tdata-type=\"button\"\n\t\t\t\t\t\t\t\tdata-color=\"#008c5f\"\n\t\t\t\t\t\t\t\tdata-rsp_ch=\"on\"\n\t\t\t\t\t\t\t\tdata-xy=\"xo:830px,830px,830px,258px;yo:93px,93px,93px,255px;\"\n\t\t\t\t\t\t\t\tdata-text=\"w:normal;s:11;l:30;ls:3px,3px,3px,0px;fw:700;\"\n\t\t\t\t\t\t\t\tdata-dim=\"minh:0px,0px,0px,none;\"\n\t\t\t\t\t\t\t\tdata-padding=\"r:25,25,25,10;l:25,25,25,10;\"\n\t\t\t\t\t\t\t\tdata-border=\"bos:solid;boc:#008c5f;bow:1px,1px,1px,1px;\"\n\t\t\t\t\t\t\t\tdata-frame_999=\"o:0;st:w;\"\n\t\t\t\t\t\t\t\tdata-frame_hover=\"c:#0c0c0c;bgc:rgba(0,0,0,0);boc:#000;bor:0px,0px,0px,0px;bos:solid;bow:1px,1px,1px,1px;e:power1.inOut;\"\n\t\t\t\t\t\t\t\tstyle=\"z-index:7;font-family:'Roboto';\"\n\t\t\t\t\t\t\t>SPECIAL TRAFFIC LIGHTS <br \/>\n \n\t\t\t\t\t\t\t<\/a><!--\n-->\t\t\t\t\t<\/rs-slide>\n\t\t\t\t\t<\/rs-slides>\n\t\t\t\t<\/rs-module>\n\t\t\t\t<script>\n\t\t\t\t\tsetREVStartSize({c: 'rev_slider_40_1',rl:[1240,1240,1240,480],el:[140,140,140,320],gw:[1240,1240,1240,480],gh:[140,140,140,320],type:'standard',justify:'',layout:'fullwidth',mh:\"0\"});if (window.RS_MODULES!==undefined && window.RS_MODULES.modules!==undefined && window.RS_MODULES.modules[\"revslider401\"]!==undefined) {window.RS_MODULES.modules[\"revslider401\"].once = false;window.revapi40 = undefined;if (window.RS_MODULES.checkMinimal!==undefined) window.RS_MODULES.checkMinimal()}\n\t\t\t\t<\/script>\n\t\t\t<\/rs-module-wrap>\n\t\t\t<!-- END REVOLUTION SLIDER -->\n<\/div>\n\n\t\t\t\t\t\t<\/div>\n\t\t\t\t<\/div>\n\t\t\t\t\t<\/div>\n\t\t\t\t<\/div>\n\t\t\t\t<\/div>\n\t\t","protected":false},"excerpt":{"rendered":"<p>FULMAT PANEL VMS (Variable Message Sign) is a key element in intelligent traffic control systems. PANELA ASPA-FLECHA VMS (Variable Message Sign) is a key element in<span class=\"excerpt-hellip\"> [\u2026]<\/span><\/p>\n","protected":false},"author":4,"featured_media":0,"parent":0,"menu_order":0,"comment_status":"closed","ping_status":"closed","template":"","meta":{"content-type":"","_monsterinsights_skip_tracking":false,"_monsterinsights_sitenote_active":false,"_monsterinsights_sitenote_note":"","_monsterinsights_sitenote_category":0,"footnotes":""},"class_list":["post-18844","page","type-page","status-publish","hentry"],"yoast_head":"<!-- This site is optimized with the Yoast SEO plugin v27.2 - https:\/\/yoast.com\/product\/yoast-seo-wordpress\/ -->\n<title>Category-LED Panels - TACSE - Road &amp; Railway Traffic Signal Solutions<\/title>\n<meta name=\"robots\" content=\"index, follow, max-snippet:-1, max-image-preview:large, max-video-preview:-1\" \/>\n<link rel=\"canonical\" href=\"https:\/\/tacse.es\/en\/category-led-panels\/\" \/>\n<meta property=\"og:locale\" content=\"en_US\" \/>\n<meta property=\"og:type\" content=\"article\" \/>\n<meta property=\"og:title\" content=\"Category-LED Panels - TACSE - Road &amp; Railway Traffic Signal Solutions\" \/>\n<meta property=\"og:description\" content=\"FULMAT PANEL VMS (Variable Message Sign) is a key element in intelligent traffic control systems. PANELA ASPA-FLECHA VMS (Variable Message Sign) is a key element in [\u2026]\" \/>\n<meta property=\"og:url\" content=\"https:\/\/tacse.es\/en\/category-led-panels\/\" \/>\n<meta property=\"og:site_name\" content=\"TACSE - Road &amp; Railway Traffic Signal Solutions\" \/>\n<meta property=\"article:modified_time\" content=\"2024-04-19T10:52:59+00:00\" \/>\n<meta property=\"og:image\" content=\"https:\/\/tacse.es\/wp-content\/uploads\/2024\/02\/PANEL-FULMAT-imagen-destacada.jpg\" \/>\n<meta name=\"twitter:card\" content=\"summary_large_image\" \/>\n<meta name=\"twitter:label1\" content=\"Est. reading time\" \/>\n\t<meta name=\"twitter:data1\" content=\"1 minute\" \/>\n<script type=\"application\/ld+json\" class=\"yoast-schema-graph\">{\"@context\":\"https:\/\/schema.org\",\"@graph\":[{\"@type\":\"WebPage\",\"@id\":\"https:\/\/tacse.es\/en\/category-led-panels\/\",\"url\":\"https:\/\/tacse.es\/en\/category-led-panels\/\",\"name\":\"Category-LED Panels - TACSE - Road &amp; Railway Traffic Signal Solutions\",\"isPartOf\":{\"@id\":\"https:\/\/tacse.es\/en\/#website\"},\"primaryImageOfPage\":{\"@id\":\"https:\/\/tacse.es\/en\/category-led-panels\/#primaryimage\"},\"image\":{\"@id\":\"https:\/\/tacse.es\/en\/category-led-panels\/#primaryimage\"},\"thumbnailUrl\":\"https:\/\/tacse.es\/wp-content\/uploads\/2024\/02\/PANEL-FULMAT-imagen-destacada.jpg\",\"datePublished\":\"2024-02-16T01:41:40+00:00\",\"dateModified\":\"2024-04-19T10:52:59+00:00\",\"inLanguage\":\"en-US\",\"potentialAction\":[{\"@type\":\"ReadAction\",\"target\":[\"https:\/\/tacse.es\/en\/category-led-panels\/\"]}]},{\"@type\":\"ImageObject\",\"inLanguage\":\"en-US\",\"@id\":\"https:\/\/tacse.es\/en\/category-led-panels\/#primaryimage\",\"url\":\"https:\/\/tacse.es\/wp-content\/uploads\/2024\/02\/PANEL-FULMAT-imagen-destacada.jpg\",\"contentUrl\":\"https:\/\/tacse.es\/wp-content\/uploads\/2024\/02\/PANEL-FULMAT-imagen-destacada.jpg\"},{\"@type\":\"WebSite\",\"@id\":\"https:\/\/tacse.es\/en\/#website\",\"url\":\"https:\/\/tacse.es\/en\/\",\"name\":\"TACSE - Road &amp; Railway Traffic Signal Solutions\",\"description\":\"Desarrollar soluciones eficientes para el mundo de la se\u00f1alizaci\u00f3n, optimizando el proceso de fabricaci\u00f3n para tener un menor impacto en el medio ambiente.\",\"potentialAction\":[{\"@type\":\"SearchAction\",\"target\":{\"@type\":\"EntryPoint\",\"urlTemplate\":\"https:\/\/tacse.es\/en\/?s={search_term_string}\"},\"query-input\":{\"@type\":\"PropertyValueSpecification\",\"valueRequired\":true,\"valueName\":\"search_term_string\"}}],\"inLanguage\":\"en-US\"}]}<\/script>\n<!-- \/ Yoast SEO plugin. -->","yoast_head_json":{"title":"Category-LED Panels - TACSE - Road &amp; Railway Traffic Signal Solutions","robots":{"index":"index","follow":"follow","max-snippet":"max-snippet:-1","max-image-preview":"max-image-preview:large","max-video-preview":"max-video-preview:-1"},"canonical":"https:\/\/tacse.es\/en\/category-led-panels\/","og_locale":"en_US","og_type":"article","og_title":"Category-LED Panels - TACSE - Road &amp; Railway Traffic Signal Solutions","og_description":"FULMAT PANEL VMS (Variable Message Sign) is a key element in intelligent traffic control systems. PANELA ASPA-FLECHA VMS (Variable Message Sign) is a key element in [\u2026]","og_url":"https:\/\/tacse.es\/en\/category-led-panels\/","og_site_name":"TACSE - Road &amp; Railway Traffic Signal Solutions","article_modified_time":"2024-04-19T10:52:59+00:00","og_image":[{"url":"https:\/\/tacse.es\/wp-content\/uploads\/2024\/02\/PANEL-FULMAT-imagen-destacada.jpg","type":"","width":"","height":""}],"twitter_card":"summary_large_image","twitter_misc":{"Est. reading time":"1 minute"},"schema":{"@context":"https:\/\/schema.org","@graph":[{"@type":"WebPage","@id":"https:\/\/tacse.es\/en\/category-led-panels\/","url":"https:\/\/tacse.es\/en\/category-led-panels\/","name":"Category-LED Panels - TACSE - Road &amp; Railway Traffic Signal Solutions","isPartOf":{"@id":"https:\/\/tacse.es\/en\/#website"},"primaryImageOfPage":{"@id":"https:\/\/tacse.es\/en\/category-led-panels\/#primaryimage"},"image":{"@id":"https:\/\/tacse.es\/en\/category-led-panels\/#primaryimage"},"thumbnailUrl":"https:\/\/tacse.es\/wp-content\/uploads\/2024\/02\/PANEL-FULMAT-imagen-destacada.jpg","datePublished":"2024-02-16T01:41:40+00:00","dateModified":"2024-04-19T10:52:59+00:00","inLanguage":"en-US","potentialAction":[{"@type":"ReadAction","target":["https:\/\/tacse.es\/en\/category-led-panels\/"]}]},{"@type":"ImageObject","inLanguage":"en-US","@id":"https:\/\/tacse.es\/en\/category-led-panels\/#primaryimage","url":"https:\/\/tacse.es\/wp-content\/uploads\/2024\/02\/PANEL-FULMAT-imagen-destacada.jpg","contentUrl":"https:\/\/tacse.es\/wp-content\/uploads\/2024\/02\/PANEL-FULMAT-imagen-destacada.jpg"},{"@type":"WebSite","@id":"https:\/\/tacse.es\/en\/#website","url":"https:\/\/tacse.es\/en\/","name":"TACSE - Road &amp; Railway Traffic Signal Solutions","description":"Desarrollar soluciones eficientes para el mundo de la se\u00f1alizaci\u00f3n, optimizando el proceso de fabricaci\u00f3n para tener un menor impacto en el medio ambiente.","potentialAction":[{"@type":"SearchAction","target":{"@type":"EntryPoint","urlTemplate":"https:\/\/tacse.es\/en\/?s={search_term_string}"},"query-input":{"@type":"PropertyValueSpecification","valueRequired":true,"valueName":"search_term_string"}}],"inLanguage":"en-US"}]}},"_links":{"self":[{"href":"https:\/\/tacse.es\/en\/wp-json\/wp\/v2\/pages\/18844","targetHints":{"allow":["GET"]}}],"collection":[{"href":"https:\/\/tacse.es\/en\/wp-json\/wp\/v2\/pages"}],"about":[{"href":"https:\/\/tacse.es\/en\/wp-json\/wp\/v2\/types\/page"}],"author":[{"embeddable":true,"href":"https:\/\/tacse.es\/en\/wp-json\/wp\/v2\/users\/4"}],"replies":[{"embeddable":true,"href":"https:\/\/tacse.es\/en\/wp-json\/wp\/v2\/comments?post=18844"}],"version-history":[{"count":4,"href":"https:\/\/tacse.es\/en\/wp-json\/wp\/v2\/pages\/18844\/revisions"}],"predecessor-version":[{"id":19126,"href":"https:\/\/tacse.es\/en\/wp-json\/wp\/v2\/pages\/18844\/revisions\/19126"}],"wp:attachment":[{"href":"https:\/\/tacse.es\/en\/wp-json\/wp\/v2\/media?parent=18844"}],"curies":[{"name":"wp","href":"https:\/\/api.w.org\/{rel}","templated":true}]}}